{"id":49603,"date":"2026-04-18T16:16:14","date_gmt":"2026-04-18T14:16:14","guid":{"rendered":"https:\/\/westjysk-coins.com\/product\/finland-20-markkaa-1879-s-km-9-2-bitkin-612-fr-1-kva-0-01-lille-ks\/"},"modified":"2026-04-18T16:17:51","modified_gmt":"2026-04-18T14:17:51","slug":"finland-20-markkaa-1879-s-km-9-2-bitkin-612-fr-1-kva-0-01-lille-ks","status":"publish","type":"product","link":"https:\/\/westjysk-coins.com\/en\/product\/finland-20-markkaa-1879-s-km-9-2-bitkin-612-fr-1-kva-0-01-lille-ks\/","title":{"rendered":"Finland, 20 markkaa 1879 s, KM 9.2, Bitkin 612, Fr. 1, Kva. 0-01"},"content":{"rendered":"","protected":false},"excerpt":{"rendered":"","protected":false},"featured_media":49524,"comment_status":"closed","ping_status":"closed","template":"","meta":{"_acf_changed":false},"product_brand":[],"product_cat":[352,381,351,359,382,516,350],"product_tag":[],"class_list":{"0":"post-49603","1":"product","2":"type-product","3":"status-publish","4":"has-post-thumbnail","6":"product_cat-all-products","7":"product_cat-bullion-en","8":"product_cat-coins","9":"product_cat-foreign-gold-coins","10":"product_cat-gold","11":"product_cat-finland-en","12":"product_cat-uncategorized","13":"sales-flash-overlay","14":"woocommerce-text-align-center","15":"woocommerce-image-align-center","16":"do-quantity-buttons","18":"first","19":"instock","20":"shipping-taxable","21":"purchasable","22":"product-type-simple"},"acf":[],"yoast_head":"<!-- This site is optimized with the Yoast SEO plugin v26.8 - https:\/\/yoast.com\/product\/yoast-seo-wordpress\/ -->\n<title>Finland, 20 markkaa 1879 s, KM 9.2, Bitkin 612, Fr. 1, Kva. 0-01 | Westjysk Coins<\/title>\n<meta name=\"robots\" content=\"index, follow, max-snippet:-1, max-image-preview:large, max-video-preview:-1\" \/>\n<link rel=\"canonical\" href=\"https:\/\/westjysk-coins.com\/en\/product\/finland-20-markkaa-1879-s-km-9-2-bitkin-612-fr-1-kva-0-01-lille-ks\/\" \/>\n<meta property=\"og:locale\" content=\"en_US\" \/>\n<meta property=\"og:type\" content=\"article\" \/>\n<meta property=\"og:title\" content=\"Finland, 20 markkaa 1879 s, KM 9.2, Bitkin 612, Fr. 1, Kva. 0-01 | Westjysk Coins\" \/>\n<meta property=\"og:url\" content=\"https:\/\/westjysk-coins.com\/en\/product\/finland-20-markkaa-1879-s-km-9-2-bitkin-612-fr-1-kva-0-01-lille-ks\/\" \/>\n<meta property=\"og:site_name\" content=\"Westjysk Coins\" \/>\n<meta property=\"article:modified_time\" content=\"2026-04-18T14:17:51+00:00\" \/>\n<meta property=\"og:image\" content=\"https:\/\/westjysk-coins.com\/wp-content\/uploads\/2026\/04\/IMG_0401-Photoroom.jpeg\" \/>\n\t<meta property=\"og:image:width\" content=\"1512\" \/>\n\t<meta property=\"og:image:height\" content=\"1512\" \/>\n\t<meta property=\"og:image:type\" content=\"image\/jpeg\" \/>\n<meta name=\"twitter:card\" content=\"summary_large_image\" \/>\n<script type=\"application\/ld+json\" class=\"yoast-schema-graph\">{\"@context\":\"https:\/\/schema.org\",\"@graph\":[{\"@type\":\"WebPage\",\"@id\":\"https:\/\/westjysk-coins.com\/en\/product\/finland-20-markkaa-1879-s-km-9-2-bitkin-612-fr-1-kva-0-01-lille-ks\/\",\"url\":\"https:\/\/westjysk-coins.com\/en\/product\/finland-20-markkaa-1879-s-km-9-2-bitkin-612-fr-1-kva-0-01-lille-ks\/\",\"name\":\"Finland, 20 markkaa 1879 s, KM 9.2, Bitkin 612, Fr. 1, Kva. 0-01 | Westjysk Coins\",\"isPartOf\":{\"@id\":\"https:\/\/westjysk-coins.webserver1.dk\/#website\"},\"primaryImageOfPage\":{\"@id\":\"https:\/\/westjysk-coins.com\/en\/product\/finland-20-markkaa-1879-s-km-9-2-bitkin-612-fr-1-kva-0-01-lille-ks\/#primaryimage\"},\"image\":{\"@id\":\"https:\/\/westjysk-coins.com\/en\/product\/finland-20-markkaa-1879-s-km-9-2-bitkin-612-fr-1-kva-0-01-lille-ks\/#primaryimage\"},\"thumbnailUrl\":\"https:\/\/westjysk-coins.com\/wp-content\/uploads\/2026\/04\/IMG_0401-Photoroom.jpeg\",\"datePublished\":\"2026-04-18T14:16:14+00:00\",\"dateModified\":\"2026-04-18T14:17:51+00:00\",\"breadcrumb\":{\"@id\":\"https:\/\/westjysk-coins.com\/en\/product\/finland-20-markkaa-1879-s-km-9-2-bitkin-612-fr-1-kva-0-01-lille-ks\/#breadcrumb\"},\"inLanguage\":\"en-US\",\"potentialAction\":[{\"@type\":\"ReadAction\",\"target\":[\"https:\/\/westjysk-coins.com\/en\/product\/finland-20-markkaa-1879-s-km-9-2-bitkin-612-fr-1-kva-0-01-lille-ks\/\"]}]},{\"@type\":\"ImageObject\",\"inLanguage\":\"en-US\",\"@id\":\"https:\/\/westjysk-coins.com\/en\/product\/finland-20-markkaa-1879-s-km-9-2-bitkin-612-fr-1-kva-0-01-lille-ks\/#primaryimage\",\"url\":\"https:\/\/westjysk-coins.com\/wp-content\/uploads\/2026\/04\/IMG_0401-Photoroom.jpeg\",\"contentUrl\":\"https:\/\/westjysk-coins.com\/wp-content\/uploads\/2026\/04\/IMG_0401-Photoroom.jpeg\",\"width\":1512,\"height\":1512},{\"@type\":\"BreadcrumbList\",\"@id\":\"https:\/\/westjysk-coins.com\/en\/product\/finland-20-markkaa-1879-s-km-9-2-bitkin-612-fr-1-kva-0-01-lille-ks\/#breadcrumb\",\"itemListElement\":[{\"@type\":\"ListItem\",\"position\":1,\"name\":\"Forside\",\"item\":\"https:\/\/westjysk-coins.com\/\"},{\"@type\":\"ListItem\",\"position\":2,\"name\":\"Shop\",\"item\":\"https:\/\/westjysk-coins.com\/en\/shop\/\"},{\"@type\":\"ListItem\",\"position\":3,\"name\":\"Finland, 20 markkaa 1879 s, KM 9.2, Bitkin 612, Fr. 1, Kva. 0-01\"}]},{\"@type\":\"WebSite\",\"@id\":\"https:\/\/westjysk-coins.webserver1.dk\/#website\",\"url\":\"https:\/\/westjysk-coins.webserver1.dk\/\",\"name\":\"Westjysk Coins\",\"description\":\"K\u00f8b, salg og vurderinger af gamle m\u00f8nter, sedler, guld og s\u00f8lv, b\u00e5de danske og udlandske\",\"publisher\":{\"@id\":\"https:\/\/westjysk-coins.webserver1.dk\/#organization\"},\"potentialAction\":[{\"@type\":\"SearchAction\",\"target\":{\"@type\":\"EntryPoint\",\"urlTemplate\":\"https:\/\/westjysk-coins.webserver1.dk\/?s={search_term_string}\"},\"query-input\":{\"@type\":\"PropertyValueSpecification\",\"valueRequired\":true,\"valueName\":\"search_term_string\"}}],\"inLanguage\":\"en-US\"},{\"@type\":\"Organization\",\"@id\":\"https:\/\/westjysk-coins.webserver1.dk\/#organization\",\"name\":\"Westjysk Coins\",\"url\":\"https:\/\/westjysk-coins.webserver1.dk\/\",\"logo\":{\"@type\":\"ImageObject\",\"inLanguage\":\"en-US\",\"@id\":\"https:\/\/westjysk-coins.webserver1.dk\/#\/schema\/logo\/image\/\",\"url\":\"https:\/\/westjysk-coins.com\/wp-content\/uploads\/2024\/01\/westjysk-logo.svg\",\"contentUrl\":\"https:\/\/westjysk-coins.com\/wp-content\/uploads\/2024\/01\/westjysk-logo.svg\",\"width\":312,\"height\":44,\"caption\":\"Westjysk Coins\"},\"image\":{\"@id\":\"https:\/\/westjysk-coins.webserver1.dk\/#\/schema\/logo\/image\/\"}}]}<\/script>\n<!-- \/ Yoast SEO plugin. -->","yoast_head_json":{"title":"Finland, 20 markkaa 1879 s, KM 9.2, Bitkin 612, Fr. 1, Kva. 0-01 | Westjysk Coins","robots":{"index":"index","follow":"follow","max-snippet":"max-snippet:-1","max-image-preview":"max-image-preview:large","max-video-preview":"max-video-preview:-1"},"canonical":"https:\/\/westjysk-coins.com\/en\/product\/finland-20-markkaa-1879-s-km-9-2-bitkin-612-fr-1-kva-0-01-lille-ks\/","og_locale":"en_US","og_type":"article","og_title":"Finland, 20 markkaa 1879 s, KM 9.2, Bitkin 612, Fr. 1, Kva. 0-01 | Westjysk Coins","og_url":"https:\/\/westjysk-coins.com\/en\/product\/finland-20-markkaa-1879-s-km-9-2-bitkin-612-fr-1-kva-0-01-lille-ks\/","og_site_name":"Westjysk Coins","article_modified_time":"2026-04-18T14:17:51+00:00","og_image":[{"width":1512,"height":1512,"url":"https:\/\/westjysk-coins.com\/wp-content\/uploads\/2026\/04\/IMG_0401-Photoroom.jpeg","type":"image\/jpeg"}],"twitter_card":"summary_large_image","schema":{"@context":"https:\/\/schema.org","@graph":[{"@type":"WebPage","@id":"https:\/\/westjysk-coins.com\/en\/product\/finland-20-markkaa-1879-s-km-9-2-bitkin-612-fr-1-kva-0-01-lille-ks\/","url":"https:\/\/westjysk-coins.com\/en\/product\/finland-20-markkaa-1879-s-km-9-2-bitkin-612-fr-1-kva-0-01-lille-ks\/","name":"Finland, 20 markkaa 1879 s, KM 9.2, Bitkin 612, Fr. 1, Kva. 0-01 | Westjysk Coins","isPartOf":{"@id":"https:\/\/westjysk-coins.webserver1.dk\/#website"},"primaryImageOfPage":{"@id":"https:\/\/westjysk-coins.com\/en\/product\/finland-20-markkaa-1879-s-km-9-2-bitkin-612-fr-1-kva-0-01-lille-ks\/#primaryimage"},"image":{"@id":"https:\/\/westjysk-coins.com\/en\/product\/finland-20-markkaa-1879-s-km-9-2-bitkin-612-fr-1-kva-0-01-lille-ks\/#primaryimage"},"thumbnailUrl":"https:\/\/westjysk-coins.com\/wp-content\/uploads\/2026\/04\/IMG_0401-Photoroom.jpeg","datePublished":"2026-04-18T14:16:14+00:00","dateModified":"2026-04-18T14:17:51+00:00","breadcrumb":{"@id":"https:\/\/westjysk-coins.com\/en\/product\/finland-20-markkaa-1879-s-km-9-2-bitkin-612-fr-1-kva-0-01-lille-ks\/#breadcrumb"},"inLanguage":"en-US","potentialAction":[{"@type":"ReadAction","target":["https:\/\/westjysk-coins.com\/en\/product\/finland-20-markkaa-1879-s-km-9-2-bitkin-612-fr-1-kva-0-01-lille-ks\/"]}]},{"@type":"ImageObject","inLanguage":"en-US","@id":"https:\/\/westjysk-coins.com\/en\/product\/finland-20-markkaa-1879-s-km-9-2-bitkin-612-fr-1-kva-0-01-lille-ks\/#primaryimage","url":"https:\/\/westjysk-coins.com\/wp-content\/uploads\/2026\/04\/IMG_0401-Photoroom.jpeg","contentUrl":"https:\/\/westjysk-coins.com\/wp-content\/uploads\/2026\/04\/IMG_0401-Photoroom.jpeg","width":1512,"height":1512},{"@type":"BreadcrumbList","@id":"https:\/\/westjysk-coins.com\/en\/product\/finland-20-markkaa-1879-s-km-9-2-bitkin-612-fr-1-kva-0-01-lille-ks\/#breadcrumb","itemListElement":[{"@type":"ListItem","position":1,"name":"Forside","item":"https:\/\/westjysk-coins.com\/"},{"@type":"ListItem","position":2,"name":"Shop","item":"https:\/\/westjysk-coins.com\/en\/shop\/"},{"@type":"ListItem","position":3,"name":"Finland, 20 markkaa 1879 s, KM 9.2, Bitkin 612, Fr. 1, Kva. 0-01"}]},{"@type":"WebSite","@id":"https:\/\/westjysk-coins.webserver1.dk\/#website","url":"https:\/\/westjysk-coins.webserver1.dk\/","name":"Westjysk Coins","description":"K\u00f8b, salg og vurderinger af gamle m\u00f8nter, sedler, guld og s\u00f8lv, b\u00e5de danske og udlandske","publisher":{"@id":"https:\/\/westjysk-coins.webserver1.dk\/#organization"},"potentialAction":[{"@type":"SearchAction","target":{"@type":"EntryPoint","urlTemplate":"https:\/\/westjysk-coins.webserver1.dk\/?s={search_term_string}"},"query-input":{"@type":"PropertyValueSpecification","valueRequired":true,"valueName":"search_term_string"}}],"inLanguage":"en-US"},{"@type":"Organization","@id":"https:\/\/westjysk-coins.webserver1.dk\/#organization","name":"Westjysk Coins","url":"https:\/\/westjysk-coins.webserver1.dk\/","logo":{"@type":"ImageObject","inLanguage":"en-US","@id":"https:\/\/westjysk-coins.webserver1.dk\/#\/schema\/logo\/image\/","url":"https:\/\/westjysk-coins.com\/wp-content\/uploads\/2024\/01\/westjysk-logo.svg","contentUrl":"https:\/\/westjysk-coins.com\/wp-content\/uploads\/2024\/01\/westjysk-logo.svg","width":312,"height":44,"caption":"Westjysk Coins"},"image":{"@id":"https:\/\/westjysk-coins.webserver1.dk\/#\/schema\/logo\/image\/"}}]}},"_links":{"self":[{"href":"https:\/\/westjysk-coins.com\/en\/wp-json\/wp\/v2\/product\/49603","targetHints":{"allow":["GET"]}}],"collection":[{"href":"https:\/\/westjysk-coins.com\/en\/wp-json\/wp\/v2\/product"}],"about":[{"href":"https:\/\/westjysk-coins.com\/en\/wp-json\/wp\/v2\/types\/product"}],"replies":[{"embeddable":true,"href":"https:\/\/westjysk-coins.com\/en\/wp-json\/wp\/v2\/comments?post=49603"}],"wp:featuredmedia":[{"embeddable":true,"href":"https:\/\/westjysk-coins.com\/en\/wp-json\/wp\/v2\/media\/49524"}],"wp:attachment":[{"href":"https:\/\/westjysk-coins.com\/en\/wp-json\/wp\/v2\/media?parent=49603"}],"wp:term":[{"taxonomy":"product_brand","embeddable":true,"href":"https:\/\/westjysk-coins.com\/en\/wp-json\/wp\/v2\/product_brand?post=49603"},{"taxonomy":"product_cat","embeddable":true,"href":"https:\/\/westjysk-coins.com\/en\/wp-json\/wp\/v2\/product_cat?post=49603"},{"taxonomy":"product_tag","embeddable":true,"href":"https:\/\/westjysk-coins.com\/en\/wp-json\/wp\/v2\/product_tag?post=49603"}],"curies":[{"name":"wp","href":"https:\/\/api.w.org\/{rel}","templated":true}]}}