{"id":48928,"date":"2026-03-16T13:21:25","date_gmt":"2026-03-16T12:21:25","guid":{"rendered":"https:\/\/westjysk-coins.com\/product\/guldbar-5-gram-9999-schoene-edelmetaal-b-v-danmarks-kultarskat-nr-35-500\/"},"modified":"2026-03-16T13:21:25","modified_gmt":"2026-03-16T12:21:25","slug":"guldbar-5-gram-9999-schoene-edelmetaal-b-v-danmarks-kultarskat-nr-35-500","status":"publish","type":"product","link":"https:\/\/westjysk-coins.com\/en\/product\/guldbar-5-gram-9999-schoene-edelmetaal-b-v-danmarks-kultarskat-nr-35-500\/","title":{"rendered":"Guldbar, 5 gram, 999,9, Sch\u00f6ne Edelmetaal B.V, Danmarks Kultarskat, Nr. 35\/500."},"content":{"rendered":"","protected":false},"excerpt":{"rendered":"","protected":false},"featured_media":48813,"comment_status":"closed","ping_status":"closed","template":"","meta":{"_acf_changed":false},"product_brand":[],"product_cat":[352,381,382],"product_tag":[],"class_list":{"0":"post-48928","1":"product","2":"type-product","3":"status-publish","4":"has-post-thumbnail","6":"product_cat-all-products","7":"product_cat-bullion-en","8":"product_cat-gold","9":"sales-flash-overlay","10":"woocommerce-text-align-center","11":"woocommerce-image-align-center","12":"do-quantity-buttons","14":"first","15":"outofstock","16":"shipping-taxable","17":"purchasable","18":"product-type-simple"},"acf":[],"yoast_head":"<!-- This site is optimized with the Yoast SEO plugin v26.8 - https:\/\/yoast.com\/product\/yoast-seo-wordpress\/ -->\n<title>Guldbar, 5 gram, 999,9, Sch\u00f6ne Edelmetaal B.V, Danmarks Kultarskat, Nr. 35\/500. | Westjysk Coins<\/title>\n<meta name=\"robots\" content=\"index, follow, max-snippet:-1, max-image-preview:large, max-video-preview:-1\" \/>\n<link rel=\"canonical\" href=\"https:\/\/westjysk-coins.com\/en\/product\/guldbar-5-gram-9999-schoene-edelmetaal-b-v-danmarks-kultarskat-nr-35-500\/\" \/>\n<meta property=\"og:locale\" content=\"en_US\" \/>\n<meta property=\"og:type\" content=\"article\" \/>\n<meta property=\"og:title\" content=\"Guldbar, 5 gram, 999,9, Sch\u00f6ne Edelmetaal B.V, Danmarks Kultarskat, Nr. 35\/500. | Westjysk Coins\" \/>\n<meta property=\"og:url\" content=\"https:\/\/westjysk-coins.com\/en\/product\/guldbar-5-gram-9999-schoene-edelmetaal-b-v-danmarks-kultarskat-nr-35-500\/\" \/>\n<meta property=\"og:site_name\" content=\"Westjysk Coins\" \/>\n<meta name=\"twitter:card\" content=\"summary_large_image\" \/>\n<script type=\"application\/ld+json\" class=\"yoast-schema-graph\">{\"@context\":\"https:\/\/schema.org\",\"@graph\":[{\"@type\":\"WebPage\",\"@id\":\"https:\/\/westjysk-coins.com\/en\/product\/guldbar-5-gram-9999-schoene-edelmetaal-b-v-danmarks-kultarskat-nr-35-500\/\",\"url\":\"https:\/\/westjysk-coins.com\/en\/product\/guldbar-5-gram-9999-schoene-edelmetaal-b-v-danmarks-kultarskat-nr-35-500\/\",\"name\":\"Guldbar, 5 gram, 999,9, Sch\u00f6ne Edelmetaal B.V, Danmarks Kultarskat, Nr. 35\/500. | Westjysk Coins\",\"isPartOf\":{\"@id\":\"https:\/\/westjysk-coins.webserver1.dk\/#website\"},\"primaryImageOfPage\":{\"@id\":\"https:\/\/westjysk-coins.com\/en\/product\/guldbar-5-gram-9999-schoene-edelmetaal-b-v-danmarks-kultarskat-nr-35-500\/#primaryimage\"},\"image\":{\"@id\":\"https:\/\/westjysk-coins.com\/en\/product\/guldbar-5-gram-9999-schoene-edelmetaal-b-v-danmarks-kultarskat-nr-35-500\/#primaryimage\"},\"thumbnailUrl\":\"https:\/\/westjysk-coins.com\/wp-content\/uploads\/2026\/03\/IMG_6399-scaled.jpeg\",\"datePublished\":\"2026-03-16T12:21:25+00:00\",\"breadcrumb\":{\"@id\":\"https:\/\/westjysk-coins.com\/en\/product\/guldbar-5-gram-9999-schoene-edelmetaal-b-v-danmarks-kultarskat-nr-35-500\/#breadcrumb\"},\"inLanguage\":\"en-US\",\"potentialAction\":[{\"@type\":\"ReadAction\",\"target\":[\"https:\/\/westjysk-coins.com\/en\/product\/guldbar-5-gram-9999-schoene-edelmetaal-b-v-danmarks-kultarskat-nr-35-500\/\"]}]},{\"@type\":\"ImageObject\",\"inLanguage\":\"en-US\",\"@id\":\"https:\/\/westjysk-coins.com\/en\/product\/guldbar-5-gram-9999-schoene-edelmetaal-b-v-danmarks-kultarskat-nr-35-500\/#primaryimage\",\"url\":\"https:\/\/westjysk-coins.com\/wp-content\/uploads\/2026\/03\/IMG_6399-scaled.jpeg\",\"contentUrl\":\"https:\/\/westjysk-coins.com\/wp-content\/uploads\/2026\/03\/IMG_6399-scaled.jpeg\",\"width\":2048,\"height\":1536},{\"@type\":\"BreadcrumbList\",\"@id\":\"https:\/\/westjysk-coins.com\/en\/product\/guldbar-5-gram-9999-schoene-edelmetaal-b-v-danmarks-kultarskat-nr-35-500\/#breadcrumb\",\"itemListElement\":[{\"@type\":\"ListItem\",\"position\":1,\"name\":\"Forside\",\"item\":\"https:\/\/westjysk-coins.com\/\"},{\"@type\":\"ListItem\",\"position\":2,\"name\":\"Shop\",\"item\":\"https:\/\/westjysk-coins.com\/en\/shop\/\"},{\"@type\":\"ListItem\",\"position\":3,\"name\":\"Guldbar, 5 gram, 999,9, Sch\u00f6ne Edelmetaal B.V, Danmarks Kultarskat, Nr. 35\/500.\"}]},{\"@type\":\"WebSite\",\"@id\":\"https:\/\/westjysk-coins.webserver1.dk\/#website\",\"url\":\"https:\/\/westjysk-coins.webserver1.dk\/\",\"name\":\"Westjysk Coins\",\"description\":\"K\u00f8b, salg og vurderinger af gamle m\u00f8nter, sedler, guld og s\u00f8lv, b\u00e5de danske og udlandske\",\"publisher\":{\"@id\":\"https:\/\/westjysk-coins.webserver1.dk\/#organization\"},\"potentialAction\":[{\"@type\":\"SearchAction\",\"target\":{\"@type\":\"EntryPoint\",\"urlTemplate\":\"https:\/\/westjysk-coins.webserver1.dk\/?s={search_term_string}\"},\"query-input\":{\"@type\":\"PropertyValueSpecification\",\"valueRequired\":true,\"valueName\":\"search_term_string\"}}],\"inLanguage\":\"en-US\"},{\"@type\":\"Organization\",\"@id\":\"https:\/\/westjysk-coins.webserver1.dk\/#organization\",\"name\":\"Westjysk Coins\",\"url\":\"https:\/\/westjysk-coins.webserver1.dk\/\",\"logo\":{\"@type\":\"ImageObject\",\"inLanguage\":\"en-US\",\"@id\":\"https:\/\/westjysk-coins.webserver1.dk\/#\/schema\/logo\/image\/\",\"url\":\"https:\/\/westjysk-coins.com\/wp-content\/uploads\/2024\/01\/westjysk-logo.svg\",\"contentUrl\":\"https:\/\/westjysk-coins.com\/wp-content\/uploads\/2024\/01\/westjysk-logo.svg\",\"width\":312,\"height\":44,\"caption\":\"Westjysk Coins\"},\"image\":{\"@id\":\"https:\/\/westjysk-coins.webserver1.dk\/#\/schema\/logo\/image\/\"}}]}<\/script>\n<!-- \/ Yoast SEO plugin. -->","yoast_head_json":{"title":"Guldbar, 5 gram, 999,9, Sch\u00f6ne Edelmetaal B.V, Danmarks Kultarskat, Nr. 35\/500. | Westjysk Coins","robots":{"index":"index","follow":"follow","max-snippet":"max-snippet:-1","max-image-preview":"max-image-preview:large","max-video-preview":"max-video-preview:-1"},"canonical":"https:\/\/westjysk-coins.com\/en\/product\/guldbar-5-gram-9999-schoene-edelmetaal-b-v-danmarks-kultarskat-nr-35-500\/","og_locale":"en_US","og_type":"article","og_title":"Guldbar, 5 gram, 999,9, Sch\u00f6ne Edelmetaal B.V, Danmarks Kultarskat, Nr. 35\/500. | Westjysk Coins","og_url":"https:\/\/westjysk-coins.com\/en\/product\/guldbar-5-gram-9999-schoene-edelmetaal-b-v-danmarks-kultarskat-nr-35-500\/","og_site_name":"Westjysk Coins","twitter_card":"summary_large_image","schema":{"@context":"https:\/\/schema.org","@graph":[{"@type":"WebPage","@id":"https:\/\/westjysk-coins.com\/en\/product\/guldbar-5-gram-9999-schoene-edelmetaal-b-v-danmarks-kultarskat-nr-35-500\/","url":"https:\/\/westjysk-coins.com\/en\/product\/guldbar-5-gram-9999-schoene-edelmetaal-b-v-danmarks-kultarskat-nr-35-500\/","name":"Guldbar, 5 gram, 999,9, Sch\u00f6ne Edelmetaal B.V, Danmarks Kultarskat, Nr. 35\/500. | Westjysk Coins","isPartOf":{"@id":"https:\/\/westjysk-coins.webserver1.dk\/#website"},"primaryImageOfPage":{"@id":"https:\/\/westjysk-coins.com\/en\/product\/guldbar-5-gram-9999-schoene-edelmetaal-b-v-danmarks-kultarskat-nr-35-500\/#primaryimage"},"image":{"@id":"https:\/\/westjysk-coins.com\/en\/product\/guldbar-5-gram-9999-schoene-edelmetaal-b-v-danmarks-kultarskat-nr-35-500\/#primaryimage"},"thumbnailUrl":"https:\/\/westjysk-coins.com\/wp-content\/uploads\/2026\/03\/IMG_6399-scaled.jpeg","datePublished":"2026-03-16T12:21:25+00:00","breadcrumb":{"@id":"https:\/\/westjysk-coins.com\/en\/product\/guldbar-5-gram-9999-schoene-edelmetaal-b-v-danmarks-kultarskat-nr-35-500\/#breadcrumb"},"inLanguage":"en-US","potentialAction":[{"@type":"ReadAction","target":["https:\/\/westjysk-coins.com\/en\/product\/guldbar-5-gram-9999-schoene-edelmetaal-b-v-danmarks-kultarskat-nr-35-500\/"]}]},{"@type":"ImageObject","inLanguage":"en-US","@id":"https:\/\/westjysk-coins.com\/en\/product\/guldbar-5-gram-9999-schoene-edelmetaal-b-v-danmarks-kultarskat-nr-35-500\/#primaryimage","url":"https:\/\/westjysk-coins.com\/wp-content\/uploads\/2026\/03\/IMG_6399-scaled.jpeg","contentUrl":"https:\/\/westjysk-coins.com\/wp-content\/uploads\/2026\/03\/IMG_6399-scaled.jpeg","width":2048,"height":1536},{"@type":"BreadcrumbList","@id":"https:\/\/westjysk-coins.com\/en\/product\/guldbar-5-gram-9999-schoene-edelmetaal-b-v-danmarks-kultarskat-nr-35-500\/#breadcrumb","itemListElement":[{"@type":"ListItem","position":1,"name":"Forside","item":"https:\/\/westjysk-coins.com\/"},{"@type":"ListItem","position":2,"name":"Shop","item":"https:\/\/westjysk-coins.com\/en\/shop\/"},{"@type":"ListItem","position":3,"name":"Guldbar, 5 gram, 999,9, Sch\u00f6ne Edelmetaal B.V, Danmarks Kultarskat, Nr. 35\/500."}]},{"@type":"WebSite","@id":"https:\/\/westjysk-coins.webserver1.dk\/#website","url":"https:\/\/westjysk-coins.webserver1.dk\/","name":"Westjysk Coins","description":"K\u00f8b, salg og vurderinger af gamle m\u00f8nter, sedler, guld og s\u00f8lv, b\u00e5de danske og udlandske","publisher":{"@id":"https:\/\/westjysk-coins.webserver1.dk\/#organization"},"potentialAction":[{"@type":"SearchAction","target":{"@type":"EntryPoint","urlTemplate":"https:\/\/westjysk-coins.webserver1.dk\/?s={search_term_string}"},"query-input":{"@type":"PropertyValueSpecification","valueRequired":true,"valueName":"search_term_string"}}],"inLanguage":"en-US"},{"@type":"Organization","@id":"https:\/\/westjysk-coins.webserver1.dk\/#organization","name":"Westjysk Coins","url":"https:\/\/westjysk-coins.webserver1.dk\/","logo":{"@type":"ImageObject","inLanguage":"en-US","@id":"https:\/\/westjysk-coins.webserver1.dk\/#\/schema\/logo\/image\/","url":"https:\/\/westjysk-coins.com\/wp-content\/uploads\/2024\/01\/westjysk-logo.svg","contentUrl":"https:\/\/westjysk-coins.com\/wp-content\/uploads\/2024\/01\/westjysk-logo.svg","width":312,"height":44,"caption":"Westjysk Coins"},"image":{"@id":"https:\/\/westjysk-coins.webserver1.dk\/#\/schema\/logo\/image\/"}}]}},"_links":{"self":[{"href":"https:\/\/westjysk-coins.com\/en\/wp-json\/wp\/v2\/product\/48928","targetHints":{"allow":["GET"]}}],"collection":[{"href":"https:\/\/westjysk-coins.com\/en\/wp-json\/wp\/v2\/product"}],"about":[{"href":"https:\/\/westjysk-coins.com\/en\/wp-json\/wp\/v2\/types\/product"}],"replies":[{"embeddable":true,"href":"https:\/\/westjysk-coins.com\/en\/wp-json\/wp\/v2\/comments?post=48928"}],"wp:featuredmedia":[{"embeddable":true,"href":"https:\/\/westjysk-coins.com\/en\/wp-json\/wp\/v2\/media\/48813"}],"wp:attachment":[{"href":"https:\/\/westjysk-coins.com\/en\/wp-json\/wp\/v2\/media?parent=48928"}],"wp:term":[{"taxonomy":"product_brand","embeddable":true,"href":"https:\/\/westjysk-coins.com\/en\/wp-json\/wp\/v2\/product_brand?post=48928"},{"taxonomy":"product_cat","embeddable":true,"href":"https:\/\/westjysk-coins.com\/en\/wp-json\/wp\/v2\/product_cat?post=48928"},{"taxonomy":"product_tag","embeddable":true,"href":"https:\/\/westjysk-coins.com\/en\/wp-json\/wp\/v2\/product_tag?post=48928"}],"curies":[{"name":"wp","href":"https:\/\/api.w.org\/{rel}","templated":true}]}}