{"id":48597,"date":"2026-03-09T22:48:50","date_gmt":"2026-03-09T21:48:50","guid":{"rendered":"https:\/\/westjysk-coins.com\/product\/1853-vs-1-rigsbankskilling-fre-vii-sieg-4-hede-12c-kva-0-m-medaljepraeg-graderet-ms-65-bn-af-ngc-top-pop\/"},"modified":"2026-03-09T22:48:50","modified_gmt":"2026-03-09T21:48:50","slug":"1853-vs-1-rigsbankskilling-fre-vii-sieg-4-hede-12c-kva-0-m-medaljepraeg-graderet-ms-65-bn-af-ngc-top-pop","status":"publish","type":"product","link":"https:\/\/westjysk-coins.com\/en\/product\/1853-vs-1-rigsbankskilling-fre-vii-sieg-4-hede-12c-kva-0-m-medaljepraeg-graderet-ms-65-bn-af-ngc-top-pop\/","title":{"rendered":"1853 VS, 1 Rigsbankskilling, Fre.VII, Sieg 4, Hede 12C, Kva. 0-M &#8220;Medaljepr\u00e6g&#8221; Graderet MS 65 BN af NGC (TOP POP)"},"content":{"rendered":"","protected":false},"excerpt":{"rendered":"","protected":false},"featured_media":48487,"comment_status":"closed","ping_status":"closed","template":"","meta":{"_acf_changed":false},"product_brand":[],"product_cat":[364,352,351,428,647,468],"product_tag":[],"class_list":{"0":"post-48597","1":"product","2":"type-product","3":"status-publish","4":"has-post-thumbnail","6":"product_cat-1848-1863-frederik-vll-en","7":"product_cat-all-products","8":"product_cat-coins","9":"product_cat-1448-1874-en","10":"product_cat-graderet-moenter-en","11":"product_cat-kobber-og-bronze-moenter-1848-1863-frederik-vll-en","12":"sales-flash-overlay","13":"woocommerce-text-align-center","14":"woocommerce-image-align-center","15":"do-quantity-buttons","17":"first","18":"instock","19":"shipping-taxable","20":"purchasable","21":"product-type-simple"},"acf":[],"yoast_head":"<!-- This site is optimized with the Yoast SEO plugin v26.8 - https:\/\/yoast.com\/product\/yoast-seo-wordpress\/ -->\n<title>1853 VS, 1 Rigsbankskilling, Fre.VII, Sieg 4, Hede 12C, Kva. 0-M &quot;Medaljepr\u00e6g&quot; Graderet MS 65 BN af NGC (TOP POP) | Westjysk Coins<\/title>\n<meta name=\"robots\" content=\"index, follow, max-snippet:-1, max-image-preview:large, max-video-preview:-1\" \/>\n<link rel=\"canonical\" href=\"https:\/\/westjysk-coins.com\/en\/product\/1853-vs-1-rigsbankskilling-fre-vii-sieg-4-hede-12c-kva-0-m-medaljepraeg-graderet-ms-65-bn-af-ngc-top-pop\/\" \/>\n<meta property=\"og:locale\" content=\"en_US\" \/>\n<meta property=\"og:type\" content=\"article\" \/>\n<meta property=\"og:title\" content=\"1853 VS, 1 Rigsbankskilling, Fre.VII, Sieg 4, Hede 12C, Kva. 0-M &quot;Medaljepr\u00e6g&quot; Graderet MS 65 BN af NGC (TOP POP) | Westjysk Coins\" \/>\n<meta property=\"og:url\" content=\"https:\/\/westjysk-coins.com\/en\/product\/1853-vs-1-rigsbankskilling-fre-vii-sieg-4-hede-12c-kva-0-m-medaljepraeg-graderet-ms-65-bn-af-ngc-top-pop\/\" \/>\n<meta property=\"og:site_name\" content=\"Westjysk Coins\" \/>\n<meta name=\"twitter:card\" content=\"summary_large_image\" \/>\n<script type=\"application\/ld+json\" class=\"yoast-schema-graph\">{\"@context\":\"https:\/\/schema.org\",\"@graph\":[{\"@type\":\"WebPage\",\"@id\":\"https:\/\/westjysk-coins.com\/en\/product\/1853-vs-1-rigsbankskilling-fre-vii-sieg-4-hede-12c-kva-0-m-medaljepraeg-graderet-ms-65-bn-af-ngc-top-pop\/\",\"url\":\"https:\/\/westjysk-coins.com\/en\/product\/1853-vs-1-rigsbankskilling-fre-vii-sieg-4-hede-12c-kva-0-m-medaljepraeg-graderet-ms-65-bn-af-ngc-top-pop\/\",\"name\":\"1853 VS, 1 Rigsbankskilling, Fre.VII, Sieg 4, Hede 12C, Kva. 0-M \\\"Medaljepr\u00e6g\\\" Graderet MS 65 BN af NGC (TOP POP) | Westjysk Coins\",\"isPartOf\":{\"@id\":\"https:\/\/westjysk-coins.webserver1.dk\/#website\"},\"primaryImageOfPage\":{\"@id\":\"https:\/\/westjysk-coins.com\/en\/product\/1853-vs-1-rigsbankskilling-fre-vii-sieg-4-hede-12c-kva-0-m-medaljepraeg-graderet-ms-65-bn-af-ngc-top-pop\/#primaryimage\"},\"image\":{\"@id\":\"https:\/\/westjysk-coins.com\/en\/product\/1853-vs-1-rigsbankskilling-fre-vii-sieg-4-hede-12c-kva-0-m-medaljepraeg-graderet-ms-65-bn-af-ngc-top-pop\/#primaryimage\"},\"thumbnailUrl\":\"https:\/\/westjysk-coins.com\/wp-content\/uploads\/2026\/03\/IMG_5621.jpeg\",\"datePublished\":\"2026-03-09T21:48:50+00:00\",\"breadcrumb\":{\"@id\":\"https:\/\/westjysk-coins.com\/en\/product\/1853-vs-1-rigsbankskilling-fre-vii-sieg-4-hede-12c-kva-0-m-medaljepraeg-graderet-ms-65-bn-af-ngc-top-pop\/#breadcrumb\"},\"inLanguage\":\"en-US\",\"potentialAction\":[{\"@type\":\"ReadAction\",\"target\":[\"https:\/\/westjysk-coins.com\/en\/product\/1853-vs-1-rigsbankskilling-fre-vii-sieg-4-hede-12c-kva-0-m-medaljepraeg-graderet-ms-65-bn-af-ngc-top-pop\/\"]}]},{\"@type\":\"ImageObject\",\"inLanguage\":\"en-US\",\"@id\":\"https:\/\/westjysk-coins.com\/en\/product\/1853-vs-1-rigsbankskilling-fre-vii-sieg-4-hede-12c-kva-0-m-medaljepraeg-graderet-ms-65-bn-af-ngc-top-pop\/#primaryimage\",\"url\":\"https:\/\/westjysk-coins.com\/wp-content\/uploads\/2026\/03\/IMG_5621.jpeg\",\"contentUrl\":\"https:\/\/westjysk-coins.com\/wp-content\/uploads\/2026\/03\/IMG_5621.jpeg\",\"width\":986,\"height\":1395,\"caption\":\"Screenshot\"},{\"@type\":\"BreadcrumbList\",\"@id\":\"https:\/\/westjysk-coins.com\/en\/product\/1853-vs-1-rigsbankskilling-fre-vii-sieg-4-hede-12c-kva-0-m-medaljepraeg-graderet-ms-65-bn-af-ngc-top-pop\/#breadcrumb\",\"itemListElement\":[{\"@type\":\"ListItem\",\"position\":1,\"name\":\"Forside\",\"item\":\"https:\/\/westjysk-coins.com\/\"},{\"@type\":\"ListItem\",\"position\":2,\"name\":\"Shop\",\"item\":\"https:\/\/westjysk-coins.com\/en\/shop\/\"},{\"@type\":\"ListItem\",\"position\":3,\"name\":\"1853 VS, 1 Rigsbankskilling, Fre.VII, Sieg 4, Hede 12C, Kva. 0-M &#8220;Medaljepr\u00e6g&#8221; Graderet MS 65 BN af NGC (TOP POP)\"}]},{\"@type\":\"WebSite\",\"@id\":\"https:\/\/westjysk-coins.webserver1.dk\/#website\",\"url\":\"https:\/\/westjysk-coins.webserver1.dk\/\",\"name\":\"Westjysk Coins\",\"description\":\"K\u00f8b, salg og vurderinger af gamle m\u00f8nter, sedler, guld og s\u00f8lv, b\u00e5de danske og udlandske\",\"publisher\":{\"@id\":\"https:\/\/westjysk-coins.webserver1.dk\/#organization\"},\"potentialAction\":[{\"@type\":\"SearchAction\",\"target\":{\"@type\":\"EntryPoint\",\"urlTemplate\":\"https:\/\/westjysk-coins.webserver1.dk\/?s={search_term_string}\"},\"query-input\":{\"@type\":\"PropertyValueSpecification\",\"valueRequired\":true,\"valueName\":\"search_term_string\"}}],\"inLanguage\":\"en-US\"},{\"@type\":\"Organization\",\"@id\":\"https:\/\/westjysk-coins.webserver1.dk\/#organization\",\"name\":\"Westjysk Coins\",\"url\":\"https:\/\/westjysk-coins.webserver1.dk\/\",\"logo\":{\"@type\":\"ImageObject\",\"inLanguage\":\"en-US\",\"@id\":\"https:\/\/westjysk-coins.webserver1.dk\/#\/schema\/logo\/image\/\",\"url\":\"https:\/\/westjysk-coins.com\/wp-content\/uploads\/2024\/01\/westjysk-logo.svg\",\"contentUrl\":\"https:\/\/westjysk-coins.com\/wp-content\/uploads\/2024\/01\/westjysk-logo.svg\",\"width\":312,\"height\":44,\"caption\":\"Westjysk Coins\"},\"image\":{\"@id\":\"https:\/\/westjysk-coins.webserver1.dk\/#\/schema\/logo\/image\/\"}}]}<\/script>\n<!-- \/ Yoast SEO plugin. -->","yoast_head_json":{"title":"1853 VS, 1 Rigsbankskilling, Fre.VII, Sieg 4, Hede 12C, Kva. 0-M \"Medaljepr\u00e6g\" Graderet MS 65 BN af NGC (TOP POP) | Westjysk Coins","robots":{"index":"index","follow":"follow","max-snippet":"max-snippet:-1","max-image-preview":"max-image-preview:large","max-video-preview":"max-video-preview:-1"},"canonical":"https:\/\/westjysk-coins.com\/en\/product\/1853-vs-1-rigsbankskilling-fre-vii-sieg-4-hede-12c-kva-0-m-medaljepraeg-graderet-ms-65-bn-af-ngc-top-pop\/","og_locale":"en_US","og_type":"article","og_title":"1853 VS, 1 Rigsbankskilling, Fre.VII, Sieg 4, Hede 12C, Kva. 0-M \"Medaljepr\u00e6g\" Graderet MS 65 BN af NGC (TOP POP) | Westjysk Coins","og_url":"https:\/\/westjysk-coins.com\/en\/product\/1853-vs-1-rigsbankskilling-fre-vii-sieg-4-hede-12c-kva-0-m-medaljepraeg-graderet-ms-65-bn-af-ngc-top-pop\/","og_site_name":"Westjysk Coins","twitter_card":"summary_large_image","schema":{"@context":"https:\/\/schema.org","@graph":[{"@type":"WebPage","@id":"https:\/\/westjysk-coins.com\/en\/product\/1853-vs-1-rigsbankskilling-fre-vii-sieg-4-hede-12c-kva-0-m-medaljepraeg-graderet-ms-65-bn-af-ngc-top-pop\/","url":"https:\/\/westjysk-coins.com\/en\/product\/1853-vs-1-rigsbankskilling-fre-vii-sieg-4-hede-12c-kva-0-m-medaljepraeg-graderet-ms-65-bn-af-ngc-top-pop\/","name":"1853 VS, 1 Rigsbankskilling, Fre.VII, Sieg 4, Hede 12C, Kva. 0-M \"Medaljepr\u00e6g\" Graderet MS 65 BN af NGC (TOP POP) | Westjysk Coins","isPartOf":{"@id":"https:\/\/westjysk-coins.webserver1.dk\/#website"},"primaryImageOfPage":{"@id":"https:\/\/westjysk-coins.com\/en\/product\/1853-vs-1-rigsbankskilling-fre-vii-sieg-4-hede-12c-kva-0-m-medaljepraeg-graderet-ms-65-bn-af-ngc-top-pop\/#primaryimage"},"image":{"@id":"https:\/\/westjysk-coins.com\/en\/product\/1853-vs-1-rigsbankskilling-fre-vii-sieg-4-hede-12c-kva-0-m-medaljepraeg-graderet-ms-65-bn-af-ngc-top-pop\/#primaryimage"},"thumbnailUrl":"https:\/\/westjysk-coins.com\/wp-content\/uploads\/2026\/03\/IMG_5621.jpeg","datePublished":"2026-03-09T21:48:50+00:00","breadcrumb":{"@id":"https:\/\/westjysk-coins.com\/en\/product\/1853-vs-1-rigsbankskilling-fre-vii-sieg-4-hede-12c-kva-0-m-medaljepraeg-graderet-ms-65-bn-af-ngc-top-pop\/#breadcrumb"},"inLanguage":"en-US","potentialAction":[{"@type":"ReadAction","target":["https:\/\/westjysk-coins.com\/en\/product\/1853-vs-1-rigsbankskilling-fre-vii-sieg-4-hede-12c-kva-0-m-medaljepraeg-graderet-ms-65-bn-af-ngc-top-pop\/"]}]},{"@type":"ImageObject","inLanguage":"en-US","@id":"https:\/\/westjysk-coins.com\/en\/product\/1853-vs-1-rigsbankskilling-fre-vii-sieg-4-hede-12c-kva-0-m-medaljepraeg-graderet-ms-65-bn-af-ngc-top-pop\/#primaryimage","url":"https:\/\/westjysk-coins.com\/wp-content\/uploads\/2026\/03\/IMG_5621.jpeg","contentUrl":"https:\/\/westjysk-coins.com\/wp-content\/uploads\/2026\/03\/IMG_5621.jpeg","width":986,"height":1395,"caption":"Screenshot"},{"@type":"BreadcrumbList","@id":"https:\/\/westjysk-coins.com\/en\/product\/1853-vs-1-rigsbankskilling-fre-vii-sieg-4-hede-12c-kva-0-m-medaljepraeg-graderet-ms-65-bn-af-ngc-top-pop\/#breadcrumb","itemListElement":[{"@type":"ListItem","position":1,"name":"Forside","item":"https:\/\/westjysk-coins.com\/"},{"@type":"ListItem","position":2,"name":"Shop","item":"https:\/\/westjysk-coins.com\/en\/shop\/"},{"@type":"ListItem","position":3,"name":"1853 VS, 1 Rigsbankskilling, Fre.VII, Sieg 4, Hede 12C, Kva. 0-M &#8220;Medaljepr\u00e6g&#8221; Graderet MS 65 BN af NGC (TOP POP)"}]},{"@type":"WebSite","@id":"https:\/\/westjysk-coins.webserver1.dk\/#website","url":"https:\/\/westjysk-coins.webserver1.dk\/","name":"Westjysk Coins","description":"K\u00f8b, salg og vurderinger af gamle m\u00f8nter, sedler, guld og s\u00f8lv, b\u00e5de danske og udlandske","publisher":{"@id":"https:\/\/westjysk-coins.webserver1.dk\/#organization"},"potentialAction":[{"@type":"SearchAction","target":{"@type":"EntryPoint","urlTemplate":"https:\/\/westjysk-coins.webserver1.dk\/?s={search_term_string}"},"query-input":{"@type":"PropertyValueSpecification","valueRequired":true,"valueName":"search_term_string"}}],"inLanguage":"en-US"},{"@type":"Organization","@id":"https:\/\/westjysk-coins.webserver1.dk\/#organization","name":"Westjysk Coins","url":"https:\/\/westjysk-coins.webserver1.dk\/","logo":{"@type":"ImageObject","inLanguage":"en-US","@id":"https:\/\/westjysk-coins.webserver1.dk\/#\/schema\/logo\/image\/","url":"https:\/\/westjysk-coins.com\/wp-content\/uploads\/2024\/01\/westjysk-logo.svg","contentUrl":"https:\/\/westjysk-coins.com\/wp-content\/uploads\/2024\/01\/westjysk-logo.svg","width":312,"height":44,"caption":"Westjysk Coins"},"image":{"@id":"https:\/\/westjysk-coins.webserver1.dk\/#\/schema\/logo\/image\/"}}]}},"_links":{"self":[{"href":"https:\/\/westjysk-coins.com\/en\/wp-json\/wp\/v2\/product\/48597","targetHints":{"allow":["GET"]}}],"collection":[{"href":"https:\/\/westjysk-coins.com\/en\/wp-json\/wp\/v2\/product"}],"about":[{"href":"https:\/\/westjysk-coins.com\/en\/wp-json\/wp\/v2\/types\/product"}],"replies":[{"embeddable":true,"href":"https:\/\/westjysk-coins.com\/en\/wp-json\/wp\/v2\/comments?post=48597"}],"wp:featuredmedia":[{"embeddable":true,"href":"https:\/\/westjysk-coins.com\/en\/wp-json\/wp\/v2\/media\/48487"}],"wp:attachment":[{"href":"https:\/\/westjysk-coins.com\/en\/wp-json\/wp\/v2\/media?parent=48597"}],"wp:term":[{"taxonomy":"product_brand","embeddable":true,"href":"https:\/\/westjysk-coins.com\/en\/wp-json\/wp\/v2\/product_brand?post=48597"},{"taxonomy":"product_cat","embeddable":true,"href":"https:\/\/westjysk-coins.com\/en\/wp-json\/wp\/v2\/product_cat?post=48597"},{"taxonomy":"product_tag","embeddable":true,"href":"https:\/\/westjysk-coins.com\/en\/wp-json\/wp\/v2\/product_tag?post=48597"}],"curies":[{"name":"wp","href":"https:\/\/api.w.org\/{rel}","templated":true}]}}