{"id":48382,"date":"2026-03-05T09:43:59","date_gmt":"2026-03-05T08:43:59","guid":{"rendered":"https:\/\/westjysk-coins.com\/product\/1746-2-dukat-fre-v-sieg-26-2-hede-6-kva-01-graderet-au-55-af-pcgs-et-smukt-eksemplar-af-denne-sjaeldne-dobbeltdukat-som-blev-praeget-af-guld-bragt-hjem-fra-kina-af-dansk-asiatisk-kompagni\/"},"modified":"2026-03-05T09:43:59","modified_gmt":"2026-03-05T08:43:59","slug":"1746-2-dukat-fre-v-sieg-26-2-hede-6-kva-01-graderet-au-55-af-pcgs-et-smukt-eksemplar-af-denne-sjaeldne-dobbeltdukat-som-blev-praeget-af-guld-bragt-hjem-fra-kina-af-dansk-asiatisk-kompagni","status":"publish","type":"product","link":"https:\/\/westjysk-coins.com\/en\/product\/1746-2-dukat-fre-v-sieg-26-2-hede-6-kva-01-graderet-au-55-af-pcgs-et-smukt-eksemplar-af-denne-sjaeldne-dobbeltdukat-som-blev-praeget-af-guld-bragt-hjem-fra-kina-af-dansk-asiatisk-kompagni\/","title":{"rendered":"1746, 2 dukat, Fre.V, Sieg 26.2, Hede 6, Kva. 01, Graderet AU 55 af PCGS, Et smukt eksemplar af denne sj\u00e6ldne dobbeltdukat, som blev pr\u00e6get af guld bragt hjem fra Kina af Dansk Asiatisk Kompagni"},"content":{"rendered":"","protected":false},"excerpt":{"rendered":"","protected":false},"featured_media":48294,"comment_status":"closed","ping_status":"closed","template":"","meta":{"_acf_changed":false},"product_brand":[],"product_cat":[421,352,351,354,355,353,647,350],"product_tag":[],"class_list":{"0":"post-48382","1":"product","2":"type-product","3":"status-publish","4":"has-post-thumbnail","6":"product_cat-1746-1766-frederik-v-en","7":"product_cat-all-products","8":"product_cat-coins","9":"product_cat-danish-gold-coins","10":"product_cat-danish-gold-coins-before-1873","11":"product_cat-denmark","12":"product_cat-graderet-moenter-en","13":"product_cat-uncategorized","14":"sales-flash-overlay","15":"woocommerce-text-align-center","16":"woocommerce-image-align-center","17":"do-quantity-buttons","19":"first","20":"instock","21":"shipping-taxable","22":"purchasable","23":"product-type-simple"},"acf":[],"yoast_head":"<!-- This site is optimized with the Yoast SEO plugin v26.8 - https:\/\/yoast.com\/product\/yoast-seo-wordpress\/ -->\n<title>1746, 2 dukat, Fre.V, Sieg 26.2, Hede 6, Kva. 01, Graderet AU 55 af PCGS, Et smukt eksemplar af denne sj\u00e6ldne dobbeltdukat, som blev pr\u00e6get af guld bragt hjem fra Kina af Dansk Asiatisk Kompagni | Westjysk Coins<\/title>\n<meta name=\"robots\" content=\"index, follow, max-snippet:-1, max-image-preview:large, max-video-preview:-1\" \/>\n<link rel=\"canonical\" href=\"https:\/\/westjysk-coins.com\/en\/product\/1746-2-dukat-fre-v-sieg-26-2-hede-6-kva-01-graderet-au-55-af-pcgs-et-smukt-eksemplar-af-denne-sjaeldne-dobbeltdukat-som-blev-praeget-af-guld-bragt-hjem-fra-kina-af-dansk-asiatisk-kompagni\/\" \/>\n<meta property=\"og:locale\" content=\"en_US\" \/>\n<meta property=\"og:type\" content=\"article\" \/>\n<meta property=\"og:title\" content=\"1746, 2 dukat, Fre.V, Sieg 26.2, Hede 6, Kva. 01, Graderet AU 55 af PCGS, Et smukt eksemplar af denne sj\u00e6ldne dobbeltdukat, som blev pr\u00e6get af guld bragt hjem fra Kina af Dansk Asiatisk Kompagni | Westjysk Coins\" \/>\n<meta property=\"og:url\" content=\"https:\/\/westjysk-coins.com\/en\/product\/1746-2-dukat-fre-v-sieg-26-2-hede-6-kva-01-graderet-au-55-af-pcgs-et-smukt-eksemplar-af-denne-sjaeldne-dobbeltdukat-som-blev-praeget-af-guld-bragt-hjem-fra-kina-af-dansk-asiatisk-kompagni\/\" \/>\n<meta property=\"og:site_name\" content=\"Westjysk Coins\" \/>\n<meta name=\"twitter:card\" content=\"summary_large_image\" \/>\n<script type=\"application\/ld+json\" class=\"yoast-schema-graph\">{\"@context\":\"https:\/\/schema.org\",\"@graph\":[{\"@type\":\"WebPage\",\"@id\":\"https:\/\/westjysk-coins.com\/en\/product\/1746-2-dukat-fre-v-sieg-26-2-hede-6-kva-01-graderet-au-55-af-pcgs-et-smukt-eksemplar-af-denne-sjaeldne-dobbeltdukat-som-blev-praeget-af-guld-bragt-hjem-fra-kina-af-dansk-asiatisk-kompagni\/\",\"url\":\"https:\/\/westjysk-coins.com\/en\/product\/1746-2-dukat-fre-v-sieg-26-2-hede-6-kva-01-graderet-au-55-af-pcgs-et-smukt-eksemplar-af-denne-sjaeldne-dobbeltdukat-som-blev-praeget-af-guld-bragt-hjem-fra-kina-af-dansk-asiatisk-kompagni\/\",\"name\":\"1746, 2 dukat, Fre.V, Sieg 26.2, Hede 6, Kva. 01, Graderet AU 55 af PCGS, Et smukt eksemplar af denne sj\u00e6ldne dobbeltdukat, som blev pr\u00e6get af guld bragt hjem fra Kina af Dansk Asiatisk Kompagni | Westjysk Coins\",\"isPartOf\":{\"@id\":\"https:\/\/westjysk-coins.webserver1.dk\/#website\"},\"primaryImageOfPage\":{\"@id\":\"https:\/\/westjysk-coins.com\/en\/product\/1746-2-dukat-fre-v-sieg-26-2-hede-6-kva-01-graderet-au-55-af-pcgs-et-smukt-eksemplar-af-denne-sjaeldne-dobbeltdukat-som-blev-praeget-af-guld-bragt-hjem-fra-kina-af-dansk-asiatisk-kompagni\/#primaryimage\"},\"image\":{\"@id\":\"https:\/\/westjysk-coins.com\/en\/product\/1746-2-dukat-fre-v-sieg-26-2-hede-6-kva-01-graderet-au-55-af-pcgs-et-smukt-eksemplar-af-denne-sjaeldne-dobbeltdukat-som-blev-praeget-af-guld-bragt-hjem-fra-kina-af-dansk-asiatisk-kompagni\/#primaryimage\"},\"thumbnailUrl\":\"https:\/\/westjysk-coins.com\/wp-content\/uploads\/2026\/03\/IMG_6400-scaled.jpeg\",\"datePublished\":\"2026-03-05T08:43:59+00:00\",\"breadcrumb\":{\"@id\":\"https:\/\/westjysk-coins.com\/en\/product\/1746-2-dukat-fre-v-sieg-26-2-hede-6-kva-01-graderet-au-55-af-pcgs-et-smukt-eksemplar-af-denne-sjaeldne-dobbeltdukat-som-blev-praeget-af-guld-bragt-hjem-fra-kina-af-dansk-asiatisk-kompagni\/#breadcrumb\"},\"inLanguage\":\"en-US\",\"potentialAction\":[{\"@type\":\"ReadAction\",\"target\":[\"https:\/\/westjysk-coins.com\/en\/product\/1746-2-dukat-fre-v-sieg-26-2-hede-6-kva-01-graderet-au-55-af-pcgs-et-smukt-eksemplar-af-denne-sjaeldne-dobbeltdukat-som-blev-praeget-af-guld-bragt-hjem-fra-kina-af-dansk-asiatisk-kompagni\/\"]}]},{\"@type\":\"ImageObject\",\"inLanguage\":\"en-US\",\"@id\":\"https:\/\/westjysk-coins.com\/en\/product\/1746-2-dukat-fre-v-sieg-26-2-hede-6-kva-01-graderet-au-55-af-pcgs-et-smukt-eksemplar-af-denne-sjaeldne-dobbeltdukat-som-blev-praeget-af-guld-bragt-hjem-fra-kina-af-dansk-asiatisk-kompagni\/#primaryimage\",\"url\":\"https:\/\/westjysk-coins.com\/wp-content\/uploads\/2026\/03\/IMG_6400-scaled.jpeg\",\"contentUrl\":\"https:\/\/westjysk-coins.com\/wp-content\/uploads\/2026\/03\/IMG_6400-scaled.jpeg\",\"width\":1536,\"height\":2048},{\"@type\":\"BreadcrumbList\",\"@id\":\"https:\/\/westjysk-coins.com\/en\/product\/1746-2-dukat-fre-v-sieg-26-2-hede-6-kva-01-graderet-au-55-af-pcgs-et-smukt-eksemplar-af-denne-sjaeldne-dobbeltdukat-som-blev-praeget-af-guld-bragt-hjem-fra-kina-af-dansk-asiatisk-kompagni\/#breadcrumb\",\"itemListElement\":[{\"@type\":\"ListItem\",\"position\":1,\"name\":\"Forside\",\"item\":\"https:\/\/westjysk-coins.com\/\"},{\"@type\":\"ListItem\",\"position\":2,\"name\":\"Shop\",\"item\":\"https:\/\/westjysk-coins.com\/en\/shop\/\"},{\"@type\":\"ListItem\",\"position\":3,\"name\":\"1746, 2 dukat, Fre.V, Sieg 26.2, Hede 6, Kva. 01, Graderet AU 55 af PCGS, Et smukt eksemplar af denne sj\u00e6ldne dobbeltdukat, som blev pr\u00e6get af guld bragt hjem fra Kina af Dansk Asiatisk Kompagni\"}]},{\"@type\":\"WebSite\",\"@id\":\"https:\/\/westjysk-coins.webserver1.dk\/#website\",\"url\":\"https:\/\/westjysk-coins.webserver1.dk\/\",\"name\":\"Westjysk Coins\",\"description\":\"K\u00f8b, salg og vurderinger af gamle m\u00f8nter, sedler, guld og s\u00f8lv, b\u00e5de danske og udlandske\",\"publisher\":{\"@id\":\"https:\/\/westjysk-coins.webserver1.dk\/#organization\"},\"potentialAction\":[{\"@type\":\"SearchAction\",\"target\":{\"@type\":\"EntryPoint\",\"urlTemplate\":\"https:\/\/westjysk-coins.webserver1.dk\/?s={search_term_string}\"},\"query-input\":{\"@type\":\"PropertyValueSpecification\",\"valueRequired\":true,\"valueName\":\"search_term_string\"}}],\"inLanguage\":\"en-US\"},{\"@type\":\"Organization\",\"@id\":\"https:\/\/westjysk-coins.webserver1.dk\/#organization\",\"name\":\"Westjysk Coins\",\"url\":\"https:\/\/westjysk-coins.webserver1.dk\/\",\"logo\":{\"@type\":\"ImageObject\",\"inLanguage\":\"en-US\",\"@id\":\"https:\/\/westjysk-coins.webserver1.dk\/#\/schema\/logo\/image\/\",\"url\":\"https:\/\/westjysk-coins.com\/wp-content\/uploads\/2024\/01\/westjysk-logo.svg\",\"contentUrl\":\"https:\/\/westjysk-coins.com\/wp-content\/uploads\/2024\/01\/westjysk-logo.svg\",\"width\":312,\"height\":44,\"caption\":\"Westjysk Coins\"},\"image\":{\"@id\":\"https:\/\/westjysk-coins.webserver1.dk\/#\/schema\/logo\/image\/\"}}]}<\/script>\n<!-- \/ Yoast SEO plugin. -->","yoast_head_json":{"title":"1746, 2 dukat, Fre.V, Sieg 26.2, Hede 6, Kva. 01, Graderet AU 55 af PCGS, Et smukt eksemplar af denne sj\u00e6ldne dobbeltdukat, som blev pr\u00e6get af guld bragt hjem fra Kina af Dansk Asiatisk Kompagni | Westjysk Coins","robots":{"index":"index","follow":"follow","max-snippet":"max-snippet:-1","max-image-preview":"max-image-preview:large","max-video-preview":"max-video-preview:-1"},"canonical":"https:\/\/westjysk-coins.com\/en\/product\/1746-2-dukat-fre-v-sieg-26-2-hede-6-kva-01-graderet-au-55-af-pcgs-et-smukt-eksemplar-af-denne-sjaeldne-dobbeltdukat-som-blev-praeget-af-guld-bragt-hjem-fra-kina-af-dansk-asiatisk-kompagni\/","og_locale":"en_US","og_type":"article","og_title":"1746, 2 dukat, Fre.V, Sieg 26.2, Hede 6, Kva. 01, Graderet AU 55 af PCGS, Et smukt eksemplar af denne sj\u00e6ldne dobbeltdukat, som blev pr\u00e6get af guld bragt hjem fra Kina af Dansk Asiatisk Kompagni | Westjysk Coins","og_url":"https:\/\/westjysk-coins.com\/en\/product\/1746-2-dukat-fre-v-sieg-26-2-hede-6-kva-01-graderet-au-55-af-pcgs-et-smukt-eksemplar-af-denne-sjaeldne-dobbeltdukat-som-blev-praeget-af-guld-bragt-hjem-fra-kina-af-dansk-asiatisk-kompagni\/","og_site_name":"Westjysk Coins","twitter_card":"summary_large_image","schema":{"@context":"https:\/\/schema.org","@graph":[{"@type":"WebPage","@id":"https:\/\/westjysk-coins.com\/en\/product\/1746-2-dukat-fre-v-sieg-26-2-hede-6-kva-01-graderet-au-55-af-pcgs-et-smukt-eksemplar-af-denne-sjaeldne-dobbeltdukat-som-blev-praeget-af-guld-bragt-hjem-fra-kina-af-dansk-asiatisk-kompagni\/","url":"https:\/\/westjysk-coins.com\/en\/product\/1746-2-dukat-fre-v-sieg-26-2-hede-6-kva-01-graderet-au-55-af-pcgs-et-smukt-eksemplar-af-denne-sjaeldne-dobbeltdukat-som-blev-praeget-af-guld-bragt-hjem-fra-kina-af-dansk-asiatisk-kompagni\/","name":"1746, 2 dukat, Fre.V, Sieg 26.2, Hede 6, Kva. 01, Graderet AU 55 af PCGS, Et smukt eksemplar af denne sj\u00e6ldne dobbeltdukat, som blev pr\u00e6get af guld bragt hjem fra Kina af Dansk Asiatisk Kompagni | Westjysk Coins","isPartOf":{"@id":"https:\/\/westjysk-coins.webserver1.dk\/#website"},"primaryImageOfPage":{"@id":"https:\/\/westjysk-coins.com\/en\/product\/1746-2-dukat-fre-v-sieg-26-2-hede-6-kva-01-graderet-au-55-af-pcgs-et-smukt-eksemplar-af-denne-sjaeldne-dobbeltdukat-som-blev-praeget-af-guld-bragt-hjem-fra-kina-af-dansk-asiatisk-kompagni\/#primaryimage"},"image":{"@id":"https:\/\/westjysk-coins.com\/en\/product\/1746-2-dukat-fre-v-sieg-26-2-hede-6-kva-01-graderet-au-55-af-pcgs-et-smukt-eksemplar-af-denne-sjaeldne-dobbeltdukat-som-blev-praeget-af-guld-bragt-hjem-fra-kina-af-dansk-asiatisk-kompagni\/#primaryimage"},"thumbnailUrl":"https:\/\/westjysk-coins.com\/wp-content\/uploads\/2026\/03\/IMG_6400-scaled.jpeg","datePublished":"2026-03-05T08:43:59+00:00","breadcrumb":{"@id":"https:\/\/westjysk-coins.com\/en\/product\/1746-2-dukat-fre-v-sieg-26-2-hede-6-kva-01-graderet-au-55-af-pcgs-et-smukt-eksemplar-af-denne-sjaeldne-dobbeltdukat-som-blev-praeget-af-guld-bragt-hjem-fra-kina-af-dansk-asiatisk-kompagni\/#breadcrumb"},"inLanguage":"en-US","potentialAction":[{"@type":"ReadAction","target":["https:\/\/westjysk-coins.com\/en\/product\/1746-2-dukat-fre-v-sieg-26-2-hede-6-kva-01-graderet-au-55-af-pcgs-et-smukt-eksemplar-af-denne-sjaeldne-dobbeltdukat-som-blev-praeget-af-guld-bragt-hjem-fra-kina-af-dansk-asiatisk-kompagni\/"]}]},{"@type":"ImageObject","inLanguage":"en-US","@id":"https:\/\/westjysk-coins.com\/en\/product\/1746-2-dukat-fre-v-sieg-26-2-hede-6-kva-01-graderet-au-55-af-pcgs-et-smukt-eksemplar-af-denne-sjaeldne-dobbeltdukat-som-blev-praeget-af-guld-bragt-hjem-fra-kina-af-dansk-asiatisk-kompagni\/#primaryimage","url":"https:\/\/westjysk-coins.com\/wp-content\/uploads\/2026\/03\/IMG_6400-scaled.jpeg","contentUrl":"https:\/\/westjysk-coins.com\/wp-content\/uploads\/2026\/03\/IMG_6400-scaled.jpeg","width":1536,"height":2048},{"@type":"BreadcrumbList","@id":"https:\/\/westjysk-coins.com\/en\/product\/1746-2-dukat-fre-v-sieg-26-2-hede-6-kva-01-graderet-au-55-af-pcgs-et-smukt-eksemplar-af-denne-sjaeldne-dobbeltdukat-som-blev-praeget-af-guld-bragt-hjem-fra-kina-af-dansk-asiatisk-kompagni\/#breadcrumb","itemListElement":[{"@type":"ListItem","position":1,"name":"Forside","item":"https:\/\/westjysk-coins.com\/"},{"@type":"ListItem","position":2,"name":"Shop","item":"https:\/\/westjysk-coins.com\/en\/shop\/"},{"@type":"ListItem","position":3,"name":"1746, 2 dukat, Fre.V, Sieg 26.2, Hede 6, Kva. 01, Graderet AU 55 af PCGS, Et smukt eksemplar af denne sj\u00e6ldne dobbeltdukat, som blev pr\u00e6get af guld bragt hjem fra Kina af Dansk Asiatisk Kompagni"}]},{"@type":"WebSite","@id":"https:\/\/westjysk-coins.webserver1.dk\/#website","url":"https:\/\/westjysk-coins.webserver1.dk\/","name":"Westjysk Coins","description":"K\u00f8b, salg og vurderinger af gamle m\u00f8nter, sedler, guld og s\u00f8lv, b\u00e5de danske og udlandske","publisher":{"@id":"https:\/\/westjysk-coins.webserver1.dk\/#organization"},"potentialAction":[{"@type":"SearchAction","target":{"@type":"EntryPoint","urlTemplate":"https:\/\/westjysk-coins.webserver1.dk\/?s={search_term_string}"},"query-input":{"@type":"PropertyValueSpecification","valueRequired":true,"valueName":"search_term_string"}}],"inLanguage":"en-US"},{"@type":"Organization","@id":"https:\/\/westjysk-coins.webserver1.dk\/#organization","name":"Westjysk Coins","url":"https:\/\/westjysk-coins.webserver1.dk\/","logo":{"@type":"ImageObject","inLanguage":"en-US","@id":"https:\/\/westjysk-coins.webserver1.dk\/#\/schema\/logo\/image\/","url":"https:\/\/westjysk-coins.com\/wp-content\/uploads\/2024\/01\/westjysk-logo.svg","contentUrl":"https:\/\/westjysk-coins.com\/wp-content\/uploads\/2024\/01\/westjysk-logo.svg","width":312,"height":44,"caption":"Westjysk Coins"},"image":{"@id":"https:\/\/westjysk-coins.webserver1.dk\/#\/schema\/logo\/image\/"}}]}},"_links":{"self":[{"href":"https:\/\/westjysk-coins.com\/en\/wp-json\/wp\/v2\/product\/48382","targetHints":{"allow":["GET"]}}],"collection":[{"href":"https:\/\/westjysk-coins.com\/en\/wp-json\/wp\/v2\/product"}],"about":[{"href":"https:\/\/westjysk-coins.com\/en\/wp-json\/wp\/v2\/types\/product"}],"replies":[{"embeddable":true,"href":"https:\/\/westjysk-coins.com\/en\/wp-json\/wp\/v2\/comments?post=48382"}],"wp:featuredmedia":[{"embeddable":true,"href":"https:\/\/westjysk-coins.com\/en\/wp-json\/wp\/v2\/media\/48294"}],"wp:attachment":[{"href":"https:\/\/westjysk-coins.com\/en\/wp-json\/wp\/v2\/media?parent=48382"}],"wp:term":[{"taxonomy":"product_brand","embeddable":true,"href":"https:\/\/westjysk-coins.com\/en\/wp-json\/wp\/v2\/product_brand?post=48382"},{"taxonomy":"product_cat","embeddable":true,"href":"https:\/\/westjysk-coins.com\/en\/wp-json\/wp\/v2\/product_cat?post=48382"},{"taxonomy":"product_tag","embeddable":true,"href":"https:\/\/westjysk-coins.com\/en\/wp-json\/wp\/v2\/product_tag?post=48382"}],"curies":[{"name":"wp","href":"https:\/\/api.w.org\/{rel}","templated":true}]}}