{"id":47729,"date":"2026-02-14T20:48:10","date_gmt":"2026-02-14T19:48:10","guid":{"rendered":"https:\/\/westjysk-coins.com\/product\/500-kroner-1997-a0-heering-bodil-nyboe-andersen-nr-076634m-sieg-149-dop-158-pick-58-kva-0\/"},"modified":"2026-02-14T20:48:10","modified_gmt":"2026-02-14T19:48:10","slug":"500-kroner-1997-a0-heering-bodil-nyboe-andersen-nr-076634m-sieg-149-dop-158-pick-58-kva-0","status":"publish","type":"product","link":"https:\/\/westjysk-coins.com\/en\/product\/500-kroner-1997-a0-heering-bodil-nyboe-andersen-nr-076634m-sieg-149-dop-158-pick-58-kva-0\/","title":{"rendered":"500 kroner 1997 A0, Heering\/Bodil Nyboe Andersen, Nr. 076634M, Sieg 149, DOP 158, Pick 58, Kva. 0"},"content":{"rendered":"","protected":false},"excerpt":{"rendered":"","protected":false},"featured_media":47626,"comment_status":"closed","ping_status":"closed","template":"","meta":{"_acf_changed":false},"product_brand":[],"product_cat":[379,352,374,375],"product_tag":[],"class_list":{"0":"post-47729","1":"product","2":"type-product","3":"status-publish","4":"has-post-thumbnail","6":"product_cat-500-crowns","7":"product_cat-all-products","8":"product_cat-banknotes","9":"product_cat-denmark-en","10":"sales-flash-overlay","11":"woocommerce-text-align-center","12":"woocommerce-image-align-center","13":"do-quantity-buttons","15":"first","16":"instock","17":"shipping-taxable","18":"purchasable","19":"product-type-simple"},"acf":[],"yoast_head":"<!-- This site is optimized with the Yoast SEO plugin v26.8 - https:\/\/yoast.com\/product\/yoast-seo-wordpress\/ -->\n<title>500 kroner 1997 A0, Heering\/Bodil Nyboe Andersen, Nr. 076634M, Sieg 149, DOP 158, Pick 58, Kva. 0 | Westjysk Coins<\/title>\n<meta name=\"robots\" content=\"index, follow, max-snippet:-1, max-image-preview:large, max-video-preview:-1\" \/>\n<link rel=\"canonical\" href=\"https:\/\/westjysk-coins.com\/en\/product\/500-kroner-1997-a0-heering-bodil-nyboe-andersen-nr-076634m-sieg-149-dop-158-pick-58-kva-0\/\" \/>\n<meta property=\"og:locale\" content=\"en_US\" \/>\n<meta property=\"og:type\" content=\"article\" \/>\n<meta property=\"og:title\" content=\"500 kroner 1997 A0, Heering\/Bodil Nyboe Andersen, Nr. 076634M, Sieg 149, DOP 158, Pick 58, Kva. 0 | Westjysk Coins\" \/>\n<meta property=\"og:url\" content=\"https:\/\/westjysk-coins.com\/en\/product\/500-kroner-1997-a0-heering-bodil-nyboe-andersen-nr-076634m-sieg-149-dop-158-pick-58-kva-0\/\" \/>\n<meta property=\"og:site_name\" content=\"Westjysk Coins\" \/>\n<meta name=\"twitter:card\" content=\"summary_large_image\" \/>\n<script type=\"application\/ld+json\" class=\"yoast-schema-graph\">{\"@context\":\"https:\/\/schema.org\",\"@graph\":[{\"@type\":\"WebPage\",\"@id\":\"https:\/\/westjysk-coins.com\/en\/product\/500-kroner-1997-a0-heering-bodil-nyboe-andersen-nr-076634m-sieg-149-dop-158-pick-58-kva-0\/\",\"url\":\"https:\/\/westjysk-coins.com\/en\/product\/500-kroner-1997-a0-heering-bodil-nyboe-andersen-nr-076634m-sieg-149-dop-158-pick-58-kva-0\/\",\"name\":\"500 kroner 1997 A0, Heering\/Bodil Nyboe Andersen, Nr. 076634M, Sieg 149, DOP 158, Pick 58, Kva. 0 | Westjysk Coins\",\"isPartOf\":{\"@id\":\"https:\/\/westjysk-coins.webserver1.dk\/#website\"},\"primaryImageOfPage\":{\"@id\":\"https:\/\/westjysk-coins.com\/en\/product\/500-kroner-1997-a0-heering-bodil-nyboe-andersen-nr-076634m-sieg-149-dop-158-pick-58-kva-0\/#primaryimage\"},\"image\":{\"@id\":\"https:\/\/westjysk-coins.com\/en\/product\/500-kroner-1997-a0-heering-bodil-nyboe-andersen-nr-076634m-sieg-149-dop-158-pick-58-kva-0\/#primaryimage\"},\"thumbnailUrl\":\"https:\/\/westjysk-coins.com\/wp-content\/uploads\/2026\/02\/IMG_4738-Photoroom-scaled.jpeg\",\"datePublished\":\"2026-02-14T19:48:10+00:00\",\"breadcrumb\":{\"@id\":\"https:\/\/westjysk-coins.com\/en\/product\/500-kroner-1997-a0-heering-bodil-nyboe-andersen-nr-076634m-sieg-149-dop-158-pick-58-kva-0\/#breadcrumb\"},\"inLanguage\":\"en-US\",\"potentialAction\":[{\"@type\":\"ReadAction\",\"target\":[\"https:\/\/westjysk-coins.com\/en\/product\/500-kroner-1997-a0-heering-bodil-nyboe-andersen-nr-076634m-sieg-149-dop-158-pick-58-kva-0\/\"]}]},{\"@type\":\"ImageObject\",\"inLanguage\":\"en-US\",\"@id\":\"https:\/\/westjysk-coins.com\/en\/product\/500-kroner-1997-a0-heering-bodil-nyboe-andersen-nr-076634m-sieg-149-dop-158-pick-58-kva-0\/#primaryimage\",\"url\":\"https:\/\/westjysk-coins.com\/wp-content\/uploads\/2026\/02\/IMG_4738-Photoroom-scaled.jpeg\",\"contentUrl\":\"https:\/\/westjysk-coins.com\/wp-content\/uploads\/2026\/02\/IMG_4738-Photoroom-scaled.jpeg\",\"width\":2048,\"height\":1536},{\"@type\":\"BreadcrumbList\",\"@id\":\"https:\/\/westjysk-coins.com\/en\/product\/500-kroner-1997-a0-heering-bodil-nyboe-andersen-nr-076634m-sieg-149-dop-158-pick-58-kva-0\/#breadcrumb\",\"itemListElement\":[{\"@type\":\"ListItem\",\"position\":1,\"name\":\"Forside\",\"item\":\"https:\/\/westjysk-coins.com\/\"},{\"@type\":\"ListItem\",\"position\":2,\"name\":\"Shop\",\"item\":\"https:\/\/westjysk-coins.com\/en\/shop\/\"},{\"@type\":\"ListItem\",\"position\":3,\"name\":\"500 kroner 1997 A0, Heering\/Bodil Nyboe Andersen, Nr. 076634M, Sieg 149, DOP 158, Pick 58, Kva. 0\"}]},{\"@type\":\"WebSite\",\"@id\":\"https:\/\/westjysk-coins.webserver1.dk\/#website\",\"url\":\"https:\/\/westjysk-coins.webserver1.dk\/\",\"name\":\"Westjysk Coins\",\"description\":\"K\u00f8b, salg og vurderinger af gamle m\u00f8nter, sedler, guld og s\u00f8lv, b\u00e5de danske og udlandske\",\"publisher\":{\"@id\":\"https:\/\/westjysk-coins.webserver1.dk\/#organization\"},\"potentialAction\":[{\"@type\":\"SearchAction\",\"target\":{\"@type\":\"EntryPoint\",\"urlTemplate\":\"https:\/\/westjysk-coins.webserver1.dk\/?s={search_term_string}\"},\"query-input\":{\"@type\":\"PropertyValueSpecification\",\"valueRequired\":true,\"valueName\":\"search_term_string\"}}],\"inLanguage\":\"en-US\"},{\"@type\":\"Organization\",\"@id\":\"https:\/\/westjysk-coins.webserver1.dk\/#organization\",\"name\":\"Westjysk Coins\",\"url\":\"https:\/\/westjysk-coins.webserver1.dk\/\",\"logo\":{\"@type\":\"ImageObject\",\"inLanguage\":\"en-US\",\"@id\":\"https:\/\/westjysk-coins.webserver1.dk\/#\/schema\/logo\/image\/\",\"url\":\"https:\/\/westjysk-coins.com\/wp-content\/uploads\/2024\/01\/westjysk-logo.svg\",\"contentUrl\":\"https:\/\/westjysk-coins.com\/wp-content\/uploads\/2024\/01\/westjysk-logo.svg\",\"width\":312,\"height\":44,\"caption\":\"Westjysk Coins\"},\"image\":{\"@id\":\"https:\/\/westjysk-coins.webserver1.dk\/#\/schema\/logo\/image\/\"}}]}<\/script>\n<!-- \/ Yoast SEO plugin. -->","yoast_head_json":{"title":"500 kroner 1997 A0, Heering\/Bodil Nyboe Andersen, Nr. 076634M, Sieg 149, DOP 158, Pick 58, Kva. 0 | Westjysk Coins","robots":{"index":"index","follow":"follow","max-snippet":"max-snippet:-1","max-image-preview":"max-image-preview:large","max-video-preview":"max-video-preview:-1"},"canonical":"https:\/\/westjysk-coins.com\/en\/product\/500-kroner-1997-a0-heering-bodil-nyboe-andersen-nr-076634m-sieg-149-dop-158-pick-58-kva-0\/","og_locale":"en_US","og_type":"article","og_title":"500 kroner 1997 A0, Heering\/Bodil Nyboe Andersen, Nr. 076634M, Sieg 149, DOP 158, Pick 58, Kva. 0 | Westjysk Coins","og_url":"https:\/\/westjysk-coins.com\/en\/product\/500-kroner-1997-a0-heering-bodil-nyboe-andersen-nr-076634m-sieg-149-dop-158-pick-58-kva-0\/","og_site_name":"Westjysk Coins","twitter_card":"summary_large_image","schema":{"@context":"https:\/\/schema.org","@graph":[{"@type":"WebPage","@id":"https:\/\/westjysk-coins.com\/en\/product\/500-kroner-1997-a0-heering-bodil-nyboe-andersen-nr-076634m-sieg-149-dop-158-pick-58-kva-0\/","url":"https:\/\/westjysk-coins.com\/en\/product\/500-kroner-1997-a0-heering-bodil-nyboe-andersen-nr-076634m-sieg-149-dop-158-pick-58-kva-0\/","name":"500 kroner 1997 A0, Heering\/Bodil Nyboe Andersen, Nr. 076634M, Sieg 149, DOP 158, Pick 58, Kva. 0 | Westjysk Coins","isPartOf":{"@id":"https:\/\/westjysk-coins.webserver1.dk\/#website"},"primaryImageOfPage":{"@id":"https:\/\/westjysk-coins.com\/en\/product\/500-kroner-1997-a0-heering-bodil-nyboe-andersen-nr-076634m-sieg-149-dop-158-pick-58-kva-0\/#primaryimage"},"image":{"@id":"https:\/\/westjysk-coins.com\/en\/product\/500-kroner-1997-a0-heering-bodil-nyboe-andersen-nr-076634m-sieg-149-dop-158-pick-58-kva-0\/#primaryimage"},"thumbnailUrl":"https:\/\/westjysk-coins.com\/wp-content\/uploads\/2026\/02\/IMG_4738-Photoroom-scaled.jpeg","datePublished":"2026-02-14T19:48:10+00:00","breadcrumb":{"@id":"https:\/\/westjysk-coins.com\/en\/product\/500-kroner-1997-a0-heering-bodil-nyboe-andersen-nr-076634m-sieg-149-dop-158-pick-58-kva-0\/#breadcrumb"},"inLanguage":"en-US","potentialAction":[{"@type":"ReadAction","target":["https:\/\/westjysk-coins.com\/en\/product\/500-kroner-1997-a0-heering-bodil-nyboe-andersen-nr-076634m-sieg-149-dop-158-pick-58-kva-0\/"]}]},{"@type":"ImageObject","inLanguage":"en-US","@id":"https:\/\/westjysk-coins.com\/en\/product\/500-kroner-1997-a0-heering-bodil-nyboe-andersen-nr-076634m-sieg-149-dop-158-pick-58-kva-0\/#primaryimage","url":"https:\/\/westjysk-coins.com\/wp-content\/uploads\/2026\/02\/IMG_4738-Photoroom-scaled.jpeg","contentUrl":"https:\/\/westjysk-coins.com\/wp-content\/uploads\/2026\/02\/IMG_4738-Photoroom-scaled.jpeg","width":2048,"height":1536},{"@type":"BreadcrumbList","@id":"https:\/\/westjysk-coins.com\/en\/product\/500-kroner-1997-a0-heering-bodil-nyboe-andersen-nr-076634m-sieg-149-dop-158-pick-58-kva-0\/#breadcrumb","itemListElement":[{"@type":"ListItem","position":1,"name":"Forside","item":"https:\/\/westjysk-coins.com\/"},{"@type":"ListItem","position":2,"name":"Shop","item":"https:\/\/westjysk-coins.com\/en\/shop\/"},{"@type":"ListItem","position":3,"name":"500 kroner 1997 A0, Heering\/Bodil Nyboe Andersen, Nr. 076634M, Sieg 149, DOP 158, Pick 58, Kva. 0"}]},{"@type":"WebSite","@id":"https:\/\/westjysk-coins.webserver1.dk\/#website","url":"https:\/\/westjysk-coins.webserver1.dk\/","name":"Westjysk Coins","description":"K\u00f8b, salg og vurderinger af gamle m\u00f8nter, sedler, guld og s\u00f8lv, b\u00e5de danske og udlandske","publisher":{"@id":"https:\/\/westjysk-coins.webserver1.dk\/#organization"},"potentialAction":[{"@type":"SearchAction","target":{"@type":"EntryPoint","urlTemplate":"https:\/\/westjysk-coins.webserver1.dk\/?s={search_term_string}"},"query-input":{"@type":"PropertyValueSpecification","valueRequired":true,"valueName":"search_term_string"}}],"inLanguage":"en-US"},{"@type":"Organization","@id":"https:\/\/westjysk-coins.webserver1.dk\/#organization","name":"Westjysk Coins","url":"https:\/\/westjysk-coins.webserver1.dk\/","logo":{"@type":"ImageObject","inLanguage":"en-US","@id":"https:\/\/westjysk-coins.webserver1.dk\/#\/schema\/logo\/image\/","url":"https:\/\/westjysk-coins.com\/wp-content\/uploads\/2024\/01\/westjysk-logo.svg","contentUrl":"https:\/\/westjysk-coins.com\/wp-content\/uploads\/2024\/01\/westjysk-logo.svg","width":312,"height":44,"caption":"Westjysk Coins"},"image":{"@id":"https:\/\/westjysk-coins.webserver1.dk\/#\/schema\/logo\/image\/"}}]}},"_links":{"self":[{"href":"https:\/\/westjysk-coins.com\/en\/wp-json\/wp\/v2\/product\/47729","targetHints":{"allow":["GET"]}}],"collection":[{"href":"https:\/\/westjysk-coins.com\/en\/wp-json\/wp\/v2\/product"}],"about":[{"href":"https:\/\/westjysk-coins.com\/en\/wp-json\/wp\/v2\/types\/product"}],"replies":[{"embeddable":true,"href":"https:\/\/westjysk-coins.com\/en\/wp-json\/wp\/v2\/comments?post=47729"}],"wp:featuredmedia":[{"embeddable":true,"href":"https:\/\/westjysk-coins.com\/en\/wp-json\/wp\/v2\/media\/47626"}],"wp:attachment":[{"href":"https:\/\/westjysk-coins.com\/en\/wp-json\/wp\/v2\/media?parent=47729"}],"wp:term":[{"taxonomy":"product_brand","embeddable":true,"href":"https:\/\/westjysk-coins.com\/en\/wp-json\/wp\/v2\/product_brand?post=47729"},{"taxonomy":"product_cat","embeddable":true,"href":"https:\/\/westjysk-coins.com\/en\/wp-json\/wp\/v2\/product_cat?post=47729"},{"taxonomy":"product_tag","embeddable":true,"href":"https:\/\/westjysk-coins.com\/en\/wp-json\/wp\/v2\/product_tag?post=47729"}],"curies":[{"name":"wp","href":"https:\/\/api.w.org\/{rel}","templated":true}]}}