{"id":44267,"date":"2026-01-20T13:47:22","date_gmt":"2026-01-20T12:47:22","guid":{"rendered":"https:\/\/westjysk-coins.com\/product\/1805-speciedaler-u-aar-chr-vii-sieg-50-hede-16-kva-0-m-plet-smukt-eksemplar-af-denne-sjaelden-kobberproevemoent\/"},"modified":"2026-01-20T13:47:22","modified_gmt":"2026-01-20T12:47:22","slug":"1805-speciedaler-u-aar-chr-vii-sieg-50-hede-16-kva-0-m-plet-smukt-eksemplar-af-denne-sjaelden-kobberproevemoent","status":"publish","type":"product","link":"https:\/\/westjysk-coins.com\/en\/product\/1805-speciedaler-u-aar-chr-vii-sieg-50-hede-16-kva-0-m-plet-smukt-eksemplar-af-denne-sjaelden-kobberproevemoent\/","title":{"rendered":"&#8220;1805&#8221;, speciedaler u.\u00e5r, Chr.VII, Sieg 50, Hede 16, Kva. 0-M, plet, Smukt eksemplar af denne sj\u00e6lden kobberpr\u00f8vem\u00f8nt"},"content":{"rendered":"<p>S 3a, FP P3, 24,56 g, plet &#8211; smukt eksemplar af denne sj\u00e6ldne kobberpr\u00f8vem\u00f8nt der blev pr\u00e6get af C. H. K\u00fcchler ved Soho m\u00f8ntstedet i Birmingham og senere i K\u00f8benhavn<\/p>\n","protected":false},"excerpt":{"rendered":"<p>S 3a, FP P3, 24,56 g, plet &#8211; smukt eksemplar af denne sj\u00e6ldne kobberpr\u00f8vem\u00f8nt der blev pr\u00e6get af C. H. K\u00fcchler ved Soho m\u00f8ntstedet i Birmingham og senere i K\u00f8benhavn<\/p>\n","protected":false},"featured_media":44152,"comment_status":"closed","ping_status":"closed","template":"","meta":{"_acf_changed":false},"product_brand":[],"product_cat":[418,352,351,353,406,428,448,450],"product_tag":[],"class_list":{"0":"post-44267","1":"product","2":"type-product","3":"status-publish","4":"has-post-thumbnail","6":"product_cat-1766-1808-christian-vll-en","7":"product_cat-all-products","8":"product_cat-coins","9":"product_cat-denmark","10":"product_cat-proof-coins","11":"product_cat-1448-1874-en","12":"product_cat-foer-1983-en","13":"product_cat-proevemoenter-en","14":"sales-flash-overlay","15":"woocommerce-text-align-center","16":"woocommerce-image-align-center","17":"do-quantity-buttons","19":"first","20":"instock","21":"shipping-taxable","22":"purchasable","23":"product-type-simple"},"acf":[],"yoast_head":"<!-- This site is optimized with the Yoast SEO plugin v26.8 - https:\/\/yoast.com\/product\/yoast-seo-wordpress\/ -->\n<title>&quot;1805&quot;, speciedaler u.\u00e5r, Chr.VII, Sieg 50, Hede 16, Kva. 0-M, plet, Smukt eksemplar af denne sj\u00e6lden kobberpr\u00f8vem\u00f8nt | Westjysk Coins<\/title>\n<meta name=\"robots\" content=\"index, follow, max-snippet:-1, max-image-preview:large, max-video-preview:-1\" \/>\n<link rel=\"canonical\" href=\"https:\/\/westjysk-coins.com\/en\/product\/1805-speciedaler-u-aar-chr-vii-sieg-50-hede-16-kva-0-m-plet-smukt-eksemplar-af-denne-sjaelden-kobberproevemoent\/\" \/>\n<meta property=\"og:locale\" content=\"en_US\" \/>\n<meta property=\"og:type\" content=\"article\" \/>\n<meta property=\"og:title\" content=\"&quot;1805&quot;, speciedaler u.\u00e5r, Chr.VII, Sieg 50, Hede 16, Kva. 0-M, plet, Smukt eksemplar af denne sj\u00e6lden kobberpr\u00f8vem\u00f8nt | Westjysk Coins\" \/>\n<meta property=\"og:description\" content=\"S 3a, FP P3, 24,56 g, plet &#8211; smukt eksemplar af denne sj\u00e6ldne kobberpr\u00f8vem\u00f8nt der blev pr\u00e6get af C. H. K\u00fcchler ved Soho m\u00f8ntstedet i Birmingham og senere i K\u00f8benhavn\" \/>\n<meta property=\"og:url\" content=\"https:\/\/westjysk-coins.com\/en\/product\/1805-speciedaler-u-aar-chr-vii-sieg-50-hede-16-kva-0-m-plet-smukt-eksemplar-af-denne-sjaelden-kobberproevemoent\/\" \/>\n<meta property=\"og:site_name\" content=\"Westjysk Coins\" \/>\n<meta name=\"twitter:card\" content=\"summary_large_image\" \/>\n<script type=\"application\/ld+json\" class=\"yoast-schema-graph\">{\"@context\":\"https:\/\/schema.org\",\"@graph\":[{\"@type\":\"WebPage\",\"@id\":\"https:\/\/westjysk-coins.com\/en\/product\/1805-speciedaler-u-aar-chr-vii-sieg-50-hede-16-kva-0-m-plet-smukt-eksemplar-af-denne-sjaelden-kobberproevemoent\/\",\"url\":\"https:\/\/westjysk-coins.com\/en\/product\/1805-speciedaler-u-aar-chr-vii-sieg-50-hede-16-kva-0-m-plet-smukt-eksemplar-af-denne-sjaelden-kobberproevemoent\/\",\"name\":\"\\\"1805\\\", speciedaler u.\u00e5r, Chr.VII, Sieg 50, Hede 16, Kva. 0-M, plet, Smukt eksemplar af denne sj\u00e6lden kobberpr\u00f8vem\u00f8nt | Westjysk Coins\",\"isPartOf\":{\"@id\":\"https:\/\/westjysk-coins.webserver1.dk\/#website\"},\"primaryImageOfPage\":{\"@id\":\"https:\/\/westjysk-coins.com\/en\/product\/1805-speciedaler-u-aar-chr-vii-sieg-50-hede-16-kva-0-m-plet-smukt-eksemplar-af-denne-sjaelden-kobberproevemoent\/#primaryimage\"},\"image\":{\"@id\":\"https:\/\/westjysk-coins.com\/en\/product\/1805-speciedaler-u-aar-chr-vii-sieg-50-hede-16-kva-0-m-plet-smukt-eksemplar-af-denne-sjaelden-kobberproevemoent\/#primaryimage\"},\"thumbnailUrl\":\"https:\/\/westjysk-coins.com\/wp-content\/uploads\/2026\/01\/Photoroom_070_20251211_235300.jpeg\",\"datePublished\":\"2026-01-20T12:47:22+00:00\",\"breadcrumb\":{\"@id\":\"https:\/\/westjysk-coins.com\/en\/product\/1805-speciedaler-u-aar-chr-vii-sieg-50-hede-16-kva-0-m-plet-smukt-eksemplar-af-denne-sjaelden-kobberproevemoent\/#breadcrumb\"},\"inLanguage\":\"en-US\",\"potentialAction\":[{\"@type\":\"ReadAction\",\"target\":[\"https:\/\/westjysk-coins.com\/en\/product\/1805-speciedaler-u-aar-chr-vii-sieg-50-hede-16-kva-0-m-plet-smukt-eksemplar-af-denne-sjaelden-kobberproevemoent\/\"]}]},{\"@type\":\"ImageObject\",\"inLanguage\":\"en-US\",\"@id\":\"https:\/\/westjysk-coins.com\/en\/product\/1805-speciedaler-u-aar-chr-vii-sieg-50-hede-16-kva-0-m-plet-smukt-eksemplar-af-denne-sjaelden-kobberproevemoent\/#primaryimage\",\"url\":\"https:\/\/westjysk-coins.com\/wp-content\/uploads\/2026\/01\/Photoroom_070_20251211_235300.jpeg\",\"contentUrl\":\"https:\/\/westjysk-coins.com\/wp-content\/uploads\/2026\/01\/Photoroom_070_20251211_235300.jpeg\",\"width\":1512,\"height\":1512},{\"@type\":\"BreadcrumbList\",\"@id\":\"https:\/\/westjysk-coins.com\/en\/product\/1805-speciedaler-u-aar-chr-vii-sieg-50-hede-16-kva-0-m-plet-smukt-eksemplar-af-denne-sjaelden-kobberproevemoent\/#breadcrumb\",\"itemListElement\":[{\"@type\":\"ListItem\",\"position\":1,\"name\":\"Forside\",\"item\":\"https:\/\/westjysk-coins.com\/\"},{\"@type\":\"ListItem\",\"position\":2,\"name\":\"Shop\",\"item\":\"https:\/\/westjysk-coins.com\/en\/shop\/\"},{\"@type\":\"ListItem\",\"position\":3,\"name\":\"&#8220;1805&#8221;, speciedaler u.\u00e5r, Chr.VII, Sieg 50, Hede 16, Kva. 0-M, plet, Smukt eksemplar af denne sj\u00e6lden kobberpr\u00f8vem\u00f8nt\"}]},{\"@type\":\"WebSite\",\"@id\":\"https:\/\/westjysk-coins.webserver1.dk\/#website\",\"url\":\"https:\/\/westjysk-coins.webserver1.dk\/\",\"name\":\"Westjysk Coins\",\"description\":\"K\u00f8b, salg og vurderinger af gamle m\u00f8nter, sedler, guld og s\u00f8lv, b\u00e5de danske og udlandske\",\"publisher\":{\"@id\":\"https:\/\/westjysk-coins.webserver1.dk\/#organization\"},\"potentialAction\":[{\"@type\":\"SearchAction\",\"target\":{\"@type\":\"EntryPoint\",\"urlTemplate\":\"https:\/\/westjysk-coins.webserver1.dk\/?s={search_term_string}\"},\"query-input\":{\"@type\":\"PropertyValueSpecification\",\"valueRequired\":true,\"valueName\":\"search_term_string\"}}],\"inLanguage\":\"en-US\"},{\"@type\":\"Organization\",\"@id\":\"https:\/\/westjysk-coins.webserver1.dk\/#organization\",\"name\":\"Westjysk Coins\",\"url\":\"https:\/\/westjysk-coins.webserver1.dk\/\",\"logo\":{\"@type\":\"ImageObject\",\"inLanguage\":\"en-US\",\"@id\":\"https:\/\/westjysk-coins.webserver1.dk\/#\/schema\/logo\/image\/\",\"url\":\"https:\/\/westjysk-coins.com\/wp-content\/uploads\/2024\/01\/westjysk-logo.svg\",\"contentUrl\":\"https:\/\/westjysk-coins.com\/wp-content\/uploads\/2024\/01\/westjysk-logo.svg\",\"width\":312,\"height\":44,\"caption\":\"Westjysk Coins\"},\"image\":{\"@id\":\"https:\/\/westjysk-coins.webserver1.dk\/#\/schema\/logo\/image\/\"}}]}<\/script>\n<!-- \/ Yoast SEO plugin. -->","yoast_head_json":{"title":"\"1805\", speciedaler u.\u00e5r, Chr.VII, Sieg 50, Hede 16, Kva. 0-M, plet, Smukt eksemplar af denne sj\u00e6lden kobberpr\u00f8vem\u00f8nt | Westjysk Coins","robots":{"index":"index","follow":"follow","max-snippet":"max-snippet:-1","max-image-preview":"max-image-preview:large","max-video-preview":"max-video-preview:-1"},"canonical":"https:\/\/westjysk-coins.com\/en\/product\/1805-speciedaler-u-aar-chr-vii-sieg-50-hede-16-kva-0-m-plet-smukt-eksemplar-af-denne-sjaelden-kobberproevemoent\/","og_locale":"en_US","og_type":"article","og_title":"\"1805\", speciedaler u.\u00e5r, Chr.VII, Sieg 50, Hede 16, Kva. 0-M, plet, Smukt eksemplar af denne sj\u00e6lden kobberpr\u00f8vem\u00f8nt | Westjysk Coins","og_description":"S 3a, FP P3, 24,56 g, plet &#8211; smukt eksemplar af denne sj\u00e6ldne kobberpr\u00f8vem\u00f8nt der blev pr\u00e6get af C. H. K\u00fcchler ved Soho m\u00f8ntstedet i Birmingham og senere i K\u00f8benhavn","og_url":"https:\/\/westjysk-coins.com\/en\/product\/1805-speciedaler-u-aar-chr-vii-sieg-50-hede-16-kva-0-m-plet-smukt-eksemplar-af-denne-sjaelden-kobberproevemoent\/","og_site_name":"Westjysk Coins","twitter_card":"summary_large_image","schema":{"@context":"https:\/\/schema.org","@graph":[{"@type":"WebPage","@id":"https:\/\/westjysk-coins.com\/en\/product\/1805-speciedaler-u-aar-chr-vii-sieg-50-hede-16-kva-0-m-plet-smukt-eksemplar-af-denne-sjaelden-kobberproevemoent\/","url":"https:\/\/westjysk-coins.com\/en\/product\/1805-speciedaler-u-aar-chr-vii-sieg-50-hede-16-kva-0-m-plet-smukt-eksemplar-af-denne-sjaelden-kobberproevemoent\/","name":"\"1805\", speciedaler u.\u00e5r, Chr.VII, Sieg 50, Hede 16, Kva. 0-M, plet, Smukt eksemplar af denne sj\u00e6lden kobberpr\u00f8vem\u00f8nt | Westjysk Coins","isPartOf":{"@id":"https:\/\/westjysk-coins.webserver1.dk\/#website"},"primaryImageOfPage":{"@id":"https:\/\/westjysk-coins.com\/en\/product\/1805-speciedaler-u-aar-chr-vii-sieg-50-hede-16-kva-0-m-plet-smukt-eksemplar-af-denne-sjaelden-kobberproevemoent\/#primaryimage"},"image":{"@id":"https:\/\/westjysk-coins.com\/en\/product\/1805-speciedaler-u-aar-chr-vii-sieg-50-hede-16-kva-0-m-plet-smukt-eksemplar-af-denne-sjaelden-kobberproevemoent\/#primaryimage"},"thumbnailUrl":"https:\/\/westjysk-coins.com\/wp-content\/uploads\/2026\/01\/Photoroom_070_20251211_235300.jpeg","datePublished":"2026-01-20T12:47:22+00:00","breadcrumb":{"@id":"https:\/\/westjysk-coins.com\/en\/product\/1805-speciedaler-u-aar-chr-vii-sieg-50-hede-16-kva-0-m-plet-smukt-eksemplar-af-denne-sjaelden-kobberproevemoent\/#breadcrumb"},"inLanguage":"en-US","potentialAction":[{"@type":"ReadAction","target":["https:\/\/westjysk-coins.com\/en\/product\/1805-speciedaler-u-aar-chr-vii-sieg-50-hede-16-kva-0-m-plet-smukt-eksemplar-af-denne-sjaelden-kobberproevemoent\/"]}]},{"@type":"ImageObject","inLanguage":"en-US","@id":"https:\/\/westjysk-coins.com\/en\/product\/1805-speciedaler-u-aar-chr-vii-sieg-50-hede-16-kva-0-m-plet-smukt-eksemplar-af-denne-sjaelden-kobberproevemoent\/#primaryimage","url":"https:\/\/westjysk-coins.com\/wp-content\/uploads\/2026\/01\/Photoroom_070_20251211_235300.jpeg","contentUrl":"https:\/\/westjysk-coins.com\/wp-content\/uploads\/2026\/01\/Photoroom_070_20251211_235300.jpeg","width":1512,"height":1512},{"@type":"BreadcrumbList","@id":"https:\/\/westjysk-coins.com\/en\/product\/1805-speciedaler-u-aar-chr-vii-sieg-50-hede-16-kva-0-m-plet-smukt-eksemplar-af-denne-sjaelden-kobberproevemoent\/#breadcrumb","itemListElement":[{"@type":"ListItem","position":1,"name":"Forside","item":"https:\/\/westjysk-coins.com\/"},{"@type":"ListItem","position":2,"name":"Shop","item":"https:\/\/westjysk-coins.com\/en\/shop\/"},{"@type":"ListItem","position":3,"name":"&#8220;1805&#8221;, speciedaler u.\u00e5r, Chr.VII, Sieg 50, Hede 16, Kva. 0-M, plet, Smukt eksemplar af denne sj\u00e6lden kobberpr\u00f8vem\u00f8nt"}]},{"@type":"WebSite","@id":"https:\/\/westjysk-coins.webserver1.dk\/#website","url":"https:\/\/westjysk-coins.webserver1.dk\/","name":"Westjysk Coins","description":"K\u00f8b, salg og vurderinger af gamle m\u00f8nter, sedler, guld og s\u00f8lv, b\u00e5de danske og udlandske","publisher":{"@id":"https:\/\/westjysk-coins.webserver1.dk\/#organization"},"potentialAction":[{"@type":"SearchAction","target":{"@type":"EntryPoint","urlTemplate":"https:\/\/westjysk-coins.webserver1.dk\/?s={search_term_string}"},"query-input":{"@type":"PropertyValueSpecification","valueRequired":true,"valueName":"search_term_string"}}],"inLanguage":"en-US"},{"@type":"Organization","@id":"https:\/\/westjysk-coins.webserver1.dk\/#organization","name":"Westjysk Coins","url":"https:\/\/westjysk-coins.webserver1.dk\/","logo":{"@type":"ImageObject","inLanguage":"en-US","@id":"https:\/\/westjysk-coins.webserver1.dk\/#\/schema\/logo\/image\/","url":"https:\/\/westjysk-coins.com\/wp-content\/uploads\/2024\/01\/westjysk-logo.svg","contentUrl":"https:\/\/westjysk-coins.com\/wp-content\/uploads\/2024\/01\/westjysk-logo.svg","width":312,"height":44,"caption":"Westjysk Coins"},"image":{"@id":"https:\/\/westjysk-coins.webserver1.dk\/#\/schema\/logo\/image\/"}}]}},"_links":{"self":[{"href":"https:\/\/westjysk-coins.com\/en\/wp-json\/wp\/v2\/product\/44267","targetHints":{"allow":["GET"]}}],"collection":[{"href":"https:\/\/westjysk-coins.com\/en\/wp-json\/wp\/v2\/product"}],"about":[{"href":"https:\/\/westjysk-coins.com\/en\/wp-json\/wp\/v2\/types\/product"}],"replies":[{"embeddable":true,"href":"https:\/\/westjysk-coins.com\/en\/wp-json\/wp\/v2\/comments?post=44267"}],"wp:featuredmedia":[{"embeddable":true,"href":"https:\/\/westjysk-coins.com\/en\/wp-json\/wp\/v2\/media\/44152"}],"wp:attachment":[{"href":"https:\/\/westjysk-coins.com\/en\/wp-json\/wp\/v2\/media?parent=44267"}],"wp:term":[{"taxonomy":"product_brand","embeddable":true,"href":"https:\/\/westjysk-coins.com\/en\/wp-json\/wp\/v2\/product_brand?post=44267"},{"taxonomy":"product_cat","embeddable":true,"href":"https:\/\/westjysk-coins.com\/en\/wp-json\/wp\/v2\/product_cat?post=44267"},{"taxonomy":"product_tag","embeddable":true,"href":"https:\/\/westjysk-coins.com\/en\/wp-json\/wp\/v2\/product_tag?post=44267"}],"curies":[{"name":"wp","href":"https:\/\/api.w.org\/{rel}","templated":true}]}}