{"id":43151,"date":"2025-12-15T10:02:01","date_gmt":"2025-12-15T09:02:01","guid":{"rendered":"https:\/\/westjysk-coins.com\/product\/soelvmedalje-1718-fre-iv-ophaevelsen-af-frederikstens-belejring-peter-berg-g-313-ossbahr-194-js-631-mem-12-139-61-mm-9021-g-udsoegt-eksemplar-af-denne-sjaeldne-type-der-blev-slaaet-til-min\/"},"modified":"2025-12-15T10:02:01","modified_gmt":"2025-12-15T09:02:01","slug":"soelvmedalje-1718-fre-iv-ophaevelsen-af-frederikstens-belejring-peter-berg-g-313-ossbahr-194-js-631-mem-12-139-61-mm-9021-g-udsoegt-eksemplar-af-denne-sjaeldne-type-der-blev-slaaet-til-min","status":"publish","type":"product","link":"https:\/\/westjysk-coins.com\/en\/product\/soelvmedalje-1718-fre-iv-ophaevelsen-af-frederikstens-belejring-peter-berg-g-313-ossbahr-194-js-631-mem-12-139-61-mm-9021-g-udsoegt-eksemplar-af-denne-sjaeldne-type-der-blev-slaaet-til-min\/","title":{"rendered":"S\u00f8lvmedalje 1718, Fre.IV, Oph\u00e6velsen af Frederikstens belejring, Peter Berg, G 313, Ossbahr 194, JS 631, MEM 12.139, 61 mm, 90,21 g, uds\u00f8gt eksemplar af denne sj\u00e6ldne type, der blev sl\u00e5et til minde om Carl XII&#8217;s d\u00f8d og Frederikshalds befrielse, Medaillen blev kun pr\u00e6get i 15 eksemplarer i s\u00f8lv, Kva. 01 &#8220;opgraveret&#8221;"},"content":{"rendered":"","protected":false},"excerpt":{"rendered":"","protected":false},"featured_media":43085,"comment_status":"closed","ping_status":"closed","template":"","meta":{"_acf_changed":false},"product_brand":[],"product_cat":[423,352,400,401],"product_tag":[],"class_list":{"0":"post-43151","1":"product","2":"type-product","3":"status-publish","4":"has-post-thumbnail","6":"product_cat-1699-1730-frederik-iv","7":"product_cat-all-products","8":"product_cat-medals","9":"product_cat-silver-medals","10":"sales-flash-overlay","11":"woocommerce-text-align-center","12":"woocommerce-image-align-center","13":"do-quantity-buttons","15":"first","16":"instock","17":"shipping-taxable","18":"purchasable","19":"product-type-simple"},"acf":[],"yoast_head":"<!-- This site is optimized with the Yoast SEO plugin v26.8 - https:\/\/yoast.com\/product\/yoast-seo-wordpress\/ -->\n<title>S\u00f8lvmedalje 1718, Fre.IV, Oph\u00e6velsen af Frederikstens belejring, Peter Berg, G 313, Ossbahr 194, JS 631, MEM 12.139, 61 mm, 90,21 g, uds\u00f8gt eksemplar af denne sj\u00e6ldne type, der blev sl\u00e5et til minde om Carl XII&#039;s d\u00f8d og Frederikshalds befrielse, Medaillen blev kun pr\u00e6get i 15 eksemplarer i s\u00f8lv, Kva. 01 &quot;opgraveret&quot; | Westjysk Coins<\/title>\n<meta name=\"robots\" content=\"index, follow, max-snippet:-1, max-image-preview:large, max-video-preview:-1\" \/>\n<link rel=\"canonical\" href=\"https:\/\/westjysk-coins.com\/en\/product\/soelvmedalje-1718-fre-iv-ophaevelsen-af-frederikstens-belejring-peter-berg-g-313-ossbahr-194-js-631-mem-12-139-61-mm-9021-g-udsoegt-eksemplar-af-denne-sjaeldne-type-der-blev-slaaet-til-min\/\" \/>\n<meta property=\"og:locale\" content=\"en_US\" \/>\n<meta property=\"og:type\" content=\"article\" \/>\n<meta property=\"og:title\" content=\"S\u00f8lvmedalje 1718, Fre.IV, Oph\u00e6velsen af Frederikstens belejring, Peter Berg, G 313, Ossbahr 194, JS 631, MEM 12.139, 61 mm, 90,21 g, uds\u00f8gt eksemplar af denne sj\u00e6ldne type, der blev sl\u00e5et til minde om Carl XII&#039;s d\u00f8d og Frederikshalds befrielse, Medaillen blev kun pr\u00e6get i 15 eksemplarer i s\u00f8lv, Kva. 01 &quot;opgraveret&quot; | Westjysk Coins\" \/>\n<meta property=\"og:url\" content=\"https:\/\/westjysk-coins.com\/en\/product\/soelvmedalje-1718-fre-iv-ophaevelsen-af-frederikstens-belejring-peter-berg-g-313-ossbahr-194-js-631-mem-12-139-61-mm-9021-g-udsoegt-eksemplar-af-denne-sjaeldne-type-der-blev-slaaet-til-min\/\" \/>\n<meta property=\"og:site_name\" content=\"Westjysk Coins\" \/>\n<meta name=\"twitter:card\" content=\"summary_large_image\" \/>\n<script type=\"application\/ld+json\" class=\"yoast-schema-graph\">{\"@context\":\"https:\/\/schema.org\",\"@graph\":[{\"@type\":\"WebPage\",\"@id\":\"https:\/\/westjysk-coins.com\/en\/product\/soelvmedalje-1718-fre-iv-ophaevelsen-af-frederikstens-belejring-peter-berg-g-313-ossbahr-194-js-631-mem-12-139-61-mm-9021-g-udsoegt-eksemplar-af-denne-sjaeldne-type-der-blev-slaaet-til-min\/\",\"url\":\"https:\/\/westjysk-coins.com\/en\/product\/soelvmedalje-1718-fre-iv-ophaevelsen-af-frederikstens-belejring-peter-berg-g-313-ossbahr-194-js-631-mem-12-139-61-mm-9021-g-udsoegt-eksemplar-af-denne-sjaeldne-type-der-blev-slaaet-til-min\/\",\"name\":\"S\u00f8lvmedalje 1718, Fre.IV, Oph\u00e6velsen af Frederikstens belejring, Peter Berg, G 313, Ossbahr 194, JS 631, MEM 12.139, 61 mm, 90,21 g, uds\u00f8gt eksemplar af denne sj\u00e6ldne type, der blev sl\u00e5et til minde om Carl XII's d\u00f8d og Frederikshalds befrielse, Medaillen blev kun pr\u00e6get i 15 eksemplarer i s\u00f8lv, Kva. 01 \\\"opgraveret\\\" | Westjysk Coins\",\"isPartOf\":{\"@id\":\"https:\/\/westjysk-coins.webserver1.dk\/#website\"},\"primaryImageOfPage\":{\"@id\":\"https:\/\/westjysk-coins.com\/en\/product\/soelvmedalje-1718-fre-iv-ophaevelsen-af-frederikstens-belejring-peter-berg-g-313-ossbahr-194-js-631-mem-12-139-61-mm-9021-g-udsoegt-eksemplar-af-denne-sjaeldne-type-der-blev-slaaet-til-min\/#primaryimage\"},\"image\":{\"@id\":\"https:\/\/westjysk-coins.com\/en\/product\/soelvmedalje-1718-fre-iv-ophaevelsen-af-frederikstens-belejring-peter-berg-g-313-ossbahr-194-js-631-mem-12-139-61-mm-9021-g-udsoegt-eksemplar-af-denne-sjaeldne-type-der-blev-slaaet-til-min\/#primaryimage\"},\"thumbnailUrl\":\"https:\/\/westjysk-coins.com\/wp-content\/uploads\/2025\/12\/Photoroom_093_20251117_222706.jpeg\",\"datePublished\":\"2025-12-15T09:02:01+00:00\",\"breadcrumb\":{\"@id\":\"https:\/\/westjysk-coins.com\/en\/product\/soelvmedalje-1718-fre-iv-ophaevelsen-af-frederikstens-belejring-peter-berg-g-313-ossbahr-194-js-631-mem-12-139-61-mm-9021-g-udsoegt-eksemplar-af-denne-sjaeldne-type-der-blev-slaaet-til-min\/#breadcrumb\"},\"inLanguage\":\"en-US\",\"potentialAction\":[{\"@type\":\"ReadAction\",\"target\":[\"https:\/\/westjysk-coins.com\/en\/product\/soelvmedalje-1718-fre-iv-ophaevelsen-af-frederikstens-belejring-peter-berg-g-313-ossbahr-194-js-631-mem-12-139-61-mm-9021-g-udsoegt-eksemplar-af-denne-sjaeldne-type-der-blev-slaaet-til-min\/\"]}]},{\"@type\":\"ImageObject\",\"inLanguage\":\"en-US\",\"@id\":\"https:\/\/westjysk-coins.com\/en\/product\/soelvmedalje-1718-fre-iv-ophaevelsen-af-frederikstens-belejring-peter-berg-g-313-ossbahr-194-js-631-mem-12-139-61-mm-9021-g-udsoegt-eksemplar-af-denne-sjaeldne-type-der-blev-slaaet-til-min\/#primaryimage\",\"url\":\"https:\/\/westjysk-coins.com\/wp-content\/uploads\/2025\/12\/Photoroom_093_20251117_222706.jpeg\",\"contentUrl\":\"https:\/\/westjysk-coins.com\/wp-content\/uploads\/2025\/12\/Photoroom_093_20251117_222706.jpeg\",\"width\":1512,\"height\":1512},{\"@type\":\"BreadcrumbList\",\"@id\":\"https:\/\/westjysk-coins.com\/en\/product\/soelvmedalje-1718-fre-iv-ophaevelsen-af-frederikstens-belejring-peter-berg-g-313-ossbahr-194-js-631-mem-12-139-61-mm-9021-g-udsoegt-eksemplar-af-denne-sjaeldne-type-der-blev-slaaet-til-min\/#breadcrumb\",\"itemListElement\":[{\"@type\":\"ListItem\",\"position\":1,\"name\":\"Forside\",\"item\":\"https:\/\/westjysk-coins.com\/\"},{\"@type\":\"ListItem\",\"position\":2,\"name\":\"Shop\",\"item\":\"https:\/\/westjysk-coins.com\/en\/shop\/\"},{\"@type\":\"ListItem\",\"position\":3,\"name\":\"S\u00f8lvmedalje 1718, Fre.IV, Oph\u00e6velsen af Frederikstens belejring, Peter Berg, G 313, Ossbahr 194, JS 631, MEM 12.139, 61 mm, 90,21 g, uds\u00f8gt eksemplar af denne sj\u00e6ldne type, der blev sl\u00e5et til minde om Carl XII&#8217;s d\u00f8d og Frederikshalds befrielse, Medaillen blev kun pr\u00e6get i 15 eksemplarer i s\u00f8lv, Kva. 01 &#8220;opgraveret&#8221;\"}]},{\"@type\":\"WebSite\",\"@id\":\"https:\/\/westjysk-coins.webserver1.dk\/#website\",\"url\":\"https:\/\/westjysk-coins.webserver1.dk\/\",\"name\":\"Westjysk Coins\",\"description\":\"K\u00f8b, salg og vurderinger af gamle m\u00f8nter, sedler, guld og s\u00f8lv, b\u00e5de danske og udlandske\",\"publisher\":{\"@id\":\"https:\/\/westjysk-coins.webserver1.dk\/#organization\"},\"potentialAction\":[{\"@type\":\"SearchAction\",\"target\":{\"@type\":\"EntryPoint\",\"urlTemplate\":\"https:\/\/westjysk-coins.webserver1.dk\/?s={search_term_string}\"},\"query-input\":{\"@type\":\"PropertyValueSpecification\",\"valueRequired\":true,\"valueName\":\"search_term_string\"}}],\"inLanguage\":\"en-US\"},{\"@type\":\"Organization\",\"@id\":\"https:\/\/westjysk-coins.webserver1.dk\/#organization\",\"name\":\"Westjysk Coins\",\"url\":\"https:\/\/westjysk-coins.webserver1.dk\/\",\"logo\":{\"@type\":\"ImageObject\",\"inLanguage\":\"en-US\",\"@id\":\"https:\/\/westjysk-coins.webserver1.dk\/#\/schema\/logo\/image\/\",\"url\":\"https:\/\/westjysk-coins.com\/wp-content\/uploads\/2024\/01\/westjysk-logo.svg\",\"contentUrl\":\"https:\/\/westjysk-coins.com\/wp-content\/uploads\/2024\/01\/westjysk-logo.svg\",\"width\":312,\"height\":44,\"caption\":\"Westjysk Coins\"},\"image\":{\"@id\":\"https:\/\/westjysk-coins.webserver1.dk\/#\/schema\/logo\/image\/\"}}]}<\/script>\n<!-- \/ Yoast SEO plugin. -->","yoast_head_json":{"title":"S\u00f8lvmedalje 1718, Fre.IV, Oph\u00e6velsen af Frederikstens belejring, Peter Berg, G 313, Ossbahr 194, JS 631, MEM 12.139, 61 mm, 90,21 g, uds\u00f8gt eksemplar af denne sj\u00e6ldne type, der blev sl\u00e5et til minde om Carl XII's d\u00f8d og Frederikshalds befrielse, Medaillen blev kun pr\u00e6get i 15 eksemplarer i s\u00f8lv, Kva. 01 \"opgraveret\" | Westjysk Coins","robots":{"index":"index","follow":"follow","max-snippet":"max-snippet:-1","max-image-preview":"max-image-preview:large","max-video-preview":"max-video-preview:-1"},"canonical":"https:\/\/westjysk-coins.com\/en\/product\/soelvmedalje-1718-fre-iv-ophaevelsen-af-frederikstens-belejring-peter-berg-g-313-ossbahr-194-js-631-mem-12-139-61-mm-9021-g-udsoegt-eksemplar-af-denne-sjaeldne-type-der-blev-slaaet-til-min\/","og_locale":"en_US","og_type":"article","og_title":"S\u00f8lvmedalje 1718, Fre.IV, Oph\u00e6velsen af Frederikstens belejring, Peter Berg, G 313, Ossbahr 194, JS 631, MEM 12.139, 61 mm, 90,21 g, uds\u00f8gt eksemplar af denne sj\u00e6ldne type, der blev sl\u00e5et til minde om Carl XII's d\u00f8d og Frederikshalds befrielse, Medaillen blev kun pr\u00e6get i 15 eksemplarer i s\u00f8lv, Kva. 01 \"opgraveret\" | Westjysk Coins","og_url":"https:\/\/westjysk-coins.com\/en\/product\/soelvmedalje-1718-fre-iv-ophaevelsen-af-frederikstens-belejring-peter-berg-g-313-ossbahr-194-js-631-mem-12-139-61-mm-9021-g-udsoegt-eksemplar-af-denne-sjaeldne-type-der-blev-slaaet-til-min\/","og_site_name":"Westjysk Coins","twitter_card":"summary_large_image","schema":{"@context":"https:\/\/schema.org","@graph":[{"@type":"WebPage","@id":"https:\/\/westjysk-coins.com\/en\/product\/soelvmedalje-1718-fre-iv-ophaevelsen-af-frederikstens-belejring-peter-berg-g-313-ossbahr-194-js-631-mem-12-139-61-mm-9021-g-udsoegt-eksemplar-af-denne-sjaeldne-type-der-blev-slaaet-til-min\/","url":"https:\/\/westjysk-coins.com\/en\/product\/soelvmedalje-1718-fre-iv-ophaevelsen-af-frederikstens-belejring-peter-berg-g-313-ossbahr-194-js-631-mem-12-139-61-mm-9021-g-udsoegt-eksemplar-af-denne-sjaeldne-type-der-blev-slaaet-til-min\/","name":"S\u00f8lvmedalje 1718, Fre.IV, Oph\u00e6velsen af Frederikstens belejring, Peter Berg, G 313, Ossbahr 194, JS 631, MEM 12.139, 61 mm, 90,21 g, uds\u00f8gt eksemplar af denne sj\u00e6ldne type, der blev sl\u00e5et til minde om Carl XII's d\u00f8d og Frederikshalds befrielse, Medaillen blev kun pr\u00e6get i 15 eksemplarer i s\u00f8lv, Kva. 01 \"opgraveret\" | Westjysk Coins","isPartOf":{"@id":"https:\/\/westjysk-coins.webserver1.dk\/#website"},"primaryImageOfPage":{"@id":"https:\/\/westjysk-coins.com\/en\/product\/soelvmedalje-1718-fre-iv-ophaevelsen-af-frederikstens-belejring-peter-berg-g-313-ossbahr-194-js-631-mem-12-139-61-mm-9021-g-udsoegt-eksemplar-af-denne-sjaeldne-type-der-blev-slaaet-til-min\/#primaryimage"},"image":{"@id":"https:\/\/westjysk-coins.com\/en\/product\/soelvmedalje-1718-fre-iv-ophaevelsen-af-frederikstens-belejring-peter-berg-g-313-ossbahr-194-js-631-mem-12-139-61-mm-9021-g-udsoegt-eksemplar-af-denne-sjaeldne-type-der-blev-slaaet-til-min\/#primaryimage"},"thumbnailUrl":"https:\/\/westjysk-coins.com\/wp-content\/uploads\/2025\/12\/Photoroom_093_20251117_222706.jpeg","datePublished":"2025-12-15T09:02:01+00:00","breadcrumb":{"@id":"https:\/\/westjysk-coins.com\/en\/product\/soelvmedalje-1718-fre-iv-ophaevelsen-af-frederikstens-belejring-peter-berg-g-313-ossbahr-194-js-631-mem-12-139-61-mm-9021-g-udsoegt-eksemplar-af-denne-sjaeldne-type-der-blev-slaaet-til-min\/#breadcrumb"},"inLanguage":"en-US","potentialAction":[{"@type":"ReadAction","target":["https:\/\/westjysk-coins.com\/en\/product\/soelvmedalje-1718-fre-iv-ophaevelsen-af-frederikstens-belejring-peter-berg-g-313-ossbahr-194-js-631-mem-12-139-61-mm-9021-g-udsoegt-eksemplar-af-denne-sjaeldne-type-der-blev-slaaet-til-min\/"]}]},{"@type":"ImageObject","inLanguage":"en-US","@id":"https:\/\/westjysk-coins.com\/en\/product\/soelvmedalje-1718-fre-iv-ophaevelsen-af-frederikstens-belejring-peter-berg-g-313-ossbahr-194-js-631-mem-12-139-61-mm-9021-g-udsoegt-eksemplar-af-denne-sjaeldne-type-der-blev-slaaet-til-min\/#primaryimage","url":"https:\/\/westjysk-coins.com\/wp-content\/uploads\/2025\/12\/Photoroom_093_20251117_222706.jpeg","contentUrl":"https:\/\/westjysk-coins.com\/wp-content\/uploads\/2025\/12\/Photoroom_093_20251117_222706.jpeg","width":1512,"height":1512},{"@type":"BreadcrumbList","@id":"https:\/\/westjysk-coins.com\/en\/product\/soelvmedalje-1718-fre-iv-ophaevelsen-af-frederikstens-belejring-peter-berg-g-313-ossbahr-194-js-631-mem-12-139-61-mm-9021-g-udsoegt-eksemplar-af-denne-sjaeldne-type-der-blev-slaaet-til-min\/#breadcrumb","itemListElement":[{"@type":"ListItem","position":1,"name":"Forside","item":"https:\/\/westjysk-coins.com\/"},{"@type":"ListItem","position":2,"name":"Shop","item":"https:\/\/westjysk-coins.com\/en\/shop\/"},{"@type":"ListItem","position":3,"name":"S\u00f8lvmedalje 1718, Fre.IV, Oph\u00e6velsen af Frederikstens belejring, Peter Berg, G 313, Ossbahr 194, JS 631, MEM 12.139, 61 mm, 90,21 g, uds\u00f8gt eksemplar af denne sj\u00e6ldne type, der blev sl\u00e5et til minde om Carl XII&#8217;s d\u00f8d og Frederikshalds befrielse, Medaillen blev kun pr\u00e6get i 15 eksemplarer i s\u00f8lv, Kva. 01 &#8220;opgraveret&#8221;"}]},{"@type":"WebSite","@id":"https:\/\/westjysk-coins.webserver1.dk\/#website","url":"https:\/\/westjysk-coins.webserver1.dk\/","name":"Westjysk Coins","description":"K\u00f8b, salg og vurderinger af gamle m\u00f8nter, sedler, guld og s\u00f8lv, b\u00e5de danske og udlandske","publisher":{"@id":"https:\/\/westjysk-coins.webserver1.dk\/#organization"},"potentialAction":[{"@type":"SearchAction","target":{"@type":"EntryPoint","urlTemplate":"https:\/\/westjysk-coins.webserver1.dk\/?s={search_term_string}"},"query-input":{"@type":"PropertyValueSpecification","valueRequired":true,"valueName":"search_term_string"}}],"inLanguage":"en-US"},{"@type":"Organization","@id":"https:\/\/westjysk-coins.webserver1.dk\/#organization","name":"Westjysk Coins","url":"https:\/\/westjysk-coins.webserver1.dk\/","logo":{"@type":"ImageObject","inLanguage":"en-US","@id":"https:\/\/westjysk-coins.webserver1.dk\/#\/schema\/logo\/image\/","url":"https:\/\/westjysk-coins.com\/wp-content\/uploads\/2024\/01\/westjysk-logo.svg","contentUrl":"https:\/\/westjysk-coins.com\/wp-content\/uploads\/2024\/01\/westjysk-logo.svg","width":312,"height":44,"caption":"Westjysk Coins"},"image":{"@id":"https:\/\/westjysk-coins.webserver1.dk\/#\/schema\/logo\/image\/"}}]}},"_links":{"self":[{"href":"https:\/\/westjysk-coins.com\/en\/wp-json\/wp\/v2\/product\/43151","targetHints":{"allow":["GET"]}}],"collection":[{"href":"https:\/\/westjysk-coins.com\/en\/wp-json\/wp\/v2\/product"}],"about":[{"href":"https:\/\/westjysk-coins.com\/en\/wp-json\/wp\/v2\/types\/product"}],"replies":[{"embeddable":true,"href":"https:\/\/westjysk-coins.com\/en\/wp-json\/wp\/v2\/comments?post=43151"}],"wp:featuredmedia":[{"embeddable":true,"href":"https:\/\/westjysk-coins.com\/en\/wp-json\/wp\/v2\/media\/43085"}],"wp:attachment":[{"href":"https:\/\/westjysk-coins.com\/en\/wp-json\/wp\/v2\/media?parent=43151"}],"wp:term":[{"taxonomy":"product_brand","embeddable":true,"href":"https:\/\/westjysk-coins.com\/en\/wp-json\/wp\/v2\/product_brand?post=43151"},{"taxonomy":"product_cat","embeddable":true,"href":"https:\/\/westjysk-coins.com\/en\/wp-json\/wp\/v2\/product_cat?post=43151"},{"taxonomy":"product_tag","embeddable":true,"href":"https:\/\/westjysk-coins.com\/en\/wp-json\/wp\/v2\/product_tag?post=43151"}],"curies":[{"name":"wp","href":"https:\/\/api.w.org\/{rel}","templated":true}]}}