{"id":42358,"date":"2025-12-03T16:37:35","date_gmt":"2025-12-03T15:37:35","guid":{"rendered":"https:\/\/westjysk-coins.com\/product\/1651-4-mark-krone-fre-iii-sieg-42-2-hede-84a-kva-1-01-ridser-graffiti\/"},"modified":"2025-12-03T16:37:35","modified_gmt":"2025-12-03T15:37:35","slug":"1651-4-mark-krone-fre-iii-sieg-42-2-hede-84a-kva-1-01-ridser-graffiti","status":"publish","type":"product","link":"https:\/\/westjysk-coins.com\/en\/product\/1651-4-mark-krone-fre-iii-sieg-42-2-hede-84a-kva-1-01-ridser-graffiti\/","title":{"rendered":"1651, 4 mark \/ krone, Fre.III, Sieg 42.2, Hede 84A, Kva. 1+-01 &#8220;ridser\/graffiti&#8221;"},"content":{"rendered":"","protected":false},"excerpt":{"rendered":"","protected":false},"featured_media":42224,"comment_status":"closed","ping_status":"closed","template":"","meta":{"_acf_changed":false},"product_brand":[],"product_cat":[416,352,351,353,417,428],"product_tag":[],"class_list":{"0":"post-42358","1":"product","2":"type-product","3":"status-publish","4":"has-post-thumbnail","6":"product_cat-1648-1670-frederik-iii","7":"product_cat-all-products","8":"product_cat-coins","9":"product_cat-denmark","10":"product_cat-lllllll-marck-kroner-en","11":"product_cat-1448-1874-en","12":"sales-flash-overlay","13":"woocommerce-text-align-center","14":"woocommerce-image-align-center","15":"do-quantity-buttons","17":"first","18":"instock","19":"shipping-taxable","20":"purchasable","21":"product-type-simple"},"acf":[],"yoast_head":"<!-- This site is optimized with the Yoast SEO plugin v26.8 - https:\/\/yoast.com\/product\/yoast-seo-wordpress\/ -->\n<title>1651, 4 mark \/ krone, Fre.III, Sieg 42.2, Hede 84A, Kva. 1+-01 &quot;ridser\/graffiti&quot; | Westjysk Coins<\/title>\n<meta name=\"robots\" content=\"index, follow, max-snippet:-1, max-image-preview:large, max-video-preview:-1\" \/>\n<link rel=\"canonical\" href=\"https:\/\/westjysk-coins.com\/en\/product\/1651-4-mark-krone-fre-iii-sieg-42-2-hede-84a-kva-1-01-ridser-graffiti\/\" \/>\n<meta property=\"og:locale\" content=\"en_US\" \/>\n<meta property=\"og:type\" content=\"article\" \/>\n<meta property=\"og:title\" content=\"1651, 4 mark \/ krone, Fre.III, Sieg 42.2, Hede 84A, Kva. 1+-01 &quot;ridser\/graffiti&quot; | Westjysk Coins\" \/>\n<meta property=\"og:url\" content=\"https:\/\/westjysk-coins.com\/en\/product\/1651-4-mark-krone-fre-iii-sieg-42-2-hede-84a-kva-1-01-ridser-graffiti\/\" \/>\n<meta property=\"og:site_name\" content=\"Westjysk Coins\" \/>\n<meta name=\"twitter:card\" content=\"summary_large_image\" \/>\n<script type=\"application\/ld+json\" class=\"yoast-schema-graph\">{\"@context\":\"https:\/\/schema.org\",\"@graph\":[{\"@type\":\"WebPage\",\"@id\":\"https:\/\/westjysk-coins.com\/en\/product\/1651-4-mark-krone-fre-iii-sieg-42-2-hede-84a-kva-1-01-ridser-graffiti\/\",\"url\":\"https:\/\/westjysk-coins.com\/en\/product\/1651-4-mark-krone-fre-iii-sieg-42-2-hede-84a-kva-1-01-ridser-graffiti\/\",\"name\":\"1651, 4 mark \/ krone, Fre.III, Sieg 42.2, Hede 84A, Kva. 1+-01 \\\"ridser\/graffiti\\\" | Westjysk Coins\",\"isPartOf\":{\"@id\":\"https:\/\/westjysk-coins.webserver1.dk\/#website\"},\"primaryImageOfPage\":{\"@id\":\"https:\/\/westjysk-coins.com\/en\/product\/1651-4-mark-krone-fre-iii-sieg-42-2-hede-84a-kva-1-01-ridser-graffiti\/#primaryimage\"},\"image\":{\"@id\":\"https:\/\/westjysk-coins.com\/en\/product\/1651-4-mark-krone-fre-iii-sieg-42-2-hede-84a-kva-1-01-ridser-graffiti\/#primaryimage\"},\"thumbnailUrl\":\"https:\/\/westjysk-coins.com\/wp-content\/uploads\/2025\/11\/Photoroom_018_20251002_115910.jpeg\",\"datePublished\":\"2025-12-03T15:37:35+00:00\",\"breadcrumb\":{\"@id\":\"https:\/\/westjysk-coins.com\/en\/product\/1651-4-mark-krone-fre-iii-sieg-42-2-hede-84a-kva-1-01-ridser-graffiti\/#breadcrumb\"},\"inLanguage\":\"en-US\",\"potentialAction\":[{\"@type\":\"ReadAction\",\"target\":[\"https:\/\/westjysk-coins.com\/en\/product\/1651-4-mark-krone-fre-iii-sieg-42-2-hede-84a-kva-1-01-ridser-graffiti\/\"]}]},{\"@type\":\"ImageObject\",\"inLanguage\":\"en-US\",\"@id\":\"https:\/\/westjysk-coins.com\/en\/product\/1651-4-mark-krone-fre-iii-sieg-42-2-hede-84a-kva-1-01-ridser-graffiti\/#primaryimage\",\"url\":\"https:\/\/westjysk-coins.com\/wp-content\/uploads\/2025\/11\/Photoroom_018_20251002_115910.jpeg\",\"contentUrl\":\"https:\/\/westjysk-coins.com\/wp-content\/uploads\/2025\/11\/Photoroom_018_20251002_115910.jpeg\",\"width\":1512,\"height\":1512},{\"@type\":\"BreadcrumbList\",\"@id\":\"https:\/\/westjysk-coins.com\/en\/product\/1651-4-mark-krone-fre-iii-sieg-42-2-hede-84a-kva-1-01-ridser-graffiti\/#breadcrumb\",\"itemListElement\":[{\"@type\":\"ListItem\",\"position\":1,\"name\":\"Forside\",\"item\":\"https:\/\/westjysk-coins.com\/\"},{\"@type\":\"ListItem\",\"position\":2,\"name\":\"Shop\",\"item\":\"https:\/\/westjysk-coins.com\/en\/shop\/\"},{\"@type\":\"ListItem\",\"position\":3,\"name\":\"1651, 4 mark \/ krone, Fre.III, Sieg 42.2, Hede 84A, Kva. 1+-01 &#8220;ridser\/graffiti&#8221;\"}]},{\"@type\":\"WebSite\",\"@id\":\"https:\/\/westjysk-coins.webserver1.dk\/#website\",\"url\":\"https:\/\/westjysk-coins.webserver1.dk\/\",\"name\":\"Westjysk Coins\",\"description\":\"K\u00f8b, salg og vurderinger af gamle m\u00f8nter, sedler, guld og s\u00f8lv, b\u00e5de danske og udlandske\",\"publisher\":{\"@id\":\"https:\/\/westjysk-coins.webserver1.dk\/#organization\"},\"potentialAction\":[{\"@type\":\"SearchAction\",\"target\":{\"@type\":\"EntryPoint\",\"urlTemplate\":\"https:\/\/westjysk-coins.webserver1.dk\/?s={search_term_string}\"},\"query-input\":{\"@type\":\"PropertyValueSpecification\",\"valueRequired\":true,\"valueName\":\"search_term_string\"}}],\"inLanguage\":\"en-US\"},{\"@type\":\"Organization\",\"@id\":\"https:\/\/westjysk-coins.webserver1.dk\/#organization\",\"name\":\"Westjysk Coins\",\"url\":\"https:\/\/westjysk-coins.webserver1.dk\/\",\"logo\":{\"@type\":\"ImageObject\",\"inLanguage\":\"en-US\",\"@id\":\"https:\/\/westjysk-coins.webserver1.dk\/#\/schema\/logo\/image\/\",\"url\":\"https:\/\/westjysk-coins.com\/wp-content\/uploads\/2024\/01\/westjysk-logo.svg\",\"contentUrl\":\"https:\/\/westjysk-coins.com\/wp-content\/uploads\/2024\/01\/westjysk-logo.svg\",\"width\":312,\"height\":44,\"caption\":\"Westjysk Coins\"},\"image\":{\"@id\":\"https:\/\/westjysk-coins.webserver1.dk\/#\/schema\/logo\/image\/\"}}]}<\/script>\n<!-- \/ Yoast SEO plugin. -->","yoast_head_json":{"title":"1651, 4 mark \/ krone, Fre.III, Sieg 42.2, Hede 84A, Kva. 1+-01 \"ridser\/graffiti\" | Westjysk Coins","robots":{"index":"index","follow":"follow","max-snippet":"max-snippet:-1","max-image-preview":"max-image-preview:large","max-video-preview":"max-video-preview:-1"},"canonical":"https:\/\/westjysk-coins.com\/en\/product\/1651-4-mark-krone-fre-iii-sieg-42-2-hede-84a-kva-1-01-ridser-graffiti\/","og_locale":"en_US","og_type":"article","og_title":"1651, 4 mark \/ krone, Fre.III, Sieg 42.2, Hede 84A, Kva. 1+-01 \"ridser\/graffiti\" | Westjysk Coins","og_url":"https:\/\/westjysk-coins.com\/en\/product\/1651-4-mark-krone-fre-iii-sieg-42-2-hede-84a-kva-1-01-ridser-graffiti\/","og_site_name":"Westjysk Coins","twitter_card":"summary_large_image","schema":{"@context":"https:\/\/schema.org","@graph":[{"@type":"WebPage","@id":"https:\/\/westjysk-coins.com\/en\/product\/1651-4-mark-krone-fre-iii-sieg-42-2-hede-84a-kva-1-01-ridser-graffiti\/","url":"https:\/\/westjysk-coins.com\/en\/product\/1651-4-mark-krone-fre-iii-sieg-42-2-hede-84a-kva-1-01-ridser-graffiti\/","name":"1651, 4 mark \/ krone, Fre.III, Sieg 42.2, Hede 84A, Kva. 1+-01 \"ridser\/graffiti\" | Westjysk Coins","isPartOf":{"@id":"https:\/\/westjysk-coins.webserver1.dk\/#website"},"primaryImageOfPage":{"@id":"https:\/\/westjysk-coins.com\/en\/product\/1651-4-mark-krone-fre-iii-sieg-42-2-hede-84a-kva-1-01-ridser-graffiti\/#primaryimage"},"image":{"@id":"https:\/\/westjysk-coins.com\/en\/product\/1651-4-mark-krone-fre-iii-sieg-42-2-hede-84a-kva-1-01-ridser-graffiti\/#primaryimage"},"thumbnailUrl":"https:\/\/westjysk-coins.com\/wp-content\/uploads\/2025\/11\/Photoroom_018_20251002_115910.jpeg","datePublished":"2025-12-03T15:37:35+00:00","breadcrumb":{"@id":"https:\/\/westjysk-coins.com\/en\/product\/1651-4-mark-krone-fre-iii-sieg-42-2-hede-84a-kva-1-01-ridser-graffiti\/#breadcrumb"},"inLanguage":"en-US","potentialAction":[{"@type":"ReadAction","target":["https:\/\/westjysk-coins.com\/en\/product\/1651-4-mark-krone-fre-iii-sieg-42-2-hede-84a-kva-1-01-ridser-graffiti\/"]}]},{"@type":"ImageObject","inLanguage":"en-US","@id":"https:\/\/westjysk-coins.com\/en\/product\/1651-4-mark-krone-fre-iii-sieg-42-2-hede-84a-kva-1-01-ridser-graffiti\/#primaryimage","url":"https:\/\/westjysk-coins.com\/wp-content\/uploads\/2025\/11\/Photoroom_018_20251002_115910.jpeg","contentUrl":"https:\/\/westjysk-coins.com\/wp-content\/uploads\/2025\/11\/Photoroom_018_20251002_115910.jpeg","width":1512,"height":1512},{"@type":"BreadcrumbList","@id":"https:\/\/westjysk-coins.com\/en\/product\/1651-4-mark-krone-fre-iii-sieg-42-2-hede-84a-kva-1-01-ridser-graffiti\/#breadcrumb","itemListElement":[{"@type":"ListItem","position":1,"name":"Forside","item":"https:\/\/westjysk-coins.com\/"},{"@type":"ListItem","position":2,"name":"Shop","item":"https:\/\/westjysk-coins.com\/en\/shop\/"},{"@type":"ListItem","position":3,"name":"1651, 4 mark \/ krone, Fre.III, Sieg 42.2, Hede 84A, Kva. 1+-01 &#8220;ridser\/graffiti&#8221;"}]},{"@type":"WebSite","@id":"https:\/\/westjysk-coins.webserver1.dk\/#website","url":"https:\/\/westjysk-coins.webserver1.dk\/","name":"Westjysk Coins","description":"K\u00f8b, salg og vurderinger af gamle m\u00f8nter, sedler, guld og s\u00f8lv, b\u00e5de danske og udlandske","publisher":{"@id":"https:\/\/westjysk-coins.webserver1.dk\/#organization"},"potentialAction":[{"@type":"SearchAction","target":{"@type":"EntryPoint","urlTemplate":"https:\/\/westjysk-coins.webserver1.dk\/?s={search_term_string}"},"query-input":{"@type":"PropertyValueSpecification","valueRequired":true,"valueName":"search_term_string"}}],"inLanguage":"en-US"},{"@type":"Organization","@id":"https:\/\/westjysk-coins.webserver1.dk\/#organization","name":"Westjysk Coins","url":"https:\/\/westjysk-coins.webserver1.dk\/","logo":{"@type":"ImageObject","inLanguage":"en-US","@id":"https:\/\/westjysk-coins.webserver1.dk\/#\/schema\/logo\/image\/","url":"https:\/\/westjysk-coins.com\/wp-content\/uploads\/2024\/01\/westjysk-logo.svg","contentUrl":"https:\/\/westjysk-coins.com\/wp-content\/uploads\/2024\/01\/westjysk-logo.svg","width":312,"height":44,"caption":"Westjysk Coins"},"image":{"@id":"https:\/\/westjysk-coins.webserver1.dk\/#\/schema\/logo\/image\/"}}]}},"_links":{"self":[{"href":"https:\/\/westjysk-coins.com\/en\/wp-json\/wp\/v2\/product\/42358","targetHints":{"allow":["GET"]}}],"collection":[{"href":"https:\/\/westjysk-coins.com\/en\/wp-json\/wp\/v2\/product"}],"about":[{"href":"https:\/\/westjysk-coins.com\/en\/wp-json\/wp\/v2\/types\/product"}],"replies":[{"embeddable":true,"href":"https:\/\/westjysk-coins.com\/en\/wp-json\/wp\/v2\/comments?post=42358"}],"wp:featuredmedia":[{"embeddable":true,"href":"https:\/\/westjysk-coins.com\/en\/wp-json\/wp\/v2\/media\/42224"}],"wp:attachment":[{"href":"https:\/\/westjysk-coins.com\/en\/wp-json\/wp\/v2\/media?parent=42358"}],"wp:term":[{"taxonomy":"product_brand","embeddable":true,"href":"https:\/\/westjysk-coins.com\/en\/wp-json\/wp\/v2\/product_brand?post=42358"},{"taxonomy":"product_cat","embeddable":true,"href":"https:\/\/westjysk-coins.com\/en\/wp-json\/wp\/v2\/product_cat?post=42358"},{"taxonomy":"product_tag","embeddable":true,"href":"https:\/\/westjysk-coins.com\/en\/wp-json\/wp\/v2\/product_tag?post=42358"}],"curies":[{"name":"wp","href":"https:\/\/api.w.org\/{rel}","templated":true}]}}