{"id":41969,"date":"2025-11-11T23:12:47","date_gmt":"2025-11-11T22:12:47","guid":{"rendered":"https:\/\/westjysk-coins.com\/product\/1-4-daler-taler-1622-soenderborg-hertug-johan-hans-den-yngre-doedsdaler-mindemoent-udgivet-i-forbindelse-med-hertug-johanns-doed-sieg-19-lange-546-bruun-14667-kva-1-1-perf-graderet-vg\/"},"modified":"2025-11-11T23:12:47","modified_gmt":"2025-11-11T22:12:47","slug":"1-4-daler-taler-1622-soenderborg-hertug-johan-hans-den-yngre-doedsdaler-mindemoent-udgivet-i-forbindelse-med-hertug-johanns-doed-sieg-19-lange-546-bruun-14667-kva-1-1-perf-graderet-vg","status":"publish","type":"product","link":"https:\/\/westjysk-coins.com\/en\/product\/1-4-daler-taler-1622-soenderborg-hertug-johan-hans-den-yngre-doedsdaler-mindemoent-udgivet-i-forbindelse-med-hertug-johanns-doed-sieg-19-lange-546-bruun-14667-kva-1-1-perf-graderet-vg\/","title":{"rendered":"1\/4 daler \/ taler 1622, S\u00f8nderborg, Hertug Johan (Hans) den yngre, D\u00f8dsdaler, Mindem\u00f8nt udgivet i forbindelse med Hertug Johanns d\u00f8d, Sieg 19, Lange 546, Bruun 14667, Kva. 1-1- perf., Graderet VG details af NGC, Meget Sj\u00e6lden, From the L. E. Bruun Collection."},"content":{"rendered":"","protected":false},"excerpt":{"rendered":"","protected":false},"featured_media":41891,"comment_status":"closed","ping_status":"closed","template":"","meta":{"_acf_changed":false},"product_brand":[],"product_cat":[352,351,356,360,647,652],"product_tag":[],"class_list":{"0":"post-41969","1":"product","2":"type-product","3":"status-publish","4":"has-post-thumbnail","6":"product_cat-all-products","7":"product_cat-coins","8":"product_cat-coins-from-danish-territories","9":"product_cat-schleswig","10":"product_cat-graderet-moenter-en","11":"product_cat-soenderborg-en","12":"sales-flash-overlay","13":"woocommerce-text-align-center","14":"woocommerce-image-align-center","15":"do-quantity-buttons","17":"first","18":"instock","19":"shipping-taxable","20":"purchasable","21":"product-type-simple"},"acf":[],"yoast_head":"<!-- This site is optimized with the Yoast SEO plugin v26.8 - https:\/\/yoast.com\/product\/yoast-seo-wordpress\/ -->\n<title>1\/4 daler \/ taler 1622, S\u00f8nderborg, Hertug Johan (Hans) den yngre, D\u00f8dsdaler, Mindem\u00f8nt udgivet i forbindelse med Hertug Johanns d\u00f8d, Sieg 19, Lange 546, Bruun 14667, Kva. 1-1- perf., Graderet VG details af NGC, Meget Sj\u00e6lden, From the L. E. Bruun Collection. | Westjysk Coins<\/title>\n<meta name=\"robots\" content=\"index, follow, max-snippet:-1, max-image-preview:large, max-video-preview:-1\" \/>\n<link rel=\"canonical\" href=\"https:\/\/westjysk-coins.com\/en\/product\/1-4-daler-taler-1622-soenderborg-hertug-johan-hans-den-yngre-doedsdaler-mindemoent-udgivet-i-forbindelse-med-hertug-johanns-doed-sieg-19-lange-546-bruun-14667-kva-1-1-perf-graderet-vg\/\" \/>\n<meta property=\"og:locale\" content=\"en_US\" \/>\n<meta property=\"og:type\" content=\"article\" \/>\n<meta property=\"og:title\" content=\"1\/4 daler \/ taler 1622, S\u00f8nderborg, Hertug Johan (Hans) den yngre, D\u00f8dsdaler, Mindem\u00f8nt udgivet i forbindelse med Hertug Johanns d\u00f8d, Sieg 19, Lange 546, Bruun 14667, Kva. 1-1- perf., Graderet VG details af NGC, Meget Sj\u00e6lden, From the L. E. Bruun Collection. | Westjysk Coins\" \/>\n<meta property=\"og:url\" content=\"https:\/\/westjysk-coins.com\/en\/product\/1-4-daler-taler-1622-soenderborg-hertug-johan-hans-den-yngre-doedsdaler-mindemoent-udgivet-i-forbindelse-med-hertug-johanns-doed-sieg-19-lange-546-bruun-14667-kva-1-1-perf-graderet-vg\/\" \/>\n<meta property=\"og:site_name\" content=\"Westjysk Coins\" \/>\n<meta name=\"twitter:card\" content=\"summary_large_image\" \/>\n<script type=\"application\/ld+json\" class=\"yoast-schema-graph\">{\"@context\":\"https:\/\/schema.org\",\"@graph\":[{\"@type\":\"WebPage\",\"@id\":\"https:\/\/westjysk-coins.com\/en\/product\/1-4-daler-taler-1622-soenderborg-hertug-johan-hans-den-yngre-doedsdaler-mindemoent-udgivet-i-forbindelse-med-hertug-johanns-doed-sieg-19-lange-546-bruun-14667-kva-1-1-perf-graderet-vg\/\",\"url\":\"https:\/\/westjysk-coins.com\/en\/product\/1-4-daler-taler-1622-soenderborg-hertug-johan-hans-den-yngre-doedsdaler-mindemoent-udgivet-i-forbindelse-med-hertug-johanns-doed-sieg-19-lange-546-bruun-14667-kva-1-1-perf-graderet-vg\/\",\"name\":\"1\/4 daler \/ taler 1622, S\u00f8nderborg, Hertug Johan (Hans) den yngre, D\u00f8dsdaler, Mindem\u00f8nt udgivet i forbindelse med Hertug Johanns d\u00f8d, Sieg 19, Lange 546, Bruun 14667, Kva. 1-1- perf., Graderet VG details af NGC, Meget Sj\u00e6lden, From the L. E. Bruun Collection. | Westjysk Coins\",\"isPartOf\":{\"@id\":\"https:\/\/westjysk-coins.webserver1.dk\/#website\"},\"primaryImageOfPage\":{\"@id\":\"https:\/\/westjysk-coins.com\/en\/product\/1-4-daler-taler-1622-soenderborg-hertug-johan-hans-den-yngre-doedsdaler-mindemoent-udgivet-i-forbindelse-med-hertug-johanns-doed-sieg-19-lange-546-bruun-14667-kva-1-1-perf-graderet-vg\/#primaryimage\"},\"image\":{\"@id\":\"https:\/\/westjysk-coins.com\/en\/product\/1-4-daler-taler-1622-soenderborg-hertug-johan-hans-den-yngre-doedsdaler-mindemoent-udgivet-i-forbindelse-med-hertug-johanns-doed-sieg-19-lange-546-bruun-14667-kva-1-1-perf-graderet-vg\/#primaryimage\"},\"thumbnailUrl\":\"https:\/\/westjysk-coins.com\/wp-content\/uploads\/2025\/11\/IMG_6407.jpeg\",\"datePublished\":\"2025-11-11T22:12:47+00:00\",\"breadcrumb\":{\"@id\":\"https:\/\/westjysk-coins.com\/en\/product\/1-4-daler-taler-1622-soenderborg-hertug-johan-hans-den-yngre-doedsdaler-mindemoent-udgivet-i-forbindelse-med-hertug-johanns-doed-sieg-19-lange-546-bruun-14667-kva-1-1-perf-graderet-vg\/#breadcrumb\"},\"inLanguage\":\"en-US\",\"potentialAction\":[{\"@type\":\"ReadAction\",\"target\":[\"https:\/\/westjysk-coins.com\/en\/product\/1-4-daler-taler-1622-soenderborg-hertug-johan-hans-den-yngre-doedsdaler-mindemoent-udgivet-i-forbindelse-med-hertug-johanns-doed-sieg-19-lange-546-bruun-14667-kva-1-1-perf-graderet-vg\/\"]}]},{\"@type\":\"ImageObject\",\"inLanguage\":\"en-US\",\"@id\":\"https:\/\/westjysk-coins.com\/en\/product\/1-4-daler-taler-1622-soenderborg-hertug-johan-hans-den-yngre-doedsdaler-mindemoent-udgivet-i-forbindelse-med-hertug-johanns-doed-sieg-19-lange-546-bruun-14667-kva-1-1-perf-graderet-vg\/#primaryimage\",\"url\":\"https:\/\/westjysk-coins.com\/wp-content\/uploads\/2025\/11\/IMG_6407.jpeg\",\"contentUrl\":\"https:\/\/westjysk-coins.com\/wp-content\/uploads\/2025\/11\/IMG_6407.jpeg\",\"width\":1290,\"height\":1782,\"caption\":\"Screenshot\"},{\"@type\":\"BreadcrumbList\",\"@id\":\"https:\/\/westjysk-coins.com\/en\/product\/1-4-daler-taler-1622-soenderborg-hertug-johan-hans-den-yngre-doedsdaler-mindemoent-udgivet-i-forbindelse-med-hertug-johanns-doed-sieg-19-lange-546-bruun-14667-kva-1-1-perf-graderet-vg\/#breadcrumb\",\"itemListElement\":[{\"@type\":\"ListItem\",\"position\":1,\"name\":\"Forside\",\"item\":\"https:\/\/westjysk-coins.com\/\"},{\"@type\":\"ListItem\",\"position\":2,\"name\":\"Shop\",\"item\":\"https:\/\/westjysk-coins.com\/en\/shop\/\"},{\"@type\":\"ListItem\",\"position\":3,\"name\":\"1\/4 daler \/ taler 1622, S\u00f8nderborg, Hertug Johan (Hans) den yngre, D\u00f8dsdaler, Mindem\u00f8nt udgivet i forbindelse med Hertug Johanns d\u00f8d, Sieg 19, Lange 546, Bruun 14667, Kva. 1-1- perf., Graderet VG details af NGC, Meget Sj\u00e6lden, From the L. E. Bruun Collection.\"}]},{\"@type\":\"WebSite\",\"@id\":\"https:\/\/westjysk-coins.webserver1.dk\/#website\",\"url\":\"https:\/\/westjysk-coins.webserver1.dk\/\",\"name\":\"Westjysk Coins\",\"description\":\"K\u00f8b, salg og vurderinger af gamle m\u00f8nter, sedler, guld og s\u00f8lv, b\u00e5de danske og udlandske\",\"publisher\":{\"@id\":\"https:\/\/westjysk-coins.webserver1.dk\/#organization\"},\"potentialAction\":[{\"@type\":\"SearchAction\",\"target\":{\"@type\":\"EntryPoint\",\"urlTemplate\":\"https:\/\/westjysk-coins.webserver1.dk\/?s={search_term_string}\"},\"query-input\":{\"@type\":\"PropertyValueSpecification\",\"valueRequired\":true,\"valueName\":\"search_term_string\"}}],\"inLanguage\":\"en-US\"},{\"@type\":\"Organization\",\"@id\":\"https:\/\/westjysk-coins.webserver1.dk\/#organization\",\"name\":\"Westjysk Coins\",\"url\":\"https:\/\/westjysk-coins.webserver1.dk\/\",\"logo\":{\"@type\":\"ImageObject\",\"inLanguage\":\"en-US\",\"@id\":\"https:\/\/westjysk-coins.webserver1.dk\/#\/schema\/logo\/image\/\",\"url\":\"https:\/\/westjysk-coins.com\/wp-content\/uploads\/2024\/01\/westjysk-logo.svg\",\"contentUrl\":\"https:\/\/westjysk-coins.com\/wp-content\/uploads\/2024\/01\/westjysk-logo.svg\",\"width\":312,\"height\":44,\"caption\":\"Westjysk Coins\"},\"image\":{\"@id\":\"https:\/\/westjysk-coins.webserver1.dk\/#\/schema\/logo\/image\/\"}}]}<\/script>\n<!-- \/ Yoast SEO plugin. -->","yoast_head_json":{"title":"1\/4 daler \/ taler 1622, S\u00f8nderborg, Hertug Johan (Hans) den yngre, D\u00f8dsdaler, Mindem\u00f8nt udgivet i forbindelse med Hertug Johanns d\u00f8d, Sieg 19, Lange 546, Bruun 14667, Kva. 1-1- perf., Graderet VG details af NGC, Meget Sj\u00e6lden, From the L. E. Bruun Collection. | Westjysk Coins","robots":{"index":"index","follow":"follow","max-snippet":"max-snippet:-1","max-image-preview":"max-image-preview:large","max-video-preview":"max-video-preview:-1"},"canonical":"https:\/\/westjysk-coins.com\/en\/product\/1-4-daler-taler-1622-soenderborg-hertug-johan-hans-den-yngre-doedsdaler-mindemoent-udgivet-i-forbindelse-med-hertug-johanns-doed-sieg-19-lange-546-bruun-14667-kva-1-1-perf-graderet-vg\/","og_locale":"en_US","og_type":"article","og_title":"1\/4 daler \/ taler 1622, S\u00f8nderborg, Hertug Johan (Hans) den yngre, D\u00f8dsdaler, Mindem\u00f8nt udgivet i forbindelse med Hertug Johanns d\u00f8d, Sieg 19, Lange 546, Bruun 14667, Kva. 1-1- perf., Graderet VG details af NGC, Meget Sj\u00e6lden, From the L. E. Bruun Collection. | Westjysk Coins","og_url":"https:\/\/westjysk-coins.com\/en\/product\/1-4-daler-taler-1622-soenderborg-hertug-johan-hans-den-yngre-doedsdaler-mindemoent-udgivet-i-forbindelse-med-hertug-johanns-doed-sieg-19-lange-546-bruun-14667-kva-1-1-perf-graderet-vg\/","og_site_name":"Westjysk Coins","twitter_card":"summary_large_image","schema":{"@context":"https:\/\/schema.org","@graph":[{"@type":"WebPage","@id":"https:\/\/westjysk-coins.com\/en\/product\/1-4-daler-taler-1622-soenderborg-hertug-johan-hans-den-yngre-doedsdaler-mindemoent-udgivet-i-forbindelse-med-hertug-johanns-doed-sieg-19-lange-546-bruun-14667-kva-1-1-perf-graderet-vg\/","url":"https:\/\/westjysk-coins.com\/en\/product\/1-4-daler-taler-1622-soenderborg-hertug-johan-hans-den-yngre-doedsdaler-mindemoent-udgivet-i-forbindelse-med-hertug-johanns-doed-sieg-19-lange-546-bruun-14667-kva-1-1-perf-graderet-vg\/","name":"1\/4 daler \/ taler 1622, S\u00f8nderborg, Hertug Johan (Hans) den yngre, D\u00f8dsdaler, Mindem\u00f8nt udgivet i forbindelse med Hertug Johanns d\u00f8d, Sieg 19, Lange 546, Bruun 14667, Kva. 1-1- perf., Graderet VG details af NGC, Meget Sj\u00e6lden, From the L. E. Bruun Collection. | Westjysk Coins","isPartOf":{"@id":"https:\/\/westjysk-coins.webserver1.dk\/#website"},"primaryImageOfPage":{"@id":"https:\/\/westjysk-coins.com\/en\/product\/1-4-daler-taler-1622-soenderborg-hertug-johan-hans-den-yngre-doedsdaler-mindemoent-udgivet-i-forbindelse-med-hertug-johanns-doed-sieg-19-lange-546-bruun-14667-kva-1-1-perf-graderet-vg\/#primaryimage"},"image":{"@id":"https:\/\/westjysk-coins.com\/en\/product\/1-4-daler-taler-1622-soenderborg-hertug-johan-hans-den-yngre-doedsdaler-mindemoent-udgivet-i-forbindelse-med-hertug-johanns-doed-sieg-19-lange-546-bruun-14667-kva-1-1-perf-graderet-vg\/#primaryimage"},"thumbnailUrl":"https:\/\/westjysk-coins.com\/wp-content\/uploads\/2025\/11\/IMG_6407.jpeg","datePublished":"2025-11-11T22:12:47+00:00","breadcrumb":{"@id":"https:\/\/westjysk-coins.com\/en\/product\/1-4-daler-taler-1622-soenderborg-hertug-johan-hans-den-yngre-doedsdaler-mindemoent-udgivet-i-forbindelse-med-hertug-johanns-doed-sieg-19-lange-546-bruun-14667-kva-1-1-perf-graderet-vg\/#breadcrumb"},"inLanguage":"en-US","potentialAction":[{"@type":"ReadAction","target":["https:\/\/westjysk-coins.com\/en\/product\/1-4-daler-taler-1622-soenderborg-hertug-johan-hans-den-yngre-doedsdaler-mindemoent-udgivet-i-forbindelse-med-hertug-johanns-doed-sieg-19-lange-546-bruun-14667-kva-1-1-perf-graderet-vg\/"]}]},{"@type":"ImageObject","inLanguage":"en-US","@id":"https:\/\/westjysk-coins.com\/en\/product\/1-4-daler-taler-1622-soenderborg-hertug-johan-hans-den-yngre-doedsdaler-mindemoent-udgivet-i-forbindelse-med-hertug-johanns-doed-sieg-19-lange-546-bruun-14667-kva-1-1-perf-graderet-vg\/#primaryimage","url":"https:\/\/westjysk-coins.com\/wp-content\/uploads\/2025\/11\/IMG_6407.jpeg","contentUrl":"https:\/\/westjysk-coins.com\/wp-content\/uploads\/2025\/11\/IMG_6407.jpeg","width":1290,"height":1782,"caption":"Screenshot"},{"@type":"BreadcrumbList","@id":"https:\/\/westjysk-coins.com\/en\/product\/1-4-daler-taler-1622-soenderborg-hertug-johan-hans-den-yngre-doedsdaler-mindemoent-udgivet-i-forbindelse-med-hertug-johanns-doed-sieg-19-lange-546-bruun-14667-kva-1-1-perf-graderet-vg\/#breadcrumb","itemListElement":[{"@type":"ListItem","position":1,"name":"Forside","item":"https:\/\/westjysk-coins.com\/"},{"@type":"ListItem","position":2,"name":"Shop","item":"https:\/\/westjysk-coins.com\/en\/shop\/"},{"@type":"ListItem","position":3,"name":"1\/4 daler \/ taler 1622, S\u00f8nderborg, Hertug Johan (Hans) den yngre, D\u00f8dsdaler, Mindem\u00f8nt udgivet i forbindelse med Hertug Johanns d\u00f8d, Sieg 19, Lange 546, Bruun 14667, Kva. 1-1- perf., Graderet VG details af NGC, Meget Sj\u00e6lden, From the L. E. Bruun Collection."}]},{"@type":"WebSite","@id":"https:\/\/westjysk-coins.webserver1.dk\/#website","url":"https:\/\/westjysk-coins.webserver1.dk\/","name":"Westjysk Coins","description":"K\u00f8b, salg og vurderinger af gamle m\u00f8nter, sedler, guld og s\u00f8lv, b\u00e5de danske og udlandske","publisher":{"@id":"https:\/\/westjysk-coins.webserver1.dk\/#organization"},"potentialAction":[{"@type":"SearchAction","target":{"@type":"EntryPoint","urlTemplate":"https:\/\/westjysk-coins.webserver1.dk\/?s={search_term_string}"},"query-input":{"@type":"PropertyValueSpecification","valueRequired":true,"valueName":"search_term_string"}}],"inLanguage":"en-US"},{"@type":"Organization","@id":"https:\/\/westjysk-coins.webserver1.dk\/#organization","name":"Westjysk Coins","url":"https:\/\/westjysk-coins.webserver1.dk\/","logo":{"@type":"ImageObject","inLanguage":"en-US","@id":"https:\/\/westjysk-coins.webserver1.dk\/#\/schema\/logo\/image\/","url":"https:\/\/westjysk-coins.com\/wp-content\/uploads\/2024\/01\/westjysk-logo.svg","contentUrl":"https:\/\/westjysk-coins.com\/wp-content\/uploads\/2024\/01\/westjysk-logo.svg","width":312,"height":44,"caption":"Westjysk Coins"},"image":{"@id":"https:\/\/westjysk-coins.webserver1.dk\/#\/schema\/logo\/image\/"}}]}},"_links":{"self":[{"href":"https:\/\/westjysk-coins.com\/en\/wp-json\/wp\/v2\/product\/41969","targetHints":{"allow":["GET"]}}],"collection":[{"href":"https:\/\/westjysk-coins.com\/en\/wp-json\/wp\/v2\/product"}],"about":[{"href":"https:\/\/westjysk-coins.com\/en\/wp-json\/wp\/v2\/types\/product"}],"replies":[{"embeddable":true,"href":"https:\/\/westjysk-coins.com\/en\/wp-json\/wp\/v2\/comments?post=41969"}],"wp:featuredmedia":[{"embeddable":true,"href":"https:\/\/westjysk-coins.com\/en\/wp-json\/wp\/v2\/media\/41891"}],"wp:attachment":[{"href":"https:\/\/westjysk-coins.com\/en\/wp-json\/wp\/v2\/media?parent=41969"}],"wp:term":[{"taxonomy":"product_brand","embeddable":true,"href":"https:\/\/westjysk-coins.com\/en\/wp-json\/wp\/v2\/product_brand?post=41969"},{"taxonomy":"product_cat","embeddable":true,"href":"https:\/\/westjysk-coins.com\/en\/wp-json\/wp\/v2\/product_cat?post=41969"},{"taxonomy":"product_tag","embeddable":true,"href":"https:\/\/westjysk-coins.com\/en\/wp-json\/wp\/v2\/product_tag?post=41969"}],"curies":[{"name":"wp","href":"https:\/\/api.w.org\/{rel}","templated":true}]}}