{"id":38378,"date":"2025-09-15T22:10:31","date_gmt":"2025-09-15T20:10:31","guid":{"rendered":"https:\/\/westjysk-coins.com\/product\/oestrig-dukat-1912-francis-joseph-i-km-2267-fr-493-349-gram-0-986-kva-0-m\/"},"modified":"2025-09-15T22:10:31","modified_gmt":"2025-09-15T20:10:31","slug":"oestrig-dukat-1912-francis-joseph-i-km-2267-fr-493-349-gram-0-986-kva-0-m","status":"publish","type":"product","link":"https:\/\/westjysk-coins.com\/en\/product\/oestrig-dukat-1912-francis-joseph-i-km-2267-fr-493-349-gram-0-986-kva-0-m\/","title":{"rendered":"\u00d8strig, Dukat 1912, Francis Joseph I, KM 2267, Fr 493, 3,49 gram 0.986, Kva 0-M"},"content":{"rendered":"","protected":false},"excerpt":{"rendered":"","protected":false},"featured_media":38331,"comment_status":"closed","ping_status":"closed","template":"","meta":{"_acf_changed":false},"product_brand":[],"product_cat":[352,351,368,359,495,350],"product_tag":[],"class_list":{"0":"post-38378","1":"product","2":"type-product","3":"status-publish","4":"has-post-thumbnail","6":"product_cat-all-products","7":"product_cat-coins","8":"product_cat-coins-abroad","9":"product_cat-foreign-gold-coins","10":"product_cat-oestrig-en","11":"product_cat-uncategorized","12":"sales-flash-overlay","13":"woocommerce-text-align-center","14":"woocommerce-image-align-center","15":"do-quantity-buttons","17":"first","18":"instock","19":"shipping-taxable","20":"purchasable","21":"product-type-simple"},"acf":[],"yoast_head":"<!-- This site is optimized with the Yoast SEO plugin v26.8 - https:\/\/yoast.com\/product\/yoast-seo-wordpress\/ -->\n<title>\u00d8strig, Dukat 1912, Francis Joseph I, KM 2267, Fr 493, 3,49 gram 0.986, Kva 0-M | Westjysk Coins<\/title>\n<meta name=\"robots\" content=\"index, follow, max-snippet:-1, max-image-preview:large, max-video-preview:-1\" \/>\n<link rel=\"canonical\" href=\"https:\/\/westjysk-coins.com\/en\/product\/oestrig-dukat-1912-francis-joseph-i-km-2267-fr-493-349-gram-0-986-kva-0-m\/\" \/>\n<meta property=\"og:locale\" content=\"en_US\" \/>\n<meta property=\"og:type\" content=\"article\" \/>\n<meta property=\"og:title\" content=\"\u00d8strig, Dukat 1912, Francis Joseph I, KM 2267, Fr 493, 3,49 gram 0.986, Kva 0-M | Westjysk Coins\" \/>\n<meta property=\"og:url\" content=\"https:\/\/westjysk-coins.com\/en\/product\/oestrig-dukat-1912-francis-joseph-i-km-2267-fr-493-349-gram-0-986-kva-0-m\/\" \/>\n<meta property=\"og:site_name\" content=\"Westjysk Coins\" \/>\n<meta name=\"twitter:card\" content=\"summary_large_image\" \/>\n<script type=\"application\/ld+json\" class=\"yoast-schema-graph\">{\"@context\":\"https:\/\/schema.org\",\"@graph\":[{\"@type\":\"WebPage\",\"@id\":\"https:\/\/westjysk-coins.com\/en\/product\/oestrig-dukat-1912-francis-joseph-i-km-2267-fr-493-349-gram-0-986-kva-0-m\/\",\"url\":\"https:\/\/westjysk-coins.com\/en\/product\/oestrig-dukat-1912-francis-joseph-i-km-2267-fr-493-349-gram-0-986-kva-0-m\/\",\"name\":\"\u00d8strig, Dukat 1912, Francis Joseph I, KM 2267, Fr 493, 3,49 gram 0.986, Kva 0-M | Westjysk Coins\",\"isPartOf\":{\"@id\":\"https:\/\/westjysk-coins.webserver1.dk\/#website\"},\"primaryImageOfPage\":{\"@id\":\"https:\/\/westjysk-coins.com\/en\/product\/oestrig-dukat-1912-francis-joseph-i-km-2267-fr-493-349-gram-0-986-kva-0-m\/#primaryimage\"},\"image\":{\"@id\":\"https:\/\/westjysk-coins.com\/en\/product\/oestrig-dukat-1912-francis-joseph-i-km-2267-fr-493-349-gram-0-986-kva-0-m\/#primaryimage\"},\"thumbnailUrl\":\"https:\/\/westjysk-coins.com\/wp-content\/uploads\/2025\/09\/Photoroom_076_20250911_221154.jpeg\",\"datePublished\":\"2025-09-15T20:10:31+00:00\",\"breadcrumb\":{\"@id\":\"https:\/\/westjysk-coins.com\/en\/product\/oestrig-dukat-1912-francis-joseph-i-km-2267-fr-493-349-gram-0-986-kva-0-m\/#breadcrumb\"},\"inLanguage\":\"en-US\",\"potentialAction\":[{\"@type\":\"ReadAction\",\"target\":[\"https:\/\/westjysk-coins.com\/en\/product\/oestrig-dukat-1912-francis-joseph-i-km-2267-fr-493-349-gram-0-986-kva-0-m\/\"]}]},{\"@type\":\"ImageObject\",\"inLanguage\":\"en-US\",\"@id\":\"https:\/\/westjysk-coins.com\/en\/product\/oestrig-dukat-1912-francis-joseph-i-km-2267-fr-493-349-gram-0-986-kva-0-m\/#primaryimage\",\"url\":\"https:\/\/westjysk-coins.com\/wp-content\/uploads\/2025\/09\/Photoroom_076_20250911_221154.jpeg\",\"contentUrl\":\"https:\/\/westjysk-coins.com\/wp-content\/uploads\/2025\/09\/Photoroom_076_20250911_221154.jpeg\",\"width\":1512,\"height\":1512},{\"@type\":\"BreadcrumbList\",\"@id\":\"https:\/\/westjysk-coins.com\/en\/product\/oestrig-dukat-1912-francis-joseph-i-km-2267-fr-493-349-gram-0-986-kva-0-m\/#breadcrumb\",\"itemListElement\":[{\"@type\":\"ListItem\",\"position\":1,\"name\":\"Forside\",\"item\":\"https:\/\/westjysk-coins.com\/\"},{\"@type\":\"ListItem\",\"position\":2,\"name\":\"Shop\",\"item\":\"https:\/\/westjysk-coins.com\/en\/shop\/\"},{\"@type\":\"ListItem\",\"position\":3,\"name\":\"\u00d8strig, Dukat 1912, Francis Joseph I, KM 2267, Fr 493, 3,49 gram 0.986, Kva 0-M\"}]},{\"@type\":\"WebSite\",\"@id\":\"https:\/\/westjysk-coins.webserver1.dk\/#website\",\"url\":\"https:\/\/westjysk-coins.webserver1.dk\/\",\"name\":\"Westjysk Coins\",\"description\":\"K\u00f8b, salg og vurderinger af gamle m\u00f8nter, sedler, guld og s\u00f8lv, b\u00e5de danske og udlandske\",\"publisher\":{\"@id\":\"https:\/\/westjysk-coins.webserver1.dk\/#organization\"},\"potentialAction\":[{\"@type\":\"SearchAction\",\"target\":{\"@type\":\"EntryPoint\",\"urlTemplate\":\"https:\/\/westjysk-coins.webserver1.dk\/?s={search_term_string}\"},\"query-input\":{\"@type\":\"PropertyValueSpecification\",\"valueRequired\":true,\"valueName\":\"search_term_string\"}}],\"inLanguage\":\"en-US\"},{\"@type\":\"Organization\",\"@id\":\"https:\/\/westjysk-coins.webserver1.dk\/#organization\",\"name\":\"Westjysk Coins\",\"url\":\"https:\/\/westjysk-coins.webserver1.dk\/\",\"logo\":{\"@type\":\"ImageObject\",\"inLanguage\":\"en-US\",\"@id\":\"https:\/\/westjysk-coins.webserver1.dk\/#\/schema\/logo\/image\/\",\"url\":\"https:\/\/westjysk-coins.com\/wp-content\/uploads\/2024\/01\/westjysk-logo.svg\",\"contentUrl\":\"https:\/\/westjysk-coins.com\/wp-content\/uploads\/2024\/01\/westjysk-logo.svg\",\"width\":312,\"height\":44,\"caption\":\"Westjysk Coins\"},\"image\":{\"@id\":\"https:\/\/westjysk-coins.webserver1.dk\/#\/schema\/logo\/image\/\"}}]}<\/script>\n<!-- \/ Yoast SEO plugin. -->","yoast_head_json":{"title":"\u00d8strig, Dukat 1912, Francis Joseph I, KM 2267, Fr 493, 3,49 gram 0.986, Kva 0-M | Westjysk Coins","robots":{"index":"index","follow":"follow","max-snippet":"max-snippet:-1","max-image-preview":"max-image-preview:large","max-video-preview":"max-video-preview:-1"},"canonical":"https:\/\/westjysk-coins.com\/en\/product\/oestrig-dukat-1912-francis-joseph-i-km-2267-fr-493-349-gram-0-986-kva-0-m\/","og_locale":"en_US","og_type":"article","og_title":"\u00d8strig, Dukat 1912, Francis Joseph I, KM 2267, Fr 493, 3,49 gram 0.986, Kva 0-M | Westjysk Coins","og_url":"https:\/\/westjysk-coins.com\/en\/product\/oestrig-dukat-1912-francis-joseph-i-km-2267-fr-493-349-gram-0-986-kva-0-m\/","og_site_name":"Westjysk Coins","twitter_card":"summary_large_image","schema":{"@context":"https:\/\/schema.org","@graph":[{"@type":"WebPage","@id":"https:\/\/westjysk-coins.com\/en\/product\/oestrig-dukat-1912-francis-joseph-i-km-2267-fr-493-349-gram-0-986-kva-0-m\/","url":"https:\/\/westjysk-coins.com\/en\/product\/oestrig-dukat-1912-francis-joseph-i-km-2267-fr-493-349-gram-0-986-kva-0-m\/","name":"\u00d8strig, Dukat 1912, Francis Joseph I, KM 2267, Fr 493, 3,49 gram 0.986, Kva 0-M | Westjysk Coins","isPartOf":{"@id":"https:\/\/westjysk-coins.webserver1.dk\/#website"},"primaryImageOfPage":{"@id":"https:\/\/westjysk-coins.com\/en\/product\/oestrig-dukat-1912-francis-joseph-i-km-2267-fr-493-349-gram-0-986-kva-0-m\/#primaryimage"},"image":{"@id":"https:\/\/westjysk-coins.com\/en\/product\/oestrig-dukat-1912-francis-joseph-i-km-2267-fr-493-349-gram-0-986-kva-0-m\/#primaryimage"},"thumbnailUrl":"https:\/\/westjysk-coins.com\/wp-content\/uploads\/2025\/09\/Photoroom_076_20250911_221154.jpeg","datePublished":"2025-09-15T20:10:31+00:00","breadcrumb":{"@id":"https:\/\/westjysk-coins.com\/en\/product\/oestrig-dukat-1912-francis-joseph-i-km-2267-fr-493-349-gram-0-986-kva-0-m\/#breadcrumb"},"inLanguage":"en-US","potentialAction":[{"@type":"ReadAction","target":["https:\/\/westjysk-coins.com\/en\/product\/oestrig-dukat-1912-francis-joseph-i-km-2267-fr-493-349-gram-0-986-kva-0-m\/"]}]},{"@type":"ImageObject","inLanguage":"en-US","@id":"https:\/\/westjysk-coins.com\/en\/product\/oestrig-dukat-1912-francis-joseph-i-km-2267-fr-493-349-gram-0-986-kva-0-m\/#primaryimage","url":"https:\/\/westjysk-coins.com\/wp-content\/uploads\/2025\/09\/Photoroom_076_20250911_221154.jpeg","contentUrl":"https:\/\/westjysk-coins.com\/wp-content\/uploads\/2025\/09\/Photoroom_076_20250911_221154.jpeg","width":1512,"height":1512},{"@type":"BreadcrumbList","@id":"https:\/\/westjysk-coins.com\/en\/product\/oestrig-dukat-1912-francis-joseph-i-km-2267-fr-493-349-gram-0-986-kva-0-m\/#breadcrumb","itemListElement":[{"@type":"ListItem","position":1,"name":"Forside","item":"https:\/\/westjysk-coins.com\/"},{"@type":"ListItem","position":2,"name":"Shop","item":"https:\/\/westjysk-coins.com\/en\/shop\/"},{"@type":"ListItem","position":3,"name":"\u00d8strig, Dukat 1912, Francis Joseph I, KM 2267, Fr 493, 3,49 gram 0.986, Kva 0-M"}]},{"@type":"WebSite","@id":"https:\/\/westjysk-coins.webserver1.dk\/#website","url":"https:\/\/westjysk-coins.webserver1.dk\/","name":"Westjysk Coins","description":"K\u00f8b, salg og vurderinger af gamle m\u00f8nter, sedler, guld og s\u00f8lv, b\u00e5de danske og udlandske","publisher":{"@id":"https:\/\/westjysk-coins.webserver1.dk\/#organization"},"potentialAction":[{"@type":"SearchAction","target":{"@type":"EntryPoint","urlTemplate":"https:\/\/westjysk-coins.webserver1.dk\/?s={search_term_string}"},"query-input":{"@type":"PropertyValueSpecification","valueRequired":true,"valueName":"search_term_string"}}],"inLanguage":"en-US"},{"@type":"Organization","@id":"https:\/\/westjysk-coins.webserver1.dk\/#organization","name":"Westjysk Coins","url":"https:\/\/westjysk-coins.webserver1.dk\/","logo":{"@type":"ImageObject","inLanguage":"en-US","@id":"https:\/\/westjysk-coins.webserver1.dk\/#\/schema\/logo\/image\/","url":"https:\/\/westjysk-coins.com\/wp-content\/uploads\/2024\/01\/westjysk-logo.svg","contentUrl":"https:\/\/westjysk-coins.com\/wp-content\/uploads\/2024\/01\/westjysk-logo.svg","width":312,"height":44,"caption":"Westjysk Coins"},"image":{"@id":"https:\/\/westjysk-coins.webserver1.dk\/#\/schema\/logo\/image\/"}}]}},"_links":{"self":[{"href":"https:\/\/westjysk-coins.com\/en\/wp-json\/wp\/v2\/product\/38378","targetHints":{"allow":["GET"]}}],"collection":[{"href":"https:\/\/westjysk-coins.com\/en\/wp-json\/wp\/v2\/product"}],"about":[{"href":"https:\/\/westjysk-coins.com\/en\/wp-json\/wp\/v2\/types\/product"}],"replies":[{"embeddable":true,"href":"https:\/\/westjysk-coins.com\/en\/wp-json\/wp\/v2\/comments?post=38378"}],"wp:featuredmedia":[{"embeddable":true,"href":"https:\/\/westjysk-coins.com\/en\/wp-json\/wp\/v2\/media\/38331"}],"wp:attachment":[{"href":"https:\/\/westjysk-coins.com\/en\/wp-json\/wp\/v2\/media?parent=38378"}],"wp:term":[{"taxonomy":"product_brand","embeddable":true,"href":"https:\/\/westjysk-coins.com\/en\/wp-json\/wp\/v2\/product_brand?post=38378"},{"taxonomy":"product_cat","embeddable":true,"href":"https:\/\/westjysk-coins.com\/en\/wp-json\/wp\/v2\/product_cat?post=38378"},{"taxonomy":"product_tag","embeddable":true,"href":"https:\/\/westjysk-coins.com\/en\/wp-json\/wp\/v2\/product_tag?post=38378"}],"curies":[{"name":"wp","href":"https:\/\/api.w.org\/{rel}","templated":true}]}}