{"id":36686,"date":"2025-07-18T14:23:25","date_gmt":"2025-07-18T12:23:25","guid":{"rendered":"https:\/\/westjysk-coins.com\/product\/norge-2-mark-1645-hebraeer-sieg-7-2-hede-19-nmd-114-kva-01-1-u-alm-kvalitet\/"},"modified":"2025-07-18T14:23:25","modified_gmt":"2025-07-18T12:23:25","slug":"norge-2-mark-1645-hebraeer-sieg-7-2-hede-19-nmd-114-kva-01-1-u-alm-kvalitet","status":"publish","type":"product","link":"https:\/\/westjysk-coins.com\/en\/product\/norge-2-mark-1645-hebraeer-sieg-7-2-hede-19-nmd-114-kva-01-1-u-alm-kvalitet\/","title":{"rendered":"Norge, 2 mark 1645 &#8220;Hebr\u00e6er&#8221;, Sieg 7.2, Hede 19, NMD 114, Kva. 01-1+ &#8220;u.alm kvalitet&#8221;"},"content":{"rendered":"","protected":false},"excerpt":{"rendered":"","protected":false},"featured_media":36610,"comment_status":"closed","ping_status":"closed","template":"","meta":{"_acf_changed":false},"product_brand":[],"product_cat":[352,351,368,369,464,443],"product_tag":[],"class_list":{"0":"post-36686","1":"product","2":"type-product","3":"status-publish","4":"has-post-thumbnail","6":"product_cat-all-products","7":"product_cat-coins","8":"product_cat-coins-abroad","9":"product_cat-norway","10":"product_cat-chr-lv-en","11":"product_cat-norge-1628-1873-en","12":"sales-flash-overlay","13":"woocommerce-text-align-center","14":"woocommerce-image-align-center","15":"do-quantity-buttons","17":"first","18":"instock","19":"shipping-taxable","20":"purchasable","21":"product-type-simple"},"acf":[],"yoast_head":"<!-- This site is optimized with the Yoast SEO plugin v26.8 - https:\/\/yoast.com\/product\/yoast-seo-wordpress\/ -->\n<title>Norge, 2 mark 1645 &quot;Hebr\u00e6er&quot;, Sieg 7.2, Hede 19, NMD 114, Kva. 01-1+ &quot;u.alm kvalitet&quot; | Westjysk Coins<\/title>\n<meta name=\"robots\" content=\"index, follow, max-snippet:-1, max-image-preview:large, max-video-preview:-1\" \/>\n<link rel=\"canonical\" href=\"https:\/\/westjysk-coins.com\/en\/product\/norge-2-mark-1645-hebraeer-sieg-7-2-hede-19-nmd-114-kva-01-1-u-alm-kvalitet\/\" \/>\n<meta property=\"og:locale\" content=\"en_US\" \/>\n<meta property=\"og:type\" content=\"article\" \/>\n<meta property=\"og:title\" content=\"Norge, 2 mark 1645 &quot;Hebr\u00e6er&quot;, Sieg 7.2, Hede 19, NMD 114, Kva. 01-1+ &quot;u.alm kvalitet&quot; | Westjysk Coins\" \/>\n<meta property=\"og:url\" content=\"https:\/\/westjysk-coins.com\/en\/product\/norge-2-mark-1645-hebraeer-sieg-7-2-hede-19-nmd-114-kva-01-1-u-alm-kvalitet\/\" \/>\n<meta property=\"og:site_name\" content=\"Westjysk Coins\" \/>\n<meta name=\"twitter:card\" content=\"summary_large_image\" \/>\n<script type=\"application\/ld+json\" class=\"yoast-schema-graph\">{\"@context\":\"https:\/\/schema.org\",\"@graph\":[{\"@type\":\"WebPage\",\"@id\":\"https:\/\/westjysk-coins.com\/en\/product\/norge-2-mark-1645-hebraeer-sieg-7-2-hede-19-nmd-114-kva-01-1-u-alm-kvalitet\/\",\"url\":\"https:\/\/westjysk-coins.com\/en\/product\/norge-2-mark-1645-hebraeer-sieg-7-2-hede-19-nmd-114-kva-01-1-u-alm-kvalitet\/\",\"name\":\"Norge, 2 mark 1645 \\\"Hebr\u00e6er\\\", Sieg 7.2, Hede 19, NMD 114, Kva. 01-1+ \\\"u.alm kvalitet\\\" | Westjysk Coins\",\"isPartOf\":{\"@id\":\"https:\/\/westjysk-coins.webserver1.dk\/#website\"},\"primaryImageOfPage\":{\"@id\":\"https:\/\/westjysk-coins.com\/en\/product\/norge-2-mark-1645-hebraeer-sieg-7-2-hede-19-nmd-114-kva-01-1-u-alm-kvalitet\/#primaryimage\"},\"image\":{\"@id\":\"https:\/\/westjysk-coins.com\/en\/product\/norge-2-mark-1645-hebraeer-sieg-7-2-hede-19-nmd-114-kva-01-1-u-alm-kvalitet\/#primaryimage\"},\"thumbnailUrl\":\"https:\/\/westjysk-coins.com\/wp-content\/uploads\/2025\/07\/Photoroom_018_20250716_172058.jpeg\",\"datePublished\":\"2025-07-18T12:23:25+00:00\",\"breadcrumb\":{\"@id\":\"https:\/\/westjysk-coins.com\/en\/product\/norge-2-mark-1645-hebraeer-sieg-7-2-hede-19-nmd-114-kva-01-1-u-alm-kvalitet\/#breadcrumb\"},\"inLanguage\":\"en-US\",\"potentialAction\":[{\"@type\":\"ReadAction\",\"target\":[\"https:\/\/westjysk-coins.com\/en\/product\/norge-2-mark-1645-hebraeer-sieg-7-2-hede-19-nmd-114-kva-01-1-u-alm-kvalitet\/\"]}]},{\"@type\":\"ImageObject\",\"inLanguage\":\"en-US\",\"@id\":\"https:\/\/westjysk-coins.com\/en\/product\/norge-2-mark-1645-hebraeer-sieg-7-2-hede-19-nmd-114-kva-01-1-u-alm-kvalitet\/#primaryimage\",\"url\":\"https:\/\/westjysk-coins.com\/wp-content\/uploads\/2025\/07\/Photoroom_018_20250716_172058.jpeg\",\"contentUrl\":\"https:\/\/westjysk-coins.com\/wp-content\/uploads\/2025\/07\/Photoroom_018_20250716_172058.jpeg\",\"width\":1512,\"height\":1512},{\"@type\":\"BreadcrumbList\",\"@id\":\"https:\/\/westjysk-coins.com\/en\/product\/norge-2-mark-1645-hebraeer-sieg-7-2-hede-19-nmd-114-kva-01-1-u-alm-kvalitet\/#breadcrumb\",\"itemListElement\":[{\"@type\":\"ListItem\",\"position\":1,\"name\":\"Forside\",\"item\":\"https:\/\/westjysk-coins.com\/\"},{\"@type\":\"ListItem\",\"position\":2,\"name\":\"Shop\",\"item\":\"https:\/\/westjysk-coins.com\/en\/shop\/\"},{\"@type\":\"ListItem\",\"position\":3,\"name\":\"Norge, 2 mark 1645 &#8220;Hebr\u00e6er&#8221;, Sieg 7.2, Hede 19, NMD 114, Kva. 01-1+ &#8220;u.alm kvalitet&#8221;\"}]},{\"@type\":\"WebSite\",\"@id\":\"https:\/\/westjysk-coins.webserver1.dk\/#website\",\"url\":\"https:\/\/westjysk-coins.webserver1.dk\/\",\"name\":\"Westjysk Coins\",\"description\":\"K\u00f8b, salg og vurderinger af gamle m\u00f8nter, sedler, guld og s\u00f8lv, b\u00e5de danske og udlandske\",\"publisher\":{\"@id\":\"https:\/\/westjysk-coins.webserver1.dk\/#organization\"},\"potentialAction\":[{\"@type\":\"SearchAction\",\"target\":{\"@type\":\"EntryPoint\",\"urlTemplate\":\"https:\/\/westjysk-coins.webserver1.dk\/?s={search_term_string}\"},\"query-input\":{\"@type\":\"PropertyValueSpecification\",\"valueRequired\":true,\"valueName\":\"search_term_string\"}}],\"inLanguage\":\"en-US\"},{\"@type\":\"Organization\",\"@id\":\"https:\/\/westjysk-coins.webserver1.dk\/#organization\",\"name\":\"Westjysk Coins\",\"url\":\"https:\/\/westjysk-coins.webserver1.dk\/\",\"logo\":{\"@type\":\"ImageObject\",\"inLanguage\":\"en-US\",\"@id\":\"https:\/\/westjysk-coins.webserver1.dk\/#\/schema\/logo\/image\/\",\"url\":\"https:\/\/westjysk-coins.com\/wp-content\/uploads\/2024\/01\/westjysk-logo.svg\",\"contentUrl\":\"https:\/\/westjysk-coins.com\/wp-content\/uploads\/2024\/01\/westjysk-logo.svg\",\"width\":312,\"height\":44,\"caption\":\"Westjysk Coins\"},\"image\":{\"@id\":\"https:\/\/westjysk-coins.webserver1.dk\/#\/schema\/logo\/image\/\"}}]}<\/script>\n<!-- \/ Yoast SEO plugin. -->","yoast_head_json":{"title":"Norge, 2 mark 1645 \"Hebr\u00e6er\", Sieg 7.2, Hede 19, NMD 114, Kva. 01-1+ \"u.alm kvalitet\" | Westjysk Coins","robots":{"index":"index","follow":"follow","max-snippet":"max-snippet:-1","max-image-preview":"max-image-preview:large","max-video-preview":"max-video-preview:-1"},"canonical":"https:\/\/westjysk-coins.com\/en\/product\/norge-2-mark-1645-hebraeer-sieg-7-2-hede-19-nmd-114-kva-01-1-u-alm-kvalitet\/","og_locale":"en_US","og_type":"article","og_title":"Norge, 2 mark 1645 \"Hebr\u00e6er\", Sieg 7.2, Hede 19, NMD 114, Kva. 01-1+ \"u.alm kvalitet\" | Westjysk Coins","og_url":"https:\/\/westjysk-coins.com\/en\/product\/norge-2-mark-1645-hebraeer-sieg-7-2-hede-19-nmd-114-kva-01-1-u-alm-kvalitet\/","og_site_name":"Westjysk Coins","twitter_card":"summary_large_image","schema":{"@context":"https:\/\/schema.org","@graph":[{"@type":"WebPage","@id":"https:\/\/westjysk-coins.com\/en\/product\/norge-2-mark-1645-hebraeer-sieg-7-2-hede-19-nmd-114-kva-01-1-u-alm-kvalitet\/","url":"https:\/\/westjysk-coins.com\/en\/product\/norge-2-mark-1645-hebraeer-sieg-7-2-hede-19-nmd-114-kva-01-1-u-alm-kvalitet\/","name":"Norge, 2 mark 1645 \"Hebr\u00e6er\", Sieg 7.2, Hede 19, NMD 114, Kva. 01-1+ \"u.alm kvalitet\" | Westjysk Coins","isPartOf":{"@id":"https:\/\/westjysk-coins.webserver1.dk\/#website"},"primaryImageOfPage":{"@id":"https:\/\/westjysk-coins.com\/en\/product\/norge-2-mark-1645-hebraeer-sieg-7-2-hede-19-nmd-114-kva-01-1-u-alm-kvalitet\/#primaryimage"},"image":{"@id":"https:\/\/westjysk-coins.com\/en\/product\/norge-2-mark-1645-hebraeer-sieg-7-2-hede-19-nmd-114-kva-01-1-u-alm-kvalitet\/#primaryimage"},"thumbnailUrl":"https:\/\/westjysk-coins.com\/wp-content\/uploads\/2025\/07\/Photoroom_018_20250716_172058.jpeg","datePublished":"2025-07-18T12:23:25+00:00","breadcrumb":{"@id":"https:\/\/westjysk-coins.com\/en\/product\/norge-2-mark-1645-hebraeer-sieg-7-2-hede-19-nmd-114-kva-01-1-u-alm-kvalitet\/#breadcrumb"},"inLanguage":"en-US","potentialAction":[{"@type":"ReadAction","target":["https:\/\/westjysk-coins.com\/en\/product\/norge-2-mark-1645-hebraeer-sieg-7-2-hede-19-nmd-114-kva-01-1-u-alm-kvalitet\/"]}]},{"@type":"ImageObject","inLanguage":"en-US","@id":"https:\/\/westjysk-coins.com\/en\/product\/norge-2-mark-1645-hebraeer-sieg-7-2-hede-19-nmd-114-kva-01-1-u-alm-kvalitet\/#primaryimage","url":"https:\/\/westjysk-coins.com\/wp-content\/uploads\/2025\/07\/Photoroom_018_20250716_172058.jpeg","contentUrl":"https:\/\/westjysk-coins.com\/wp-content\/uploads\/2025\/07\/Photoroom_018_20250716_172058.jpeg","width":1512,"height":1512},{"@type":"BreadcrumbList","@id":"https:\/\/westjysk-coins.com\/en\/product\/norge-2-mark-1645-hebraeer-sieg-7-2-hede-19-nmd-114-kva-01-1-u-alm-kvalitet\/#breadcrumb","itemListElement":[{"@type":"ListItem","position":1,"name":"Forside","item":"https:\/\/westjysk-coins.com\/"},{"@type":"ListItem","position":2,"name":"Shop","item":"https:\/\/westjysk-coins.com\/en\/shop\/"},{"@type":"ListItem","position":3,"name":"Norge, 2 mark 1645 &#8220;Hebr\u00e6er&#8221;, Sieg 7.2, Hede 19, NMD 114, Kva. 01-1+ &#8220;u.alm kvalitet&#8221;"}]},{"@type":"WebSite","@id":"https:\/\/westjysk-coins.webserver1.dk\/#website","url":"https:\/\/westjysk-coins.webserver1.dk\/","name":"Westjysk Coins","description":"K\u00f8b, salg og vurderinger af gamle m\u00f8nter, sedler, guld og s\u00f8lv, b\u00e5de danske og udlandske","publisher":{"@id":"https:\/\/westjysk-coins.webserver1.dk\/#organization"},"potentialAction":[{"@type":"SearchAction","target":{"@type":"EntryPoint","urlTemplate":"https:\/\/westjysk-coins.webserver1.dk\/?s={search_term_string}"},"query-input":{"@type":"PropertyValueSpecification","valueRequired":true,"valueName":"search_term_string"}}],"inLanguage":"en-US"},{"@type":"Organization","@id":"https:\/\/westjysk-coins.webserver1.dk\/#organization","name":"Westjysk Coins","url":"https:\/\/westjysk-coins.webserver1.dk\/","logo":{"@type":"ImageObject","inLanguage":"en-US","@id":"https:\/\/westjysk-coins.webserver1.dk\/#\/schema\/logo\/image\/","url":"https:\/\/westjysk-coins.com\/wp-content\/uploads\/2024\/01\/westjysk-logo.svg","contentUrl":"https:\/\/westjysk-coins.com\/wp-content\/uploads\/2024\/01\/westjysk-logo.svg","width":312,"height":44,"caption":"Westjysk Coins"},"image":{"@id":"https:\/\/westjysk-coins.webserver1.dk\/#\/schema\/logo\/image\/"}}]}},"_links":{"self":[{"href":"https:\/\/westjysk-coins.com\/en\/wp-json\/wp\/v2\/product\/36686","targetHints":{"allow":["GET"]}}],"collection":[{"href":"https:\/\/westjysk-coins.com\/en\/wp-json\/wp\/v2\/product"}],"about":[{"href":"https:\/\/westjysk-coins.com\/en\/wp-json\/wp\/v2\/types\/product"}],"replies":[{"embeddable":true,"href":"https:\/\/westjysk-coins.com\/en\/wp-json\/wp\/v2\/comments?post=36686"}],"wp:featuredmedia":[{"embeddable":true,"href":"https:\/\/westjysk-coins.com\/en\/wp-json\/wp\/v2\/media\/36610"}],"wp:attachment":[{"href":"https:\/\/westjysk-coins.com\/en\/wp-json\/wp\/v2\/media?parent=36686"}],"wp:term":[{"taxonomy":"product_brand","embeddable":true,"href":"https:\/\/westjysk-coins.com\/en\/wp-json\/wp\/v2\/product_brand?post=36686"},{"taxonomy":"product_cat","embeddable":true,"href":"https:\/\/westjysk-coins.com\/en\/wp-json\/wp\/v2\/product_cat?post=36686"},{"taxonomy":"product_tag","embeddable":true,"href":"https:\/\/westjysk-coins.com\/en\/wp-json\/wp\/v2\/product_tag?post=36686"}],"curies":[{"name":"wp","href":"https:\/\/api.w.org\/{rel}","templated":true}]}}