{"id":35819,"date":"2025-07-03T19:30:29","date_gmt":"2025-07-03T17:30:29","guid":{"rendered":"https:\/\/westjysk-coins.com\/product\/norge-2-kroner-1907-lille-skjold-haakon-vii-nm-4-sieg-70-kva-0-01\/"},"modified":"2025-07-03T19:30:29","modified_gmt":"2025-07-03T17:30:29","slug":"norge-2-kroner-1907-lille-skjold-haakon-vii-nm-4-sieg-70-kva-0-01","status":"publish","type":"product","link":"https:\/\/westjysk-coins.com\/en\/product\/norge-2-kroner-1907-lille-skjold-haakon-vii-nm-4-sieg-70-kva-0-01\/","title":{"rendered":"Norge, 2 kroner 1907 &#8220;lille skjold&#8221;, Haakon VII, NM 4, Sieg 70, Kva. 0-01"},"content":{"rendered":"","protected":false},"excerpt":{"rendered":"","protected":false},"featured_media":35754,"comment_status":"closed","ping_status":"closed","template":"","meta":{"_acf_changed":false},"product_brand":[],"product_cat":[352,351,368,369,370,584],"product_tag":[],"class_list":{"0":"post-35819","1":"product","2":"type-product","3":"status-publish","4":"has-post-thumbnail","6":"product_cat-all-products","7":"product_cat-coins","8":"product_cat-coins-abroad","9":"product_cat-norway","10":"product_cat-norway-after-1873","11":"product_cat-2-kroner-norge-efter-1873-en","12":"sales-flash-overlay","13":"woocommerce-text-align-center","14":"woocommerce-image-align-center","15":"do-quantity-buttons","17":"first","18":"instock","19":"shipping-taxable","20":"purchasable","21":"product-type-simple"},"acf":[],"yoast_head":"<!-- This site is optimized with the Yoast SEO plugin v26.8 - https:\/\/yoast.com\/product\/yoast-seo-wordpress\/ -->\n<title>Norge, 2 kroner 1907 &quot;lille skjold&quot;, Haakon VII, NM 4, Sieg 70, Kva. 0-01 | Westjysk Coins<\/title>\n<meta name=\"robots\" content=\"index, follow, max-snippet:-1, max-image-preview:large, max-video-preview:-1\" \/>\n<link rel=\"canonical\" href=\"https:\/\/westjysk-coins.com\/en\/product\/norge-2-kroner-1907-lille-skjold-haakon-vii-nm-4-sieg-70-kva-0-01\/\" \/>\n<meta property=\"og:locale\" content=\"en_US\" \/>\n<meta property=\"og:type\" content=\"article\" \/>\n<meta property=\"og:title\" content=\"Norge, 2 kroner 1907 &quot;lille skjold&quot;, Haakon VII, NM 4, Sieg 70, Kva. 0-01 | Westjysk Coins\" \/>\n<meta property=\"og:url\" content=\"https:\/\/westjysk-coins.com\/en\/product\/norge-2-kroner-1907-lille-skjold-haakon-vii-nm-4-sieg-70-kva-0-01\/\" \/>\n<meta property=\"og:site_name\" content=\"Westjysk Coins\" \/>\n<meta name=\"twitter:card\" content=\"summary_large_image\" \/>\n<script type=\"application\/ld+json\" class=\"yoast-schema-graph\">{\"@context\":\"https:\/\/schema.org\",\"@graph\":[{\"@type\":\"WebPage\",\"@id\":\"https:\/\/westjysk-coins.com\/en\/product\/norge-2-kroner-1907-lille-skjold-haakon-vii-nm-4-sieg-70-kva-0-01\/\",\"url\":\"https:\/\/westjysk-coins.com\/en\/product\/norge-2-kroner-1907-lille-skjold-haakon-vii-nm-4-sieg-70-kva-0-01\/\",\"name\":\"Norge, 2 kroner 1907 \\\"lille skjold\\\", Haakon VII, NM 4, Sieg 70, Kva. 0-01 | Westjysk Coins\",\"isPartOf\":{\"@id\":\"https:\/\/westjysk-coins.webserver1.dk\/#website\"},\"primaryImageOfPage\":{\"@id\":\"https:\/\/westjysk-coins.com\/en\/product\/norge-2-kroner-1907-lille-skjold-haakon-vii-nm-4-sieg-70-kva-0-01\/#primaryimage\"},\"image\":{\"@id\":\"https:\/\/westjysk-coins.com\/en\/product\/norge-2-kroner-1907-lille-skjold-haakon-vii-nm-4-sieg-70-kva-0-01\/#primaryimage\"},\"thumbnailUrl\":\"https:\/\/westjysk-coins.com\/wp-content\/uploads\/2025\/07\/Photoroom_040_20250429_190756.jpeg\",\"datePublished\":\"2025-07-03T17:30:29+00:00\",\"breadcrumb\":{\"@id\":\"https:\/\/westjysk-coins.com\/en\/product\/norge-2-kroner-1907-lille-skjold-haakon-vii-nm-4-sieg-70-kva-0-01\/#breadcrumb\"},\"inLanguage\":\"en-US\",\"potentialAction\":[{\"@type\":\"ReadAction\",\"target\":[\"https:\/\/westjysk-coins.com\/en\/product\/norge-2-kroner-1907-lille-skjold-haakon-vii-nm-4-sieg-70-kva-0-01\/\"]}]},{\"@type\":\"ImageObject\",\"inLanguage\":\"en-US\",\"@id\":\"https:\/\/westjysk-coins.com\/en\/product\/norge-2-kroner-1907-lille-skjold-haakon-vii-nm-4-sieg-70-kva-0-01\/#primaryimage\",\"url\":\"https:\/\/westjysk-coins.com\/wp-content\/uploads\/2025\/07\/Photoroom_040_20250429_190756.jpeg\",\"contentUrl\":\"https:\/\/westjysk-coins.com\/wp-content\/uploads\/2025\/07\/Photoroom_040_20250429_190756.jpeg\",\"width\":1512,\"height\":1512},{\"@type\":\"BreadcrumbList\",\"@id\":\"https:\/\/westjysk-coins.com\/en\/product\/norge-2-kroner-1907-lille-skjold-haakon-vii-nm-4-sieg-70-kva-0-01\/#breadcrumb\",\"itemListElement\":[{\"@type\":\"ListItem\",\"position\":1,\"name\":\"Forside\",\"item\":\"https:\/\/westjysk-coins.com\/\"},{\"@type\":\"ListItem\",\"position\":2,\"name\":\"Shop\",\"item\":\"https:\/\/westjysk-coins.com\/en\/shop\/\"},{\"@type\":\"ListItem\",\"position\":3,\"name\":\"Norge, 2 kroner 1907 &#8220;lille skjold&#8221;, Haakon VII, NM 4, Sieg 70, Kva. 0-01\"}]},{\"@type\":\"WebSite\",\"@id\":\"https:\/\/westjysk-coins.webserver1.dk\/#website\",\"url\":\"https:\/\/westjysk-coins.webserver1.dk\/\",\"name\":\"Westjysk Coins\",\"description\":\"K\u00f8b, salg og vurderinger af gamle m\u00f8nter, sedler, guld og s\u00f8lv, b\u00e5de danske og udlandske\",\"publisher\":{\"@id\":\"https:\/\/westjysk-coins.webserver1.dk\/#organization\"},\"potentialAction\":[{\"@type\":\"SearchAction\",\"target\":{\"@type\":\"EntryPoint\",\"urlTemplate\":\"https:\/\/westjysk-coins.webserver1.dk\/?s={search_term_string}\"},\"query-input\":{\"@type\":\"PropertyValueSpecification\",\"valueRequired\":true,\"valueName\":\"search_term_string\"}}],\"inLanguage\":\"en-US\"},{\"@type\":\"Organization\",\"@id\":\"https:\/\/westjysk-coins.webserver1.dk\/#organization\",\"name\":\"Westjysk Coins\",\"url\":\"https:\/\/westjysk-coins.webserver1.dk\/\",\"logo\":{\"@type\":\"ImageObject\",\"inLanguage\":\"en-US\",\"@id\":\"https:\/\/westjysk-coins.webserver1.dk\/#\/schema\/logo\/image\/\",\"url\":\"https:\/\/westjysk-coins.com\/wp-content\/uploads\/2024\/01\/westjysk-logo.svg\",\"contentUrl\":\"https:\/\/westjysk-coins.com\/wp-content\/uploads\/2024\/01\/westjysk-logo.svg\",\"width\":312,\"height\":44,\"caption\":\"Westjysk Coins\"},\"image\":{\"@id\":\"https:\/\/westjysk-coins.webserver1.dk\/#\/schema\/logo\/image\/\"}}]}<\/script>\n<!-- \/ Yoast SEO plugin. -->","yoast_head_json":{"title":"Norge, 2 kroner 1907 \"lille skjold\", Haakon VII, NM 4, Sieg 70, Kva. 0-01 | Westjysk Coins","robots":{"index":"index","follow":"follow","max-snippet":"max-snippet:-1","max-image-preview":"max-image-preview:large","max-video-preview":"max-video-preview:-1"},"canonical":"https:\/\/westjysk-coins.com\/en\/product\/norge-2-kroner-1907-lille-skjold-haakon-vii-nm-4-sieg-70-kva-0-01\/","og_locale":"en_US","og_type":"article","og_title":"Norge, 2 kroner 1907 \"lille skjold\", Haakon VII, NM 4, Sieg 70, Kva. 0-01 | Westjysk Coins","og_url":"https:\/\/westjysk-coins.com\/en\/product\/norge-2-kroner-1907-lille-skjold-haakon-vii-nm-4-sieg-70-kva-0-01\/","og_site_name":"Westjysk Coins","twitter_card":"summary_large_image","schema":{"@context":"https:\/\/schema.org","@graph":[{"@type":"WebPage","@id":"https:\/\/westjysk-coins.com\/en\/product\/norge-2-kroner-1907-lille-skjold-haakon-vii-nm-4-sieg-70-kva-0-01\/","url":"https:\/\/westjysk-coins.com\/en\/product\/norge-2-kroner-1907-lille-skjold-haakon-vii-nm-4-sieg-70-kva-0-01\/","name":"Norge, 2 kroner 1907 \"lille skjold\", Haakon VII, NM 4, Sieg 70, Kva. 0-01 | Westjysk Coins","isPartOf":{"@id":"https:\/\/westjysk-coins.webserver1.dk\/#website"},"primaryImageOfPage":{"@id":"https:\/\/westjysk-coins.com\/en\/product\/norge-2-kroner-1907-lille-skjold-haakon-vii-nm-4-sieg-70-kva-0-01\/#primaryimage"},"image":{"@id":"https:\/\/westjysk-coins.com\/en\/product\/norge-2-kroner-1907-lille-skjold-haakon-vii-nm-4-sieg-70-kva-0-01\/#primaryimage"},"thumbnailUrl":"https:\/\/westjysk-coins.com\/wp-content\/uploads\/2025\/07\/Photoroom_040_20250429_190756.jpeg","datePublished":"2025-07-03T17:30:29+00:00","breadcrumb":{"@id":"https:\/\/westjysk-coins.com\/en\/product\/norge-2-kroner-1907-lille-skjold-haakon-vii-nm-4-sieg-70-kva-0-01\/#breadcrumb"},"inLanguage":"en-US","potentialAction":[{"@type":"ReadAction","target":["https:\/\/westjysk-coins.com\/en\/product\/norge-2-kroner-1907-lille-skjold-haakon-vii-nm-4-sieg-70-kva-0-01\/"]}]},{"@type":"ImageObject","inLanguage":"en-US","@id":"https:\/\/westjysk-coins.com\/en\/product\/norge-2-kroner-1907-lille-skjold-haakon-vii-nm-4-sieg-70-kva-0-01\/#primaryimage","url":"https:\/\/westjysk-coins.com\/wp-content\/uploads\/2025\/07\/Photoroom_040_20250429_190756.jpeg","contentUrl":"https:\/\/westjysk-coins.com\/wp-content\/uploads\/2025\/07\/Photoroom_040_20250429_190756.jpeg","width":1512,"height":1512},{"@type":"BreadcrumbList","@id":"https:\/\/westjysk-coins.com\/en\/product\/norge-2-kroner-1907-lille-skjold-haakon-vii-nm-4-sieg-70-kva-0-01\/#breadcrumb","itemListElement":[{"@type":"ListItem","position":1,"name":"Forside","item":"https:\/\/westjysk-coins.com\/"},{"@type":"ListItem","position":2,"name":"Shop","item":"https:\/\/westjysk-coins.com\/en\/shop\/"},{"@type":"ListItem","position":3,"name":"Norge, 2 kroner 1907 &#8220;lille skjold&#8221;, Haakon VII, NM 4, Sieg 70, Kva. 0-01"}]},{"@type":"WebSite","@id":"https:\/\/westjysk-coins.webserver1.dk\/#website","url":"https:\/\/westjysk-coins.webserver1.dk\/","name":"Westjysk Coins","description":"K\u00f8b, salg og vurderinger af gamle m\u00f8nter, sedler, guld og s\u00f8lv, b\u00e5de danske og udlandske","publisher":{"@id":"https:\/\/westjysk-coins.webserver1.dk\/#organization"},"potentialAction":[{"@type":"SearchAction","target":{"@type":"EntryPoint","urlTemplate":"https:\/\/westjysk-coins.webserver1.dk\/?s={search_term_string}"},"query-input":{"@type":"PropertyValueSpecification","valueRequired":true,"valueName":"search_term_string"}}],"inLanguage":"en-US"},{"@type":"Organization","@id":"https:\/\/westjysk-coins.webserver1.dk\/#organization","name":"Westjysk Coins","url":"https:\/\/westjysk-coins.webserver1.dk\/","logo":{"@type":"ImageObject","inLanguage":"en-US","@id":"https:\/\/westjysk-coins.webserver1.dk\/#\/schema\/logo\/image\/","url":"https:\/\/westjysk-coins.com\/wp-content\/uploads\/2024\/01\/westjysk-logo.svg","contentUrl":"https:\/\/westjysk-coins.com\/wp-content\/uploads\/2024\/01\/westjysk-logo.svg","width":312,"height":44,"caption":"Westjysk Coins"},"image":{"@id":"https:\/\/westjysk-coins.webserver1.dk\/#\/schema\/logo\/image\/"}}]}},"_links":{"self":[{"href":"https:\/\/westjysk-coins.com\/en\/wp-json\/wp\/v2\/product\/35819","targetHints":{"allow":["GET"]}}],"collection":[{"href":"https:\/\/westjysk-coins.com\/en\/wp-json\/wp\/v2\/product"}],"about":[{"href":"https:\/\/westjysk-coins.com\/en\/wp-json\/wp\/v2\/types\/product"}],"replies":[{"embeddable":true,"href":"https:\/\/westjysk-coins.com\/en\/wp-json\/wp\/v2\/comments?post=35819"}],"wp:featuredmedia":[{"embeddable":true,"href":"https:\/\/westjysk-coins.com\/en\/wp-json\/wp\/v2\/media\/35754"}],"wp:attachment":[{"href":"https:\/\/westjysk-coins.com\/en\/wp-json\/wp\/v2\/media?parent=35819"}],"wp:term":[{"taxonomy":"product_brand","embeddable":true,"href":"https:\/\/westjysk-coins.com\/en\/wp-json\/wp\/v2\/product_brand?post=35819"},{"taxonomy":"product_cat","embeddable":true,"href":"https:\/\/westjysk-coins.com\/en\/wp-json\/wp\/v2\/product_cat?post=35819"},{"taxonomy":"product_tag","embeddable":true,"href":"https:\/\/westjysk-coins.com\/en\/wp-json\/wp\/v2\/product_tag?post=35819"}],"curies":[{"name":"wp","href":"https:\/\/api.w.org\/{rel}","templated":true}]}}