{"id":34647,"date":"2025-06-29T18:40:26","date_gmt":"2025-06-29T16:40:26","guid":{"rendered":"https:\/\/westjysk-coins.com\/product\/1645-dukat-chr-iv-hebraeertype-h-33-sieg-128-2-s-6-f-39-343-g-kva-1-let-buklet-sjaelden\/"},"modified":"2025-06-29T18:40:26","modified_gmt":"2025-06-29T16:40:26","slug":"1645-dukat-chr-iv-hebraeertype-h-33-sieg-128-2-s-6-f-39-343-g-kva-1-let-buklet-sjaelden","status":"publish","type":"product","link":"https:\/\/westjysk-coins.com\/en\/product\/1645-dukat-chr-iv-hebraeertype-h-33-sieg-128-2-s-6-f-39-343-g-kva-1-let-buklet-sjaelden\/","title":{"rendered":"1645, dukat, Chr.IV, \u201cHebr\u00e6ertype\u201d, H 33, Sieg 128.2, S 6, F 39, 3,43 g, Kva. 1+ &#8220;let buklet&#8221; Sj\u00e6lden"},"content":{"rendered":"","protected":false},"excerpt":{"rendered":"","protected":false},"featured_media":34582,"comment_status":"closed","ping_status":"closed","template":"","meta":{"_acf_changed":false},"product_brand":[],"product_cat":[352,351,354,355,353,428,433,475,350],"product_tag":[],"class_list":{"0":"post-34647","1":"product","2":"type-product","3":"status-publish","4":"has-post-thumbnail","6":"product_cat-all-products","7":"product_cat-coins","8":"product_cat-danish-gold-coins","9":"product_cat-danish-gold-coins-before-1873","10":"product_cat-denmark","11":"product_cat-1448-1874-en","12":"product_cat-1588-1648-christian-lv-en","13":"product_cat-speciedaler-en","14":"product_cat-uncategorized","15":"sales-flash-overlay","16":"woocommerce-text-align-center","17":"woocommerce-image-align-center","18":"do-quantity-buttons","20":"first","21":"instock","22":"shipping-taxable","23":"purchasable","24":"product-type-simple"},"acf":[],"yoast_head":"<!-- This site is optimized with the Yoast SEO plugin v26.8 - https:\/\/yoast.com\/product\/yoast-seo-wordpress\/ -->\n<title>1645, dukat, Chr.IV, \u201cHebr\u00e6ertype\u201d, H 33, Sieg 128.2, S 6, F 39, 3,43 g, Kva. 1+ &quot;let buklet&quot; Sj\u00e6lden | Westjysk Coins<\/title>\n<meta name=\"robots\" content=\"index, follow, max-snippet:-1, max-image-preview:large, max-video-preview:-1\" \/>\n<link rel=\"canonical\" href=\"https:\/\/westjysk-coins.com\/en\/product\/1645-dukat-chr-iv-hebraeertype-h-33-sieg-128-2-s-6-f-39-343-g-kva-1-let-buklet-sjaelden\/\" \/>\n<meta property=\"og:locale\" content=\"en_US\" \/>\n<meta property=\"og:type\" content=\"article\" \/>\n<meta property=\"og:title\" content=\"1645, dukat, Chr.IV, \u201cHebr\u00e6ertype\u201d, H 33, Sieg 128.2, S 6, F 39, 3,43 g, Kva. 1+ &quot;let buklet&quot; Sj\u00e6lden | Westjysk Coins\" \/>\n<meta property=\"og:url\" content=\"https:\/\/westjysk-coins.com\/en\/product\/1645-dukat-chr-iv-hebraeertype-h-33-sieg-128-2-s-6-f-39-343-g-kva-1-let-buklet-sjaelden\/\" \/>\n<meta property=\"og:site_name\" content=\"Westjysk Coins\" \/>\n<meta name=\"twitter:card\" content=\"summary_large_image\" \/>\n<script type=\"application\/ld+json\" class=\"yoast-schema-graph\">{\"@context\":\"https:\/\/schema.org\",\"@graph\":[{\"@type\":\"WebPage\",\"@id\":\"https:\/\/westjysk-coins.com\/en\/product\/1645-dukat-chr-iv-hebraeertype-h-33-sieg-128-2-s-6-f-39-343-g-kva-1-let-buklet-sjaelden\/\",\"url\":\"https:\/\/westjysk-coins.com\/en\/product\/1645-dukat-chr-iv-hebraeertype-h-33-sieg-128-2-s-6-f-39-343-g-kva-1-let-buklet-sjaelden\/\",\"name\":\"1645, dukat, Chr.IV, \u201cHebr\u00e6ertype\u201d, H 33, Sieg 128.2, S 6, F 39, 3,43 g, Kva. 1+ \\\"let buklet\\\" Sj\u00e6lden | Westjysk Coins\",\"isPartOf\":{\"@id\":\"https:\/\/westjysk-coins.webserver1.dk\/#website\"},\"primaryImageOfPage\":{\"@id\":\"https:\/\/westjysk-coins.com\/en\/product\/1645-dukat-chr-iv-hebraeertype-h-33-sieg-128-2-s-6-f-39-343-g-kva-1-let-buklet-sjaelden\/#primaryimage\"},\"image\":{\"@id\":\"https:\/\/westjysk-coins.com\/en\/product\/1645-dukat-chr-iv-hebraeertype-h-33-sieg-128-2-s-6-f-39-343-g-kva-1-let-buklet-sjaelden\/#primaryimage\"},\"thumbnailUrl\":\"https:\/\/westjysk-coins.com\/wp-content\/uploads\/2025\/06\/Photoroom_023_20250625_212414.jpeg\",\"datePublished\":\"2025-06-29T16:40:26+00:00\",\"breadcrumb\":{\"@id\":\"https:\/\/westjysk-coins.com\/en\/product\/1645-dukat-chr-iv-hebraeertype-h-33-sieg-128-2-s-6-f-39-343-g-kva-1-let-buklet-sjaelden\/#breadcrumb\"},\"inLanguage\":\"en-US\",\"potentialAction\":[{\"@type\":\"ReadAction\",\"target\":[\"https:\/\/westjysk-coins.com\/en\/product\/1645-dukat-chr-iv-hebraeertype-h-33-sieg-128-2-s-6-f-39-343-g-kva-1-let-buklet-sjaelden\/\"]}]},{\"@type\":\"ImageObject\",\"inLanguage\":\"en-US\",\"@id\":\"https:\/\/westjysk-coins.com\/en\/product\/1645-dukat-chr-iv-hebraeertype-h-33-sieg-128-2-s-6-f-39-343-g-kva-1-let-buklet-sjaelden\/#primaryimage\",\"url\":\"https:\/\/westjysk-coins.com\/wp-content\/uploads\/2025\/06\/Photoroom_023_20250625_212414.jpeg\",\"contentUrl\":\"https:\/\/westjysk-coins.com\/wp-content\/uploads\/2025\/06\/Photoroom_023_20250625_212414.jpeg\",\"width\":1512,\"height\":1512},{\"@type\":\"BreadcrumbList\",\"@id\":\"https:\/\/westjysk-coins.com\/en\/product\/1645-dukat-chr-iv-hebraeertype-h-33-sieg-128-2-s-6-f-39-343-g-kva-1-let-buklet-sjaelden\/#breadcrumb\",\"itemListElement\":[{\"@type\":\"ListItem\",\"position\":1,\"name\":\"Forside\",\"item\":\"https:\/\/westjysk-coins.com\/\"},{\"@type\":\"ListItem\",\"position\":2,\"name\":\"Shop\",\"item\":\"https:\/\/westjysk-coins.com\/en\/shop\/\"},{\"@type\":\"ListItem\",\"position\":3,\"name\":\"1645, dukat, Chr.IV, \u201cHebr\u00e6ertype\u201d, H 33, Sieg 128.2, S 6, F 39, 3,43 g, Kva. 1+ &#8220;let buklet&#8221; Sj\u00e6lden\"}]},{\"@type\":\"WebSite\",\"@id\":\"https:\/\/westjysk-coins.webserver1.dk\/#website\",\"url\":\"https:\/\/westjysk-coins.webserver1.dk\/\",\"name\":\"Westjysk Coins\",\"description\":\"K\u00f8b, salg og vurderinger af gamle m\u00f8nter, sedler, guld og s\u00f8lv, b\u00e5de danske og udlandske\",\"publisher\":{\"@id\":\"https:\/\/westjysk-coins.webserver1.dk\/#organization\"},\"potentialAction\":[{\"@type\":\"SearchAction\",\"target\":{\"@type\":\"EntryPoint\",\"urlTemplate\":\"https:\/\/westjysk-coins.webserver1.dk\/?s={search_term_string}\"},\"query-input\":{\"@type\":\"PropertyValueSpecification\",\"valueRequired\":true,\"valueName\":\"search_term_string\"}}],\"inLanguage\":\"en-US\"},{\"@type\":\"Organization\",\"@id\":\"https:\/\/westjysk-coins.webserver1.dk\/#organization\",\"name\":\"Westjysk Coins\",\"url\":\"https:\/\/westjysk-coins.webserver1.dk\/\",\"logo\":{\"@type\":\"ImageObject\",\"inLanguage\":\"en-US\",\"@id\":\"https:\/\/westjysk-coins.webserver1.dk\/#\/schema\/logo\/image\/\",\"url\":\"https:\/\/westjysk-coins.com\/wp-content\/uploads\/2024\/01\/westjysk-logo.svg\",\"contentUrl\":\"https:\/\/westjysk-coins.com\/wp-content\/uploads\/2024\/01\/westjysk-logo.svg\",\"width\":312,\"height\":44,\"caption\":\"Westjysk Coins\"},\"image\":{\"@id\":\"https:\/\/westjysk-coins.webserver1.dk\/#\/schema\/logo\/image\/\"}}]}<\/script>\n<!-- \/ Yoast SEO plugin. -->","yoast_head_json":{"title":"1645, dukat, Chr.IV, \u201cHebr\u00e6ertype\u201d, H 33, Sieg 128.2, S 6, F 39, 3,43 g, Kva. 1+ \"let buklet\" Sj\u00e6lden | Westjysk Coins","robots":{"index":"index","follow":"follow","max-snippet":"max-snippet:-1","max-image-preview":"max-image-preview:large","max-video-preview":"max-video-preview:-1"},"canonical":"https:\/\/westjysk-coins.com\/en\/product\/1645-dukat-chr-iv-hebraeertype-h-33-sieg-128-2-s-6-f-39-343-g-kva-1-let-buklet-sjaelden\/","og_locale":"en_US","og_type":"article","og_title":"1645, dukat, Chr.IV, \u201cHebr\u00e6ertype\u201d, H 33, Sieg 128.2, S 6, F 39, 3,43 g, Kva. 1+ \"let buklet\" Sj\u00e6lden | Westjysk Coins","og_url":"https:\/\/westjysk-coins.com\/en\/product\/1645-dukat-chr-iv-hebraeertype-h-33-sieg-128-2-s-6-f-39-343-g-kva-1-let-buklet-sjaelden\/","og_site_name":"Westjysk Coins","twitter_card":"summary_large_image","schema":{"@context":"https:\/\/schema.org","@graph":[{"@type":"WebPage","@id":"https:\/\/westjysk-coins.com\/en\/product\/1645-dukat-chr-iv-hebraeertype-h-33-sieg-128-2-s-6-f-39-343-g-kva-1-let-buklet-sjaelden\/","url":"https:\/\/westjysk-coins.com\/en\/product\/1645-dukat-chr-iv-hebraeertype-h-33-sieg-128-2-s-6-f-39-343-g-kva-1-let-buklet-sjaelden\/","name":"1645, dukat, Chr.IV, \u201cHebr\u00e6ertype\u201d, H 33, Sieg 128.2, S 6, F 39, 3,43 g, Kva. 1+ \"let buklet\" Sj\u00e6lden | Westjysk Coins","isPartOf":{"@id":"https:\/\/westjysk-coins.webserver1.dk\/#website"},"primaryImageOfPage":{"@id":"https:\/\/westjysk-coins.com\/en\/product\/1645-dukat-chr-iv-hebraeertype-h-33-sieg-128-2-s-6-f-39-343-g-kva-1-let-buklet-sjaelden\/#primaryimage"},"image":{"@id":"https:\/\/westjysk-coins.com\/en\/product\/1645-dukat-chr-iv-hebraeertype-h-33-sieg-128-2-s-6-f-39-343-g-kva-1-let-buklet-sjaelden\/#primaryimage"},"thumbnailUrl":"https:\/\/westjysk-coins.com\/wp-content\/uploads\/2025\/06\/Photoroom_023_20250625_212414.jpeg","datePublished":"2025-06-29T16:40:26+00:00","breadcrumb":{"@id":"https:\/\/westjysk-coins.com\/en\/product\/1645-dukat-chr-iv-hebraeertype-h-33-sieg-128-2-s-6-f-39-343-g-kva-1-let-buklet-sjaelden\/#breadcrumb"},"inLanguage":"en-US","potentialAction":[{"@type":"ReadAction","target":["https:\/\/westjysk-coins.com\/en\/product\/1645-dukat-chr-iv-hebraeertype-h-33-sieg-128-2-s-6-f-39-343-g-kva-1-let-buklet-sjaelden\/"]}]},{"@type":"ImageObject","inLanguage":"en-US","@id":"https:\/\/westjysk-coins.com\/en\/product\/1645-dukat-chr-iv-hebraeertype-h-33-sieg-128-2-s-6-f-39-343-g-kva-1-let-buklet-sjaelden\/#primaryimage","url":"https:\/\/westjysk-coins.com\/wp-content\/uploads\/2025\/06\/Photoroom_023_20250625_212414.jpeg","contentUrl":"https:\/\/westjysk-coins.com\/wp-content\/uploads\/2025\/06\/Photoroom_023_20250625_212414.jpeg","width":1512,"height":1512},{"@type":"BreadcrumbList","@id":"https:\/\/westjysk-coins.com\/en\/product\/1645-dukat-chr-iv-hebraeertype-h-33-sieg-128-2-s-6-f-39-343-g-kva-1-let-buklet-sjaelden\/#breadcrumb","itemListElement":[{"@type":"ListItem","position":1,"name":"Forside","item":"https:\/\/westjysk-coins.com\/"},{"@type":"ListItem","position":2,"name":"Shop","item":"https:\/\/westjysk-coins.com\/en\/shop\/"},{"@type":"ListItem","position":3,"name":"1645, dukat, Chr.IV, \u201cHebr\u00e6ertype\u201d, H 33, Sieg 128.2, S 6, F 39, 3,43 g, Kva. 1+ &#8220;let buklet&#8221; Sj\u00e6lden"}]},{"@type":"WebSite","@id":"https:\/\/westjysk-coins.webserver1.dk\/#website","url":"https:\/\/westjysk-coins.webserver1.dk\/","name":"Westjysk Coins","description":"K\u00f8b, salg og vurderinger af gamle m\u00f8nter, sedler, guld og s\u00f8lv, b\u00e5de danske og udlandske","publisher":{"@id":"https:\/\/westjysk-coins.webserver1.dk\/#organization"},"potentialAction":[{"@type":"SearchAction","target":{"@type":"EntryPoint","urlTemplate":"https:\/\/westjysk-coins.webserver1.dk\/?s={search_term_string}"},"query-input":{"@type":"PropertyValueSpecification","valueRequired":true,"valueName":"search_term_string"}}],"inLanguage":"en-US"},{"@type":"Organization","@id":"https:\/\/westjysk-coins.webserver1.dk\/#organization","name":"Westjysk Coins","url":"https:\/\/westjysk-coins.webserver1.dk\/","logo":{"@type":"ImageObject","inLanguage":"en-US","@id":"https:\/\/westjysk-coins.webserver1.dk\/#\/schema\/logo\/image\/","url":"https:\/\/westjysk-coins.com\/wp-content\/uploads\/2024\/01\/westjysk-logo.svg","contentUrl":"https:\/\/westjysk-coins.com\/wp-content\/uploads\/2024\/01\/westjysk-logo.svg","width":312,"height":44,"caption":"Westjysk Coins"},"image":{"@id":"https:\/\/westjysk-coins.webserver1.dk\/#\/schema\/logo\/image\/"}}]}},"_links":{"self":[{"href":"https:\/\/westjysk-coins.com\/en\/wp-json\/wp\/v2\/product\/34647","targetHints":{"allow":["GET"]}}],"collection":[{"href":"https:\/\/westjysk-coins.com\/en\/wp-json\/wp\/v2\/product"}],"about":[{"href":"https:\/\/westjysk-coins.com\/en\/wp-json\/wp\/v2\/types\/product"}],"replies":[{"embeddable":true,"href":"https:\/\/westjysk-coins.com\/en\/wp-json\/wp\/v2\/comments?post=34647"}],"wp:featuredmedia":[{"embeddable":true,"href":"https:\/\/westjysk-coins.com\/en\/wp-json\/wp\/v2\/media\/34582"}],"wp:attachment":[{"href":"https:\/\/westjysk-coins.com\/en\/wp-json\/wp\/v2\/media?parent=34647"}],"wp:term":[{"taxonomy":"product_brand","embeddable":true,"href":"https:\/\/westjysk-coins.com\/en\/wp-json\/wp\/v2\/product_brand?post=34647"},{"taxonomy":"product_cat","embeddable":true,"href":"https:\/\/westjysk-coins.com\/en\/wp-json\/wp\/v2\/product_cat?post=34647"},{"taxonomy":"product_tag","embeddable":true,"href":"https:\/\/westjysk-coins.com\/en\/wp-json\/wp\/v2\/product_tag?post=34647"}],"curies":[{"name":"wp","href":"https:\/\/api.w.org\/{rel}","templated":true}]}}