{"id":34454,"date":"2025-06-25T21:48:36","date_gmt":"2025-06-25T19:48:36","guid":{"rendered":"https:\/\/westjysk-coins.com\/product\/1667-speciedaler-fre-lll-sieg-86-2-hede-68b-s-18-aagaard-107-3-2860-g-sublimt-kabinetseksemplar-af-frederik-caspar-herbachs-smukke-og-sjaeldne-barokspecie-kva-0-ex-arne-andreasen-2-br-86\/"},"modified":"2025-06-25T21:48:36","modified_gmt":"2025-06-25T19:48:36","slug":"1667-speciedaler-fre-lll-sieg-86-2-hede-68b-s-18-aagaard-107-3-2860-g-sublimt-kabinetseksemplar-af-frederik-caspar-herbachs-smukke-og-sjaeldne-barokspecie-kva-0-ex-arne-andreasen-2-br-86","status":"publish","type":"product","link":"https:\/\/westjysk-coins.com\/en\/product\/1667-speciedaler-fre-lll-sieg-86-2-hede-68b-s-18-aagaard-107-3-2860-g-sublimt-kabinetseksemplar-af-frederik-caspar-herbachs-smukke-og-sjaeldne-barokspecie-kva-0-ex-arne-andreasen-2-br-86\/","title":{"rendered":"1667, speciedaler, Fre.lll, Sieg 86.2, Hede 68B, S 18, Aagaard 107.3, 28,60 g, sublimt kabinetseksemplar af Frederik Caspar Herbachs smukke og sj\u00e6ldne barokspecie, Kva. 0 &#8220;Ex. Arne Andreasen 2 BR 868, 2016, lot 26, ex. Adler Petersen KH 1996, 266&#8221;"},"content":{"rendered":"","protected":false},"excerpt":{"rendered":"","protected":false},"featured_media":34340,"comment_status":"closed","ping_status":"closed","template":"","meta":{"_acf_changed":false},"product_brand":[],"product_cat":[428,416,352,351,353,420],"product_tag":[],"class_list":{"0":"post-34454","1":"product","2":"type-product","3":"status-publish","4":"has-post-thumbnail","6":"product_cat-1448-1874-en","7":"product_cat-1648-1670-frederik-iii","8":"product_cat-all-products","9":"product_cat-coins","10":"product_cat-denmark","11":"product_cat-specied-dials-from-1-16-spe","12":"sales-flash-overlay","13":"woocommerce-text-align-center","14":"woocommerce-image-align-center","15":"do-quantity-buttons","17":"first","18":"instock","19":"shipping-taxable","20":"purchasable","21":"product-type-simple"},"acf":[],"yoast_head":"<!-- This site is optimized with the Yoast SEO plugin v26.8 - https:\/\/yoast.com\/product\/yoast-seo-wordpress\/ -->\n<title>1667, speciedaler, Fre.lll, Sieg 86.2, Hede 68B, S 18, Aagaard 107.3, 28,60 g, sublimt kabinetseksemplar af Frederik Caspar Herbachs smukke og sj\u00e6ldne barokspecie, Kva. 0 &quot;Ex. Arne Andreasen 2 BR 868, 2016, lot 26, ex. Adler Petersen KH 1996, 266&quot; | Westjysk Coins<\/title>\n<meta name=\"robots\" content=\"index, follow, max-snippet:-1, max-image-preview:large, max-video-preview:-1\" \/>\n<link rel=\"canonical\" href=\"https:\/\/westjysk-coins.com\/en\/product\/1667-speciedaler-fre-lll-sieg-86-2-hede-68b-s-18-aagaard-107-3-2860-g-sublimt-kabinetseksemplar-af-frederik-caspar-herbachs-smukke-og-sjaeldne-barokspecie-kva-0-ex-arne-andreasen-2-br-86\/\" \/>\n<meta property=\"og:locale\" content=\"en_US\" \/>\n<meta property=\"og:type\" content=\"article\" \/>\n<meta property=\"og:title\" content=\"1667, speciedaler, Fre.lll, Sieg 86.2, Hede 68B, S 18, Aagaard 107.3, 28,60 g, sublimt kabinetseksemplar af Frederik Caspar Herbachs smukke og sj\u00e6ldne barokspecie, Kva. 0 &quot;Ex. Arne Andreasen 2 BR 868, 2016, lot 26, ex. Adler Petersen KH 1996, 266&quot; | Westjysk Coins\" \/>\n<meta property=\"og:url\" content=\"https:\/\/westjysk-coins.com\/en\/product\/1667-speciedaler-fre-lll-sieg-86-2-hede-68b-s-18-aagaard-107-3-2860-g-sublimt-kabinetseksemplar-af-frederik-caspar-herbachs-smukke-og-sjaeldne-barokspecie-kva-0-ex-arne-andreasen-2-br-86\/\" \/>\n<meta property=\"og:site_name\" content=\"Westjysk Coins\" \/>\n<meta name=\"twitter:card\" content=\"summary_large_image\" \/>\n<script type=\"application\/ld+json\" class=\"yoast-schema-graph\">{\"@context\":\"https:\/\/schema.org\",\"@graph\":[{\"@type\":\"WebPage\",\"@id\":\"https:\/\/westjysk-coins.com\/en\/product\/1667-speciedaler-fre-lll-sieg-86-2-hede-68b-s-18-aagaard-107-3-2860-g-sublimt-kabinetseksemplar-af-frederik-caspar-herbachs-smukke-og-sjaeldne-barokspecie-kva-0-ex-arne-andreasen-2-br-86\/\",\"url\":\"https:\/\/westjysk-coins.com\/en\/product\/1667-speciedaler-fre-lll-sieg-86-2-hede-68b-s-18-aagaard-107-3-2860-g-sublimt-kabinetseksemplar-af-frederik-caspar-herbachs-smukke-og-sjaeldne-barokspecie-kva-0-ex-arne-andreasen-2-br-86\/\",\"name\":\"1667, speciedaler, Fre.lll, Sieg 86.2, Hede 68B, S 18, Aagaard 107.3, 28,60 g, sublimt kabinetseksemplar af Frederik Caspar Herbachs smukke og sj\u00e6ldne barokspecie, Kva. 0 \\\"Ex. Arne Andreasen 2 BR 868, 2016, lot 26, ex. Adler Petersen KH 1996, 266\\\" | Westjysk Coins\",\"isPartOf\":{\"@id\":\"https:\/\/westjysk-coins.webserver1.dk\/#website\"},\"primaryImageOfPage\":{\"@id\":\"https:\/\/westjysk-coins.com\/en\/product\/1667-speciedaler-fre-lll-sieg-86-2-hede-68b-s-18-aagaard-107-3-2860-g-sublimt-kabinetseksemplar-af-frederik-caspar-herbachs-smukke-og-sjaeldne-barokspecie-kva-0-ex-arne-andreasen-2-br-86\/#primaryimage\"},\"image\":{\"@id\":\"https:\/\/westjysk-coins.com\/en\/product\/1667-speciedaler-fre-lll-sieg-86-2-hede-68b-s-18-aagaard-107-3-2860-g-sublimt-kabinetseksemplar-af-frederik-caspar-herbachs-smukke-og-sjaeldne-barokspecie-kva-0-ex-arne-andreasen-2-br-86\/#primaryimage\"},\"thumbnailUrl\":\"https:\/\/westjysk-coins.com\/wp-content\/uploads\/2025\/06\/Photoroom_034_20250625_211514.jpeg\",\"datePublished\":\"2025-06-25T19:48:36+00:00\",\"breadcrumb\":{\"@id\":\"https:\/\/westjysk-coins.com\/en\/product\/1667-speciedaler-fre-lll-sieg-86-2-hede-68b-s-18-aagaard-107-3-2860-g-sublimt-kabinetseksemplar-af-frederik-caspar-herbachs-smukke-og-sjaeldne-barokspecie-kva-0-ex-arne-andreasen-2-br-86\/#breadcrumb\"},\"inLanguage\":\"en-US\",\"potentialAction\":[{\"@type\":\"ReadAction\",\"target\":[\"https:\/\/westjysk-coins.com\/en\/product\/1667-speciedaler-fre-lll-sieg-86-2-hede-68b-s-18-aagaard-107-3-2860-g-sublimt-kabinetseksemplar-af-frederik-caspar-herbachs-smukke-og-sjaeldne-barokspecie-kva-0-ex-arne-andreasen-2-br-86\/\"]}]},{\"@type\":\"ImageObject\",\"inLanguage\":\"en-US\",\"@id\":\"https:\/\/westjysk-coins.com\/en\/product\/1667-speciedaler-fre-lll-sieg-86-2-hede-68b-s-18-aagaard-107-3-2860-g-sublimt-kabinetseksemplar-af-frederik-caspar-herbachs-smukke-og-sjaeldne-barokspecie-kva-0-ex-arne-andreasen-2-br-86\/#primaryimage\",\"url\":\"https:\/\/westjysk-coins.com\/wp-content\/uploads\/2025\/06\/Photoroom_034_20250625_211514.jpeg\",\"contentUrl\":\"https:\/\/westjysk-coins.com\/wp-content\/uploads\/2025\/06\/Photoroom_034_20250625_211514.jpeg\",\"width\":1512,\"height\":1512},{\"@type\":\"BreadcrumbList\",\"@id\":\"https:\/\/westjysk-coins.com\/en\/product\/1667-speciedaler-fre-lll-sieg-86-2-hede-68b-s-18-aagaard-107-3-2860-g-sublimt-kabinetseksemplar-af-frederik-caspar-herbachs-smukke-og-sjaeldne-barokspecie-kva-0-ex-arne-andreasen-2-br-86\/#breadcrumb\",\"itemListElement\":[{\"@type\":\"ListItem\",\"position\":1,\"name\":\"Forside\",\"item\":\"https:\/\/westjysk-coins.com\/\"},{\"@type\":\"ListItem\",\"position\":2,\"name\":\"Shop\",\"item\":\"https:\/\/westjysk-coins.com\/en\/shop\/\"},{\"@type\":\"ListItem\",\"position\":3,\"name\":\"1667, speciedaler, Fre.lll, Sieg 86.2, Hede 68B, S 18, Aagaard 107.3, 28,60 g, sublimt kabinetseksemplar af Frederik Caspar Herbachs smukke og sj\u00e6ldne barokspecie, Kva. 0 &#8220;Ex. Arne Andreasen 2 BR 868, 2016, lot 26, ex. Adler Petersen KH 1996, 266&#8221;\"}]},{\"@type\":\"WebSite\",\"@id\":\"https:\/\/westjysk-coins.webserver1.dk\/#website\",\"url\":\"https:\/\/westjysk-coins.webserver1.dk\/\",\"name\":\"Westjysk Coins\",\"description\":\"K\u00f8b, salg og vurderinger af gamle m\u00f8nter, sedler, guld og s\u00f8lv, b\u00e5de danske og udlandske\",\"publisher\":{\"@id\":\"https:\/\/westjysk-coins.webserver1.dk\/#organization\"},\"potentialAction\":[{\"@type\":\"SearchAction\",\"target\":{\"@type\":\"EntryPoint\",\"urlTemplate\":\"https:\/\/westjysk-coins.webserver1.dk\/?s={search_term_string}\"},\"query-input\":{\"@type\":\"PropertyValueSpecification\",\"valueRequired\":true,\"valueName\":\"search_term_string\"}}],\"inLanguage\":\"en-US\"},{\"@type\":\"Organization\",\"@id\":\"https:\/\/westjysk-coins.webserver1.dk\/#organization\",\"name\":\"Westjysk Coins\",\"url\":\"https:\/\/westjysk-coins.webserver1.dk\/\",\"logo\":{\"@type\":\"ImageObject\",\"inLanguage\":\"en-US\",\"@id\":\"https:\/\/westjysk-coins.webserver1.dk\/#\/schema\/logo\/image\/\",\"url\":\"https:\/\/westjysk-coins.com\/wp-content\/uploads\/2024\/01\/westjysk-logo.svg\",\"contentUrl\":\"https:\/\/westjysk-coins.com\/wp-content\/uploads\/2024\/01\/westjysk-logo.svg\",\"width\":312,\"height\":44,\"caption\":\"Westjysk Coins\"},\"image\":{\"@id\":\"https:\/\/westjysk-coins.webserver1.dk\/#\/schema\/logo\/image\/\"}}]}<\/script>\n<!-- \/ Yoast SEO plugin. -->","yoast_head_json":{"title":"1667, speciedaler, Fre.lll, Sieg 86.2, Hede 68B, S 18, Aagaard 107.3, 28,60 g, sublimt kabinetseksemplar af Frederik Caspar Herbachs smukke og sj\u00e6ldne barokspecie, Kva. 0 \"Ex. Arne Andreasen 2 BR 868, 2016, lot 26, ex. Adler Petersen KH 1996, 266\" | Westjysk Coins","robots":{"index":"index","follow":"follow","max-snippet":"max-snippet:-1","max-image-preview":"max-image-preview:large","max-video-preview":"max-video-preview:-1"},"canonical":"https:\/\/westjysk-coins.com\/en\/product\/1667-speciedaler-fre-lll-sieg-86-2-hede-68b-s-18-aagaard-107-3-2860-g-sublimt-kabinetseksemplar-af-frederik-caspar-herbachs-smukke-og-sjaeldne-barokspecie-kva-0-ex-arne-andreasen-2-br-86\/","og_locale":"en_US","og_type":"article","og_title":"1667, speciedaler, Fre.lll, Sieg 86.2, Hede 68B, S 18, Aagaard 107.3, 28,60 g, sublimt kabinetseksemplar af Frederik Caspar Herbachs smukke og sj\u00e6ldne barokspecie, Kva. 0 \"Ex. Arne Andreasen 2 BR 868, 2016, lot 26, ex. Adler Petersen KH 1996, 266\" | Westjysk Coins","og_url":"https:\/\/westjysk-coins.com\/en\/product\/1667-speciedaler-fre-lll-sieg-86-2-hede-68b-s-18-aagaard-107-3-2860-g-sublimt-kabinetseksemplar-af-frederik-caspar-herbachs-smukke-og-sjaeldne-barokspecie-kva-0-ex-arne-andreasen-2-br-86\/","og_site_name":"Westjysk Coins","twitter_card":"summary_large_image","schema":{"@context":"https:\/\/schema.org","@graph":[{"@type":"WebPage","@id":"https:\/\/westjysk-coins.com\/en\/product\/1667-speciedaler-fre-lll-sieg-86-2-hede-68b-s-18-aagaard-107-3-2860-g-sublimt-kabinetseksemplar-af-frederik-caspar-herbachs-smukke-og-sjaeldne-barokspecie-kva-0-ex-arne-andreasen-2-br-86\/","url":"https:\/\/westjysk-coins.com\/en\/product\/1667-speciedaler-fre-lll-sieg-86-2-hede-68b-s-18-aagaard-107-3-2860-g-sublimt-kabinetseksemplar-af-frederik-caspar-herbachs-smukke-og-sjaeldne-barokspecie-kva-0-ex-arne-andreasen-2-br-86\/","name":"1667, speciedaler, Fre.lll, Sieg 86.2, Hede 68B, S 18, Aagaard 107.3, 28,60 g, sublimt kabinetseksemplar af Frederik Caspar Herbachs smukke og sj\u00e6ldne barokspecie, Kva. 0 \"Ex. Arne Andreasen 2 BR 868, 2016, lot 26, ex. Adler Petersen KH 1996, 266\" | Westjysk Coins","isPartOf":{"@id":"https:\/\/westjysk-coins.webserver1.dk\/#website"},"primaryImageOfPage":{"@id":"https:\/\/westjysk-coins.com\/en\/product\/1667-speciedaler-fre-lll-sieg-86-2-hede-68b-s-18-aagaard-107-3-2860-g-sublimt-kabinetseksemplar-af-frederik-caspar-herbachs-smukke-og-sjaeldne-barokspecie-kva-0-ex-arne-andreasen-2-br-86\/#primaryimage"},"image":{"@id":"https:\/\/westjysk-coins.com\/en\/product\/1667-speciedaler-fre-lll-sieg-86-2-hede-68b-s-18-aagaard-107-3-2860-g-sublimt-kabinetseksemplar-af-frederik-caspar-herbachs-smukke-og-sjaeldne-barokspecie-kva-0-ex-arne-andreasen-2-br-86\/#primaryimage"},"thumbnailUrl":"https:\/\/westjysk-coins.com\/wp-content\/uploads\/2025\/06\/Photoroom_034_20250625_211514.jpeg","datePublished":"2025-06-25T19:48:36+00:00","breadcrumb":{"@id":"https:\/\/westjysk-coins.com\/en\/product\/1667-speciedaler-fre-lll-sieg-86-2-hede-68b-s-18-aagaard-107-3-2860-g-sublimt-kabinetseksemplar-af-frederik-caspar-herbachs-smukke-og-sjaeldne-barokspecie-kva-0-ex-arne-andreasen-2-br-86\/#breadcrumb"},"inLanguage":"en-US","potentialAction":[{"@type":"ReadAction","target":["https:\/\/westjysk-coins.com\/en\/product\/1667-speciedaler-fre-lll-sieg-86-2-hede-68b-s-18-aagaard-107-3-2860-g-sublimt-kabinetseksemplar-af-frederik-caspar-herbachs-smukke-og-sjaeldne-barokspecie-kva-0-ex-arne-andreasen-2-br-86\/"]}]},{"@type":"ImageObject","inLanguage":"en-US","@id":"https:\/\/westjysk-coins.com\/en\/product\/1667-speciedaler-fre-lll-sieg-86-2-hede-68b-s-18-aagaard-107-3-2860-g-sublimt-kabinetseksemplar-af-frederik-caspar-herbachs-smukke-og-sjaeldne-barokspecie-kva-0-ex-arne-andreasen-2-br-86\/#primaryimage","url":"https:\/\/westjysk-coins.com\/wp-content\/uploads\/2025\/06\/Photoroom_034_20250625_211514.jpeg","contentUrl":"https:\/\/westjysk-coins.com\/wp-content\/uploads\/2025\/06\/Photoroom_034_20250625_211514.jpeg","width":1512,"height":1512},{"@type":"BreadcrumbList","@id":"https:\/\/westjysk-coins.com\/en\/product\/1667-speciedaler-fre-lll-sieg-86-2-hede-68b-s-18-aagaard-107-3-2860-g-sublimt-kabinetseksemplar-af-frederik-caspar-herbachs-smukke-og-sjaeldne-barokspecie-kva-0-ex-arne-andreasen-2-br-86\/#breadcrumb","itemListElement":[{"@type":"ListItem","position":1,"name":"Forside","item":"https:\/\/westjysk-coins.com\/"},{"@type":"ListItem","position":2,"name":"Shop","item":"https:\/\/westjysk-coins.com\/en\/shop\/"},{"@type":"ListItem","position":3,"name":"1667, speciedaler, Fre.lll, Sieg 86.2, Hede 68B, S 18, Aagaard 107.3, 28,60 g, sublimt kabinetseksemplar af Frederik Caspar Herbachs smukke og sj\u00e6ldne barokspecie, Kva. 0 &#8220;Ex. Arne Andreasen 2 BR 868, 2016, lot 26, ex. Adler Petersen KH 1996, 266&#8221;"}]},{"@type":"WebSite","@id":"https:\/\/westjysk-coins.webserver1.dk\/#website","url":"https:\/\/westjysk-coins.webserver1.dk\/","name":"Westjysk Coins","description":"K\u00f8b, salg og vurderinger af gamle m\u00f8nter, sedler, guld og s\u00f8lv, b\u00e5de danske og udlandske","publisher":{"@id":"https:\/\/westjysk-coins.webserver1.dk\/#organization"},"potentialAction":[{"@type":"SearchAction","target":{"@type":"EntryPoint","urlTemplate":"https:\/\/westjysk-coins.webserver1.dk\/?s={search_term_string}"},"query-input":{"@type":"PropertyValueSpecification","valueRequired":true,"valueName":"search_term_string"}}],"inLanguage":"en-US"},{"@type":"Organization","@id":"https:\/\/westjysk-coins.webserver1.dk\/#organization","name":"Westjysk Coins","url":"https:\/\/westjysk-coins.webserver1.dk\/","logo":{"@type":"ImageObject","inLanguage":"en-US","@id":"https:\/\/westjysk-coins.webserver1.dk\/#\/schema\/logo\/image\/","url":"https:\/\/westjysk-coins.com\/wp-content\/uploads\/2024\/01\/westjysk-logo.svg","contentUrl":"https:\/\/westjysk-coins.com\/wp-content\/uploads\/2024\/01\/westjysk-logo.svg","width":312,"height":44,"caption":"Westjysk Coins"},"image":{"@id":"https:\/\/westjysk-coins.webserver1.dk\/#\/schema\/logo\/image\/"}}]}},"_links":{"self":[{"href":"https:\/\/westjysk-coins.com\/en\/wp-json\/wp\/v2\/product\/34454","targetHints":{"allow":["GET"]}}],"collection":[{"href":"https:\/\/westjysk-coins.com\/en\/wp-json\/wp\/v2\/product"}],"about":[{"href":"https:\/\/westjysk-coins.com\/en\/wp-json\/wp\/v2\/types\/product"}],"replies":[{"embeddable":true,"href":"https:\/\/westjysk-coins.com\/en\/wp-json\/wp\/v2\/comments?post=34454"}],"wp:featuredmedia":[{"embeddable":true,"href":"https:\/\/westjysk-coins.com\/en\/wp-json\/wp\/v2\/media\/34340"}],"wp:attachment":[{"href":"https:\/\/westjysk-coins.com\/en\/wp-json\/wp\/v2\/media?parent=34454"}],"wp:term":[{"taxonomy":"product_brand","embeddable":true,"href":"https:\/\/westjysk-coins.com\/en\/wp-json\/wp\/v2\/product_brand?post=34454"},{"taxonomy":"product_cat","embeddable":true,"href":"https:\/\/westjysk-coins.com\/en\/wp-json\/wp\/v2\/product_cat?post=34454"},{"taxonomy":"product_tag","embeddable":true,"href":"https:\/\/westjysk-coins.com\/en\/wp-json\/wp\/v2\/product_tag?post=34454"}],"curies":[{"name":"wp","href":"https:\/\/api.w.org\/{rel}","templated":true}]}}