{"id":29933,"date":"2024-07-16T12:10:46","date_gmt":"2024-07-16T10:10:46","guid":{"rendered":"https:\/\/westjysk-coins.com\/product\/1809-13-1-skilling-1-rigsbankskilling-fre-vl-kva-1-unik-proevemoent-hybrid\/"},"modified":"2025-02-02T13:43:23","modified_gmt":"2025-02-02T12:43:23","slug":"1809-13-1-skilling-1-rigsbankskilling-fre-vl-kva-1-unik-proevemoent-hybrid","status":"publish","type":"product","link":"https:\/\/westjysk-coins.com\/en\/product\/1809-13-1-skilling-1-rigsbankskilling-fre-vl-kva-1-unik-proevemoent-hybrid\/","title":{"rendered":"1809\/13 1 skilling\/1 rigsbankskilling Fre.Vl Kva. 1+ &#8220;Unik pr\u00f8vem\u00f8nt??&#8221; Hybrid"},"content":{"rendered":"<p>Sieg 37 Hede 8 \/ Sieg 16 Hede 17<\/p>\n","protected":false},"excerpt":{"rendered":"<p>Sieg 37 Hede 8 \/ Sieg 16 Hede 17<\/p>\n","protected":false},"featured_media":29934,"comment_status":"closed","ping_status":"closed","template":"","meta":{"_acf_changed":false},"product_brand":[],"product_cat":[357,352,351,353,406,428,448,431,447],"product_tag":[],"class_list":{"0":"post-29933","1":"product","2":"type-product","3":"status-publish","4":"has-post-thumbnail","6":"product_cat-1808-1839-frederik-vl-en","7":"product_cat-all-products","8":"product_cat-coins","9":"product_cat-denmark","10":"product_cat-proof-coins","11":"product_cat-1448-1874-en","12":"product_cat-foer-1983-en","13":"product_cat-kobber-moenter-en","14":"product_cat-proevemoenter-1808-1839-frederik-vl-en","15":"sales-flash-overlay","16":"woocommerce-text-align-center","17":"woocommerce-image-align-center","18":"do-quantity-buttons","20":"first","21":"instock","22":"shipping-taxable","23":"purchasable","24":"product-type-simple"},"acf":[],"yoast_head":"<!-- This site is optimized with the Yoast SEO plugin v26.8 - https:\/\/yoast.com\/product\/yoast-seo-wordpress\/ -->\n<title>1809\/13 1 skilling\/1 rigsbankskilling Fre.Vl Kva. 1+ &quot;Unik pr\u00f8vem\u00f8nt??&quot; Hybrid | Westjysk Coins<\/title>\n<meta name=\"robots\" content=\"index, follow, max-snippet:-1, max-image-preview:large, max-video-preview:-1\" \/>\n<link rel=\"canonical\" href=\"https:\/\/westjysk-coins.com\/en\/product\/1809-13-1-skilling-1-rigsbankskilling-fre-vl-kva-1-unik-proevemoent-hybrid\/\" \/>\n<meta property=\"og:locale\" content=\"en_US\" \/>\n<meta property=\"og:type\" content=\"article\" \/>\n<meta property=\"og:title\" content=\"1809\/13 1 skilling\/1 rigsbankskilling Fre.Vl Kva. 1+ &quot;Unik pr\u00f8vem\u00f8nt??&quot; Hybrid | Westjysk Coins\" \/>\n<meta property=\"og:description\" content=\"Sieg 37 Hede 8 \/ Sieg 16 Hede 17\" \/>\n<meta property=\"og:url\" content=\"https:\/\/westjysk-coins.com\/en\/product\/1809-13-1-skilling-1-rigsbankskilling-fre-vl-kva-1-unik-proevemoent-hybrid\/\" \/>\n<meta property=\"og:site_name\" content=\"Westjysk Coins\" \/>\n<meta property=\"article:modified_time\" content=\"2025-02-02T12:43:23+00:00\" \/>\n<meta property=\"og:image\" content=\"https:\/\/westjysk-coins.com\/wp-content\/uploads\/2024\/07\/Photoroom_012_20240716_002014.jpeg\" \/>\n\t<meta property=\"og:image:width\" content=\"1512\" \/>\n\t<meta property=\"og:image:height\" content=\"1512\" \/>\n\t<meta property=\"og:image:type\" content=\"image\/jpeg\" \/>\n<meta name=\"twitter:card\" content=\"summary_large_image\" \/>\n<script type=\"application\/ld+json\" class=\"yoast-schema-graph\">{\"@context\":\"https:\/\/schema.org\",\"@graph\":[{\"@type\":\"WebPage\",\"@id\":\"https:\/\/westjysk-coins.com\/en\/product\/1809-13-1-skilling-1-rigsbankskilling-fre-vl-kva-1-unik-proevemoent-hybrid\/\",\"url\":\"https:\/\/westjysk-coins.com\/en\/product\/1809-13-1-skilling-1-rigsbankskilling-fre-vl-kva-1-unik-proevemoent-hybrid\/\",\"name\":\"1809\/13 1 skilling\/1 rigsbankskilling Fre.Vl Kva. 1+ \\\"Unik pr\u00f8vem\u00f8nt??\\\" Hybrid | Westjysk Coins\",\"isPartOf\":{\"@id\":\"https:\/\/westjysk-coins.webserver1.dk\/#website\"},\"primaryImageOfPage\":{\"@id\":\"https:\/\/westjysk-coins.com\/en\/product\/1809-13-1-skilling-1-rigsbankskilling-fre-vl-kva-1-unik-proevemoent-hybrid\/#primaryimage\"},\"image\":{\"@id\":\"https:\/\/westjysk-coins.com\/en\/product\/1809-13-1-skilling-1-rigsbankskilling-fre-vl-kva-1-unik-proevemoent-hybrid\/#primaryimage\"},\"thumbnailUrl\":\"https:\/\/westjysk-coins.com\/wp-content\/uploads\/2024\/07\/Photoroom_012_20240716_002014.jpeg\",\"datePublished\":\"2024-07-16T10:10:46+00:00\",\"dateModified\":\"2025-02-02T12:43:23+00:00\",\"breadcrumb\":{\"@id\":\"https:\/\/westjysk-coins.com\/en\/product\/1809-13-1-skilling-1-rigsbankskilling-fre-vl-kva-1-unik-proevemoent-hybrid\/#breadcrumb\"},\"inLanguage\":\"en-US\",\"potentialAction\":[{\"@type\":\"ReadAction\",\"target\":[\"https:\/\/westjysk-coins.com\/en\/product\/1809-13-1-skilling-1-rigsbankskilling-fre-vl-kva-1-unik-proevemoent-hybrid\/\"]}]},{\"@type\":\"ImageObject\",\"inLanguage\":\"en-US\",\"@id\":\"https:\/\/westjysk-coins.com\/en\/product\/1809-13-1-skilling-1-rigsbankskilling-fre-vl-kva-1-unik-proevemoent-hybrid\/#primaryimage\",\"url\":\"https:\/\/westjysk-coins.com\/wp-content\/uploads\/2024\/07\/Photoroom_012_20240716_002014.jpeg\",\"contentUrl\":\"https:\/\/westjysk-coins.com\/wp-content\/uploads\/2024\/07\/Photoroom_012_20240716_002014.jpeg\",\"width\":1512,\"height\":1512},{\"@type\":\"BreadcrumbList\",\"@id\":\"https:\/\/westjysk-coins.com\/en\/product\/1809-13-1-skilling-1-rigsbankskilling-fre-vl-kva-1-unik-proevemoent-hybrid\/#breadcrumb\",\"itemListElement\":[{\"@type\":\"ListItem\",\"position\":1,\"name\":\"Forside\",\"item\":\"https:\/\/westjysk-coins.com\/\"},{\"@type\":\"ListItem\",\"position\":2,\"name\":\"Shop\",\"item\":\"https:\/\/westjysk-coins.com\/en\/shop\/\"},{\"@type\":\"ListItem\",\"position\":3,\"name\":\"1809\/13 1 skilling\/1 rigsbankskilling Fre.Vl Kva. 1+ &#8220;Unik pr\u00f8vem\u00f8nt??&#8221; Hybrid\"}]},{\"@type\":\"WebSite\",\"@id\":\"https:\/\/westjysk-coins.webserver1.dk\/#website\",\"url\":\"https:\/\/westjysk-coins.webserver1.dk\/\",\"name\":\"Westjysk Coins\",\"description\":\"K\u00f8b, salg og vurderinger af gamle m\u00f8nter, sedler, guld og s\u00f8lv, b\u00e5de danske og udlandske\",\"publisher\":{\"@id\":\"https:\/\/westjysk-coins.webserver1.dk\/#organization\"},\"potentialAction\":[{\"@type\":\"SearchAction\",\"target\":{\"@type\":\"EntryPoint\",\"urlTemplate\":\"https:\/\/westjysk-coins.webserver1.dk\/?s={search_term_string}\"},\"query-input\":{\"@type\":\"PropertyValueSpecification\",\"valueRequired\":true,\"valueName\":\"search_term_string\"}}],\"inLanguage\":\"en-US\"},{\"@type\":\"Organization\",\"@id\":\"https:\/\/westjysk-coins.webserver1.dk\/#organization\",\"name\":\"Westjysk Coins\",\"url\":\"https:\/\/westjysk-coins.webserver1.dk\/\",\"logo\":{\"@type\":\"ImageObject\",\"inLanguage\":\"en-US\",\"@id\":\"https:\/\/westjysk-coins.webserver1.dk\/#\/schema\/logo\/image\/\",\"url\":\"https:\/\/westjysk-coins.com\/wp-content\/uploads\/2024\/01\/westjysk-logo.svg\",\"contentUrl\":\"https:\/\/westjysk-coins.com\/wp-content\/uploads\/2024\/01\/westjysk-logo.svg\",\"width\":312,\"height\":44,\"caption\":\"Westjysk Coins\"},\"image\":{\"@id\":\"https:\/\/westjysk-coins.webserver1.dk\/#\/schema\/logo\/image\/\"}}]}<\/script>\n<!-- \/ Yoast SEO plugin. -->","yoast_head_json":{"title":"1809\/13 1 skilling\/1 rigsbankskilling Fre.Vl Kva. 1+ \"Unik pr\u00f8vem\u00f8nt??\" Hybrid | Westjysk Coins","robots":{"index":"index","follow":"follow","max-snippet":"max-snippet:-1","max-image-preview":"max-image-preview:large","max-video-preview":"max-video-preview:-1"},"canonical":"https:\/\/westjysk-coins.com\/en\/product\/1809-13-1-skilling-1-rigsbankskilling-fre-vl-kva-1-unik-proevemoent-hybrid\/","og_locale":"en_US","og_type":"article","og_title":"1809\/13 1 skilling\/1 rigsbankskilling Fre.Vl Kva. 1+ \"Unik pr\u00f8vem\u00f8nt??\" Hybrid | Westjysk Coins","og_description":"Sieg 37 Hede 8 \/ Sieg 16 Hede 17","og_url":"https:\/\/westjysk-coins.com\/en\/product\/1809-13-1-skilling-1-rigsbankskilling-fre-vl-kva-1-unik-proevemoent-hybrid\/","og_site_name":"Westjysk Coins","article_modified_time":"2025-02-02T12:43:23+00:00","og_image":[{"width":1512,"height":1512,"url":"https:\/\/westjysk-coins.com\/wp-content\/uploads\/2024\/07\/Photoroom_012_20240716_002014.jpeg","type":"image\/jpeg"}],"twitter_card":"summary_large_image","schema":{"@context":"https:\/\/schema.org","@graph":[{"@type":"WebPage","@id":"https:\/\/westjysk-coins.com\/en\/product\/1809-13-1-skilling-1-rigsbankskilling-fre-vl-kva-1-unik-proevemoent-hybrid\/","url":"https:\/\/westjysk-coins.com\/en\/product\/1809-13-1-skilling-1-rigsbankskilling-fre-vl-kva-1-unik-proevemoent-hybrid\/","name":"1809\/13 1 skilling\/1 rigsbankskilling Fre.Vl Kva. 1+ \"Unik pr\u00f8vem\u00f8nt??\" Hybrid | Westjysk Coins","isPartOf":{"@id":"https:\/\/westjysk-coins.webserver1.dk\/#website"},"primaryImageOfPage":{"@id":"https:\/\/westjysk-coins.com\/en\/product\/1809-13-1-skilling-1-rigsbankskilling-fre-vl-kva-1-unik-proevemoent-hybrid\/#primaryimage"},"image":{"@id":"https:\/\/westjysk-coins.com\/en\/product\/1809-13-1-skilling-1-rigsbankskilling-fre-vl-kva-1-unik-proevemoent-hybrid\/#primaryimage"},"thumbnailUrl":"https:\/\/westjysk-coins.com\/wp-content\/uploads\/2024\/07\/Photoroom_012_20240716_002014.jpeg","datePublished":"2024-07-16T10:10:46+00:00","dateModified":"2025-02-02T12:43:23+00:00","breadcrumb":{"@id":"https:\/\/westjysk-coins.com\/en\/product\/1809-13-1-skilling-1-rigsbankskilling-fre-vl-kva-1-unik-proevemoent-hybrid\/#breadcrumb"},"inLanguage":"en-US","potentialAction":[{"@type":"ReadAction","target":["https:\/\/westjysk-coins.com\/en\/product\/1809-13-1-skilling-1-rigsbankskilling-fre-vl-kva-1-unik-proevemoent-hybrid\/"]}]},{"@type":"ImageObject","inLanguage":"en-US","@id":"https:\/\/westjysk-coins.com\/en\/product\/1809-13-1-skilling-1-rigsbankskilling-fre-vl-kva-1-unik-proevemoent-hybrid\/#primaryimage","url":"https:\/\/westjysk-coins.com\/wp-content\/uploads\/2024\/07\/Photoroom_012_20240716_002014.jpeg","contentUrl":"https:\/\/westjysk-coins.com\/wp-content\/uploads\/2024\/07\/Photoroom_012_20240716_002014.jpeg","width":1512,"height":1512},{"@type":"BreadcrumbList","@id":"https:\/\/westjysk-coins.com\/en\/product\/1809-13-1-skilling-1-rigsbankskilling-fre-vl-kva-1-unik-proevemoent-hybrid\/#breadcrumb","itemListElement":[{"@type":"ListItem","position":1,"name":"Forside","item":"https:\/\/westjysk-coins.com\/"},{"@type":"ListItem","position":2,"name":"Shop","item":"https:\/\/westjysk-coins.com\/en\/shop\/"},{"@type":"ListItem","position":3,"name":"1809\/13 1 skilling\/1 rigsbankskilling Fre.Vl Kva. 1+ &#8220;Unik pr\u00f8vem\u00f8nt??&#8221; Hybrid"}]},{"@type":"WebSite","@id":"https:\/\/westjysk-coins.webserver1.dk\/#website","url":"https:\/\/westjysk-coins.webserver1.dk\/","name":"Westjysk Coins","description":"K\u00f8b, salg og vurderinger af gamle m\u00f8nter, sedler, guld og s\u00f8lv, b\u00e5de danske og udlandske","publisher":{"@id":"https:\/\/westjysk-coins.webserver1.dk\/#organization"},"potentialAction":[{"@type":"SearchAction","target":{"@type":"EntryPoint","urlTemplate":"https:\/\/westjysk-coins.webserver1.dk\/?s={search_term_string}"},"query-input":{"@type":"PropertyValueSpecification","valueRequired":true,"valueName":"search_term_string"}}],"inLanguage":"en-US"},{"@type":"Organization","@id":"https:\/\/westjysk-coins.webserver1.dk\/#organization","name":"Westjysk Coins","url":"https:\/\/westjysk-coins.webserver1.dk\/","logo":{"@type":"ImageObject","inLanguage":"en-US","@id":"https:\/\/westjysk-coins.webserver1.dk\/#\/schema\/logo\/image\/","url":"https:\/\/westjysk-coins.com\/wp-content\/uploads\/2024\/01\/westjysk-logo.svg","contentUrl":"https:\/\/westjysk-coins.com\/wp-content\/uploads\/2024\/01\/westjysk-logo.svg","width":312,"height":44,"caption":"Westjysk Coins"},"image":{"@id":"https:\/\/westjysk-coins.webserver1.dk\/#\/schema\/logo\/image\/"}}]}},"_links":{"self":[{"href":"https:\/\/westjysk-coins.com\/en\/wp-json\/wp\/v2\/product\/29933","targetHints":{"allow":["GET"]}}],"collection":[{"href":"https:\/\/westjysk-coins.com\/en\/wp-json\/wp\/v2\/product"}],"about":[{"href":"https:\/\/westjysk-coins.com\/en\/wp-json\/wp\/v2\/types\/product"}],"replies":[{"embeddable":true,"href":"https:\/\/westjysk-coins.com\/en\/wp-json\/wp\/v2\/comments?post=29933"}],"wp:featuredmedia":[{"embeddable":true,"href":"https:\/\/westjysk-coins.com\/en\/wp-json\/wp\/v2\/media\/29934"}],"wp:attachment":[{"href":"https:\/\/westjysk-coins.com\/en\/wp-json\/wp\/v2\/media?parent=29933"}],"wp:term":[{"taxonomy":"product_brand","embeddable":true,"href":"https:\/\/westjysk-coins.com\/en\/wp-json\/wp\/v2\/product_brand?post=29933"},{"taxonomy":"product_cat","embeddable":true,"href":"https:\/\/westjysk-coins.com\/en\/wp-json\/wp\/v2\/product_cat?post=29933"},{"taxonomy":"product_tag","embeddable":true,"href":"https:\/\/westjysk-coins.com\/en\/wp-json\/wp\/v2\/product_tag?post=29933"}],"curies":[{"name":"wp","href":"https:\/\/api.w.org\/{rel}","templated":true}]}}