{"id":27639,"date":"2025-01-23T17:36:01","date_gmt":"2025-01-23T16:36:01","guid":{"rendered":"https:\/\/westjysk-coins.com\/product\/1812-12-skilling-fre-vi-sieg-6-1-hede-11-kva-0-01-slaaet-paa-1-skilling-1771\/"},"modified":"2025-01-23T17:36:01","modified_gmt":"2025-01-23T16:36:01","slug":"1812-12-skilling-fre-vi-sieg-6-1-hede-11-kva-0-01-slaaet-paa-1-skilling-1771","status":"publish","type":"product","link":"https:\/\/westjysk-coins.com\/en\/product\/1812-12-skilling-fre-vi-sieg-6-1-hede-11-kva-0-01-slaaet-paa-1-skilling-1771\/","title":{"rendered":"1812, 12 skilling, Fre.VI, Sieg 6.1 Hede 11, Kva. 0-01 &#8220;Sl\u00e5et p\u00e5 1 skilling 1771&#8221;"},"content":{"rendered":"","protected":false},"excerpt":{"rendered":"","protected":false},"featured_media":27603,"comment_status":"closed","ping_status":"closed","template":"","meta":{"_acf_changed":false},"product_brand":[],"product_cat":[357,352,351,353,428,431],"product_tag":[],"class_list":{"0":"post-27639","1":"product","2":"type-product","3":"status-publish","4":"has-post-thumbnail","6":"product_cat-1808-1839-frederik-vl-en","7":"product_cat-all-products","8":"product_cat-coins","9":"product_cat-denmark","10":"product_cat-1448-1874-en","11":"product_cat-kobber-moenter-en","12":"sales-flash-overlay","13":"woocommerce-text-align-center","14":"woocommerce-image-align-center","15":"do-quantity-buttons","17":"first","18":"instock","19":"shipping-taxable","20":"purchasable","21":"product-type-simple"},"acf":[],"yoast_head":"<!-- This site is optimized with the Yoast SEO plugin v26.8 - https:\/\/yoast.com\/product\/yoast-seo-wordpress\/ -->\n<title>1812, 12 skilling, Fre.VI, Sieg 6.1 Hede 11, Kva. 0-01 &quot;Sl\u00e5et p\u00e5 1 skilling 1771&quot; | Westjysk Coins<\/title>\n<meta name=\"robots\" content=\"index, follow, max-snippet:-1, max-image-preview:large, max-video-preview:-1\" \/>\n<link rel=\"canonical\" href=\"https:\/\/westjysk-coins.com\/en\/product\/1812-12-skilling-fre-vi-sieg-6-1-hede-11-kva-0-01-slaaet-paa-1-skilling-1771\/\" \/>\n<meta property=\"og:locale\" content=\"en_US\" \/>\n<meta property=\"og:type\" content=\"article\" \/>\n<meta property=\"og:title\" content=\"1812, 12 skilling, Fre.VI, Sieg 6.1 Hede 11, Kva. 0-01 &quot;Sl\u00e5et p\u00e5 1 skilling 1771&quot; | Westjysk Coins\" \/>\n<meta property=\"og:url\" content=\"https:\/\/westjysk-coins.com\/en\/product\/1812-12-skilling-fre-vi-sieg-6-1-hede-11-kva-0-01-slaaet-paa-1-skilling-1771\/\" \/>\n<meta property=\"og:site_name\" content=\"Westjysk Coins\" \/>\n<meta name=\"twitter:card\" content=\"summary_large_image\" \/>\n<script type=\"application\/ld+json\" class=\"yoast-schema-graph\">{\"@context\":\"https:\/\/schema.org\",\"@graph\":[{\"@type\":\"WebPage\",\"@id\":\"https:\/\/westjysk-coins.com\/en\/product\/1812-12-skilling-fre-vi-sieg-6-1-hede-11-kva-0-01-slaaet-paa-1-skilling-1771\/\",\"url\":\"https:\/\/westjysk-coins.com\/en\/product\/1812-12-skilling-fre-vi-sieg-6-1-hede-11-kva-0-01-slaaet-paa-1-skilling-1771\/\",\"name\":\"1812, 12 skilling, Fre.VI, Sieg 6.1 Hede 11, Kva. 0-01 \\\"Sl\u00e5et p\u00e5 1 skilling 1771\\\" | Westjysk Coins\",\"isPartOf\":{\"@id\":\"https:\/\/westjysk-coins.webserver1.dk\/#website\"},\"primaryImageOfPage\":{\"@id\":\"https:\/\/westjysk-coins.com\/en\/product\/1812-12-skilling-fre-vi-sieg-6-1-hede-11-kva-0-01-slaaet-paa-1-skilling-1771\/#primaryimage\"},\"image\":{\"@id\":\"https:\/\/westjysk-coins.com\/en\/product\/1812-12-skilling-fre-vi-sieg-6-1-hede-11-kva-0-01-slaaet-paa-1-skilling-1771\/#primaryimage\"},\"thumbnailUrl\":\"https:\/\/westjysk-coins.com\/wp-content\/uploads\/2025\/01\/Photoroom_000_20250116_182824.jpeg\",\"datePublished\":\"2025-01-23T16:36:01+00:00\",\"breadcrumb\":{\"@id\":\"https:\/\/westjysk-coins.com\/en\/product\/1812-12-skilling-fre-vi-sieg-6-1-hede-11-kva-0-01-slaaet-paa-1-skilling-1771\/#breadcrumb\"},\"inLanguage\":\"en-US\",\"potentialAction\":[{\"@type\":\"ReadAction\",\"target\":[\"https:\/\/westjysk-coins.com\/en\/product\/1812-12-skilling-fre-vi-sieg-6-1-hede-11-kva-0-01-slaaet-paa-1-skilling-1771\/\"]}]},{\"@type\":\"ImageObject\",\"inLanguage\":\"en-US\",\"@id\":\"https:\/\/westjysk-coins.com\/en\/product\/1812-12-skilling-fre-vi-sieg-6-1-hede-11-kva-0-01-slaaet-paa-1-skilling-1771\/#primaryimage\",\"url\":\"https:\/\/westjysk-coins.com\/wp-content\/uploads\/2025\/01\/Photoroom_000_20250116_182824.jpeg\",\"contentUrl\":\"https:\/\/westjysk-coins.com\/wp-content\/uploads\/2025\/01\/Photoroom_000_20250116_182824.jpeg\",\"width\":1512,\"height\":1512},{\"@type\":\"BreadcrumbList\",\"@id\":\"https:\/\/westjysk-coins.com\/en\/product\/1812-12-skilling-fre-vi-sieg-6-1-hede-11-kva-0-01-slaaet-paa-1-skilling-1771\/#breadcrumb\",\"itemListElement\":[{\"@type\":\"ListItem\",\"position\":1,\"name\":\"Forside\",\"item\":\"https:\/\/westjysk-coins.com\/\"},{\"@type\":\"ListItem\",\"position\":2,\"name\":\"Shop\",\"item\":\"https:\/\/westjysk-coins.com\/en\/shop\/\"},{\"@type\":\"ListItem\",\"position\":3,\"name\":\"1812, 12 skilling, Fre.VI, Sieg 6.1 Hede 11, Kva. 0-01 &#8220;Sl\u00e5et p\u00e5 1 skilling 1771&#8221;\"}]},{\"@type\":\"WebSite\",\"@id\":\"https:\/\/westjysk-coins.webserver1.dk\/#website\",\"url\":\"https:\/\/westjysk-coins.webserver1.dk\/\",\"name\":\"Westjysk Coins\",\"description\":\"K\u00f8b, salg og vurderinger af gamle m\u00f8nter, sedler, guld og s\u00f8lv, b\u00e5de danske og udlandske\",\"publisher\":{\"@id\":\"https:\/\/westjysk-coins.webserver1.dk\/#organization\"},\"potentialAction\":[{\"@type\":\"SearchAction\",\"target\":{\"@type\":\"EntryPoint\",\"urlTemplate\":\"https:\/\/westjysk-coins.webserver1.dk\/?s={search_term_string}\"},\"query-input\":{\"@type\":\"PropertyValueSpecification\",\"valueRequired\":true,\"valueName\":\"search_term_string\"}}],\"inLanguage\":\"en-US\"},{\"@type\":\"Organization\",\"@id\":\"https:\/\/westjysk-coins.webserver1.dk\/#organization\",\"name\":\"Westjysk Coins\",\"url\":\"https:\/\/westjysk-coins.webserver1.dk\/\",\"logo\":{\"@type\":\"ImageObject\",\"inLanguage\":\"en-US\",\"@id\":\"https:\/\/westjysk-coins.webserver1.dk\/#\/schema\/logo\/image\/\",\"url\":\"https:\/\/westjysk-coins.com\/wp-content\/uploads\/2024\/01\/westjysk-logo.svg\",\"contentUrl\":\"https:\/\/westjysk-coins.com\/wp-content\/uploads\/2024\/01\/westjysk-logo.svg\",\"width\":312,\"height\":44,\"caption\":\"Westjysk Coins\"},\"image\":{\"@id\":\"https:\/\/westjysk-coins.webserver1.dk\/#\/schema\/logo\/image\/\"}}]}<\/script>\n<!-- \/ Yoast SEO plugin. -->","yoast_head_json":{"title":"1812, 12 skilling, Fre.VI, Sieg 6.1 Hede 11, Kva. 0-01 \"Sl\u00e5et p\u00e5 1 skilling 1771\" | Westjysk Coins","robots":{"index":"index","follow":"follow","max-snippet":"max-snippet:-1","max-image-preview":"max-image-preview:large","max-video-preview":"max-video-preview:-1"},"canonical":"https:\/\/westjysk-coins.com\/en\/product\/1812-12-skilling-fre-vi-sieg-6-1-hede-11-kva-0-01-slaaet-paa-1-skilling-1771\/","og_locale":"en_US","og_type":"article","og_title":"1812, 12 skilling, Fre.VI, Sieg 6.1 Hede 11, Kva. 0-01 \"Sl\u00e5et p\u00e5 1 skilling 1771\" | Westjysk Coins","og_url":"https:\/\/westjysk-coins.com\/en\/product\/1812-12-skilling-fre-vi-sieg-6-1-hede-11-kva-0-01-slaaet-paa-1-skilling-1771\/","og_site_name":"Westjysk Coins","twitter_card":"summary_large_image","schema":{"@context":"https:\/\/schema.org","@graph":[{"@type":"WebPage","@id":"https:\/\/westjysk-coins.com\/en\/product\/1812-12-skilling-fre-vi-sieg-6-1-hede-11-kva-0-01-slaaet-paa-1-skilling-1771\/","url":"https:\/\/westjysk-coins.com\/en\/product\/1812-12-skilling-fre-vi-sieg-6-1-hede-11-kva-0-01-slaaet-paa-1-skilling-1771\/","name":"1812, 12 skilling, Fre.VI, Sieg 6.1 Hede 11, Kva. 0-01 \"Sl\u00e5et p\u00e5 1 skilling 1771\" | Westjysk Coins","isPartOf":{"@id":"https:\/\/westjysk-coins.webserver1.dk\/#website"},"primaryImageOfPage":{"@id":"https:\/\/westjysk-coins.com\/en\/product\/1812-12-skilling-fre-vi-sieg-6-1-hede-11-kva-0-01-slaaet-paa-1-skilling-1771\/#primaryimage"},"image":{"@id":"https:\/\/westjysk-coins.com\/en\/product\/1812-12-skilling-fre-vi-sieg-6-1-hede-11-kva-0-01-slaaet-paa-1-skilling-1771\/#primaryimage"},"thumbnailUrl":"https:\/\/westjysk-coins.com\/wp-content\/uploads\/2025\/01\/Photoroom_000_20250116_182824.jpeg","datePublished":"2025-01-23T16:36:01+00:00","breadcrumb":{"@id":"https:\/\/westjysk-coins.com\/en\/product\/1812-12-skilling-fre-vi-sieg-6-1-hede-11-kva-0-01-slaaet-paa-1-skilling-1771\/#breadcrumb"},"inLanguage":"en-US","potentialAction":[{"@type":"ReadAction","target":["https:\/\/westjysk-coins.com\/en\/product\/1812-12-skilling-fre-vi-sieg-6-1-hede-11-kva-0-01-slaaet-paa-1-skilling-1771\/"]}]},{"@type":"ImageObject","inLanguage":"en-US","@id":"https:\/\/westjysk-coins.com\/en\/product\/1812-12-skilling-fre-vi-sieg-6-1-hede-11-kva-0-01-slaaet-paa-1-skilling-1771\/#primaryimage","url":"https:\/\/westjysk-coins.com\/wp-content\/uploads\/2025\/01\/Photoroom_000_20250116_182824.jpeg","contentUrl":"https:\/\/westjysk-coins.com\/wp-content\/uploads\/2025\/01\/Photoroom_000_20250116_182824.jpeg","width":1512,"height":1512},{"@type":"BreadcrumbList","@id":"https:\/\/westjysk-coins.com\/en\/product\/1812-12-skilling-fre-vi-sieg-6-1-hede-11-kva-0-01-slaaet-paa-1-skilling-1771\/#breadcrumb","itemListElement":[{"@type":"ListItem","position":1,"name":"Forside","item":"https:\/\/westjysk-coins.com\/"},{"@type":"ListItem","position":2,"name":"Shop","item":"https:\/\/westjysk-coins.com\/en\/shop\/"},{"@type":"ListItem","position":3,"name":"1812, 12 skilling, Fre.VI, Sieg 6.1 Hede 11, Kva. 0-01 &#8220;Sl\u00e5et p\u00e5 1 skilling 1771&#8221;"}]},{"@type":"WebSite","@id":"https:\/\/westjysk-coins.webserver1.dk\/#website","url":"https:\/\/westjysk-coins.webserver1.dk\/","name":"Westjysk Coins","description":"K\u00f8b, salg og vurderinger af gamle m\u00f8nter, sedler, guld og s\u00f8lv, b\u00e5de danske og udlandske","publisher":{"@id":"https:\/\/westjysk-coins.webserver1.dk\/#organization"},"potentialAction":[{"@type":"SearchAction","target":{"@type":"EntryPoint","urlTemplate":"https:\/\/westjysk-coins.webserver1.dk\/?s={search_term_string}"},"query-input":{"@type":"PropertyValueSpecification","valueRequired":true,"valueName":"search_term_string"}}],"inLanguage":"en-US"},{"@type":"Organization","@id":"https:\/\/westjysk-coins.webserver1.dk\/#organization","name":"Westjysk Coins","url":"https:\/\/westjysk-coins.webserver1.dk\/","logo":{"@type":"ImageObject","inLanguage":"en-US","@id":"https:\/\/westjysk-coins.webserver1.dk\/#\/schema\/logo\/image\/","url":"https:\/\/westjysk-coins.com\/wp-content\/uploads\/2024\/01\/westjysk-logo.svg","contentUrl":"https:\/\/westjysk-coins.com\/wp-content\/uploads\/2024\/01\/westjysk-logo.svg","width":312,"height":44,"caption":"Westjysk Coins"},"image":{"@id":"https:\/\/westjysk-coins.webserver1.dk\/#\/schema\/logo\/image\/"}}]}},"_links":{"self":[{"href":"https:\/\/westjysk-coins.com\/en\/wp-json\/wp\/v2\/product\/27639","targetHints":{"allow":["GET"]}}],"collection":[{"href":"https:\/\/westjysk-coins.com\/en\/wp-json\/wp\/v2\/product"}],"about":[{"href":"https:\/\/westjysk-coins.com\/en\/wp-json\/wp\/v2\/types\/product"}],"replies":[{"embeddable":true,"href":"https:\/\/westjysk-coins.com\/en\/wp-json\/wp\/v2\/comments?post=27639"}],"wp:featuredmedia":[{"embeddable":true,"href":"https:\/\/westjysk-coins.com\/en\/wp-json\/wp\/v2\/media\/27603"}],"wp:attachment":[{"href":"https:\/\/westjysk-coins.com\/en\/wp-json\/wp\/v2\/media?parent=27639"}],"wp:term":[{"taxonomy":"product_brand","embeddable":true,"href":"https:\/\/westjysk-coins.com\/en\/wp-json\/wp\/v2\/product_brand?post=27639"},{"taxonomy":"product_cat","embeddable":true,"href":"https:\/\/westjysk-coins.com\/en\/wp-json\/wp\/v2\/product_cat?post=27639"},{"taxonomy":"product_tag","embeddable":true,"href":"https:\/\/westjysk-coins.com\/en\/wp-json\/wp\/v2\/product_tag?post=27639"}],"curies":[{"name":"wp","href":"https:\/\/api.w.org\/{rel}","templated":true}]}}