{"id":25270,"date":"2024-11-21T14:06:55","date_gmt":"2024-11-21T13:06:55","guid":{"rendered":"https:\/\/westjysk-coins.com\/product\/norge-12-skilling-1812-kongsberg-sieg-13-nm-9-kva-1-ks\/"},"modified":"2025-02-05T22:37:26","modified_gmt":"2025-02-05T21:37:26","slug":"norge-12-skilling-1812-kongsberg-sieg-13-nm-9-kva-1-ks","status":"publish","type":"product","link":"https:\/\/westjysk-coins.com\/en\/product\/norge-12-skilling-1812-kongsberg-sieg-13-nm-9-kva-1-ks\/","title":{"rendered":"Norge, 12 skilling 1813 Kongsberg, Sieg 13, NM 9, Kva. 1+ ks."},"content":{"rendered":"","protected":false},"excerpt":{"rendered":"","protected":false},"featured_media":25256,"comment_status":"closed","ping_status":"closed","template":"","meta":{"_acf_changed":false},"product_brand":[],"product_cat":[352,351,368,369,445,443],"product_tag":[],"class_list":{"0":"post-25270","1":"product","2":"type-product","3":"status-publish","4":"has-post-thumbnail","6":"product_cat-all-products","7":"product_cat-coins","8":"product_cat-coins-abroad","9":"product_cat-norway","10":"product_cat-1808-1873-en","11":"product_cat-norge-1628-1873-en","12":"sales-flash-overlay","13":"woocommerce-text-align-center","14":"woocommerce-image-align-center","15":"do-quantity-buttons","17":"first","18":"instock","19":"shipping-taxable","20":"purchasable","21":"product-type-simple"},"acf":[],"yoast_head":"<!-- This site is optimized with the Yoast SEO plugin v26.8 - https:\/\/yoast.com\/product\/yoast-seo-wordpress\/ -->\n<title>Norge, 12 skilling 1813 Kongsberg, Sieg 13, NM 9, Kva. 1+ ks. | Westjysk Coins<\/title>\n<meta name=\"robots\" content=\"index, follow, max-snippet:-1, max-image-preview:large, max-video-preview:-1\" \/>\n<link rel=\"canonical\" href=\"https:\/\/westjysk-coins.com\/en\/product\/norge-12-skilling-1812-kongsberg-sieg-13-nm-9-kva-1-ks\/\" \/>\n<meta property=\"og:locale\" content=\"en_US\" \/>\n<meta property=\"og:type\" content=\"article\" \/>\n<meta property=\"og:title\" content=\"Norge, 12 skilling 1813 Kongsberg, Sieg 13, NM 9, Kva. 1+ ks. | Westjysk Coins\" \/>\n<meta property=\"og:url\" content=\"https:\/\/westjysk-coins.com\/en\/product\/norge-12-skilling-1812-kongsberg-sieg-13-nm-9-kva-1-ks\/\" \/>\n<meta property=\"og:site_name\" content=\"Westjysk Coins\" \/>\n<meta property=\"article:modified_time\" content=\"2025-02-05T21:37:26+00:00\" \/>\n<meta property=\"og:image\" content=\"https:\/\/westjysk-coins.com\/wp-content\/uploads\/2024\/11\/Photoroom_016_20241114_022614.jpeg\" \/>\n\t<meta property=\"og:image:width\" content=\"1512\" \/>\n\t<meta property=\"og:image:height\" content=\"1512\" \/>\n\t<meta property=\"og:image:type\" content=\"image\/jpeg\" \/>\n<meta name=\"twitter:card\" content=\"summary_large_image\" \/>\n<script type=\"application\/ld+json\" class=\"yoast-schema-graph\">{\"@context\":\"https:\/\/schema.org\",\"@graph\":[{\"@type\":\"WebPage\",\"@id\":\"https:\/\/westjysk-coins.com\/en\/product\/norge-12-skilling-1812-kongsberg-sieg-13-nm-9-kva-1-ks\/\",\"url\":\"https:\/\/westjysk-coins.com\/en\/product\/norge-12-skilling-1812-kongsberg-sieg-13-nm-9-kva-1-ks\/\",\"name\":\"Norge, 12 skilling 1813 Kongsberg, Sieg 13, NM 9, Kva. 1+ ks. | Westjysk Coins\",\"isPartOf\":{\"@id\":\"https:\/\/westjysk-coins.webserver1.dk\/#website\"},\"primaryImageOfPage\":{\"@id\":\"https:\/\/westjysk-coins.com\/en\/product\/norge-12-skilling-1812-kongsberg-sieg-13-nm-9-kva-1-ks\/#primaryimage\"},\"image\":{\"@id\":\"https:\/\/westjysk-coins.com\/en\/product\/norge-12-skilling-1812-kongsberg-sieg-13-nm-9-kva-1-ks\/#primaryimage\"},\"thumbnailUrl\":\"https:\/\/westjysk-coins.com\/wp-content\/uploads\/2024\/11\/Photoroom_016_20241114_022614.jpeg\",\"datePublished\":\"2024-11-21T13:06:55+00:00\",\"dateModified\":\"2025-02-05T21:37:26+00:00\",\"breadcrumb\":{\"@id\":\"https:\/\/westjysk-coins.com\/en\/product\/norge-12-skilling-1812-kongsberg-sieg-13-nm-9-kva-1-ks\/#breadcrumb\"},\"inLanguage\":\"en-US\",\"potentialAction\":[{\"@type\":\"ReadAction\",\"target\":[\"https:\/\/westjysk-coins.com\/en\/product\/norge-12-skilling-1812-kongsberg-sieg-13-nm-9-kva-1-ks\/\"]}]},{\"@type\":\"ImageObject\",\"inLanguage\":\"en-US\",\"@id\":\"https:\/\/westjysk-coins.com\/en\/product\/norge-12-skilling-1812-kongsberg-sieg-13-nm-9-kva-1-ks\/#primaryimage\",\"url\":\"https:\/\/westjysk-coins.com\/wp-content\/uploads\/2024\/11\/Photoroom_016_20241114_022614.jpeg\",\"contentUrl\":\"https:\/\/westjysk-coins.com\/wp-content\/uploads\/2024\/11\/Photoroom_016_20241114_022614.jpeg\",\"width\":1512,\"height\":1512},{\"@type\":\"BreadcrumbList\",\"@id\":\"https:\/\/westjysk-coins.com\/en\/product\/norge-12-skilling-1812-kongsberg-sieg-13-nm-9-kva-1-ks\/#breadcrumb\",\"itemListElement\":[{\"@type\":\"ListItem\",\"position\":1,\"name\":\"Forside\",\"item\":\"https:\/\/westjysk-coins.com\/\"},{\"@type\":\"ListItem\",\"position\":2,\"name\":\"Shop\",\"item\":\"https:\/\/westjysk-coins.com\/en\/shop\/\"},{\"@type\":\"ListItem\",\"position\":3,\"name\":\"Norge, 12 skilling 1813 Kongsberg, Sieg 13, NM 9, Kva. 1+ ks.\"}]},{\"@type\":\"WebSite\",\"@id\":\"https:\/\/westjysk-coins.webserver1.dk\/#website\",\"url\":\"https:\/\/westjysk-coins.webserver1.dk\/\",\"name\":\"Westjysk Coins\",\"description\":\"K\u00f8b, salg og vurderinger af gamle m\u00f8nter, sedler, guld og s\u00f8lv, b\u00e5de danske og udlandske\",\"publisher\":{\"@id\":\"https:\/\/westjysk-coins.webserver1.dk\/#organization\"},\"potentialAction\":[{\"@type\":\"SearchAction\",\"target\":{\"@type\":\"EntryPoint\",\"urlTemplate\":\"https:\/\/westjysk-coins.webserver1.dk\/?s={search_term_string}\"},\"query-input\":{\"@type\":\"PropertyValueSpecification\",\"valueRequired\":true,\"valueName\":\"search_term_string\"}}],\"inLanguage\":\"en-US\"},{\"@type\":\"Organization\",\"@id\":\"https:\/\/westjysk-coins.webserver1.dk\/#organization\",\"name\":\"Westjysk Coins\",\"url\":\"https:\/\/westjysk-coins.webserver1.dk\/\",\"logo\":{\"@type\":\"ImageObject\",\"inLanguage\":\"en-US\",\"@id\":\"https:\/\/westjysk-coins.webserver1.dk\/#\/schema\/logo\/image\/\",\"url\":\"https:\/\/westjysk-coins.com\/wp-content\/uploads\/2024\/01\/westjysk-logo.svg\",\"contentUrl\":\"https:\/\/westjysk-coins.com\/wp-content\/uploads\/2024\/01\/westjysk-logo.svg\",\"width\":312,\"height\":44,\"caption\":\"Westjysk Coins\"},\"image\":{\"@id\":\"https:\/\/westjysk-coins.webserver1.dk\/#\/schema\/logo\/image\/\"}}]}<\/script>\n<!-- \/ Yoast SEO plugin. -->","yoast_head_json":{"title":"Norge, 12 skilling 1813 Kongsberg, Sieg 13, NM 9, Kva. 1+ ks. | Westjysk Coins","robots":{"index":"index","follow":"follow","max-snippet":"max-snippet:-1","max-image-preview":"max-image-preview:large","max-video-preview":"max-video-preview:-1"},"canonical":"https:\/\/westjysk-coins.com\/en\/product\/norge-12-skilling-1812-kongsberg-sieg-13-nm-9-kva-1-ks\/","og_locale":"en_US","og_type":"article","og_title":"Norge, 12 skilling 1813 Kongsberg, Sieg 13, NM 9, Kva. 1+ ks. | Westjysk Coins","og_url":"https:\/\/westjysk-coins.com\/en\/product\/norge-12-skilling-1812-kongsberg-sieg-13-nm-9-kva-1-ks\/","og_site_name":"Westjysk Coins","article_modified_time":"2025-02-05T21:37:26+00:00","og_image":[{"width":1512,"height":1512,"url":"https:\/\/westjysk-coins.com\/wp-content\/uploads\/2024\/11\/Photoroom_016_20241114_022614.jpeg","type":"image\/jpeg"}],"twitter_card":"summary_large_image","schema":{"@context":"https:\/\/schema.org","@graph":[{"@type":"WebPage","@id":"https:\/\/westjysk-coins.com\/en\/product\/norge-12-skilling-1812-kongsberg-sieg-13-nm-9-kva-1-ks\/","url":"https:\/\/westjysk-coins.com\/en\/product\/norge-12-skilling-1812-kongsberg-sieg-13-nm-9-kva-1-ks\/","name":"Norge, 12 skilling 1813 Kongsberg, Sieg 13, NM 9, Kva. 1+ ks. | Westjysk Coins","isPartOf":{"@id":"https:\/\/westjysk-coins.webserver1.dk\/#website"},"primaryImageOfPage":{"@id":"https:\/\/westjysk-coins.com\/en\/product\/norge-12-skilling-1812-kongsberg-sieg-13-nm-9-kva-1-ks\/#primaryimage"},"image":{"@id":"https:\/\/westjysk-coins.com\/en\/product\/norge-12-skilling-1812-kongsberg-sieg-13-nm-9-kva-1-ks\/#primaryimage"},"thumbnailUrl":"https:\/\/westjysk-coins.com\/wp-content\/uploads\/2024\/11\/Photoroom_016_20241114_022614.jpeg","datePublished":"2024-11-21T13:06:55+00:00","dateModified":"2025-02-05T21:37:26+00:00","breadcrumb":{"@id":"https:\/\/westjysk-coins.com\/en\/product\/norge-12-skilling-1812-kongsberg-sieg-13-nm-9-kva-1-ks\/#breadcrumb"},"inLanguage":"en-US","potentialAction":[{"@type":"ReadAction","target":["https:\/\/westjysk-coins.com\/en\/product\/norge-12-skilling-1812-kongsberg-sieg-13-nm-9-kva-1-ks\/"]}]},{"@type":"ImageObject","inLanguage":"en-US","@id":"https:\/\/westjysk-coins.com\/en\/product\/norge-12-skilling-1812-kongsberg-sieg-13-nm-9-kva-1-ks\/#primaryimage","url":"https:\/\/westjysk-coins.com\/wp-content\/uploads\/2024\/11\/Photoroom_016_20241114_022614.jpeg","contentUrl":"https:\/\/westjysk-coins.com\/wp-content\/uploads\/2024\/11\/Photoroom_016_20241114_022614.jpeg","width":1512,"height":1512},{"@type":"BreadcrumbList","@id":"https:\/\/westjysk-coins.com\/en\/product\/norge-12-skilling-1812-kongsberg-sieg-13-nm-9-kva-1-ks\/#breadcrumb","itemListElement":[{"@type":"ListItem","position":1,"name":"Forside","item":"https:\/\/westjysk-coins.com\/"},{"@type":"ListItem","position":2,"name":"Shop","item":"https:\/\/westjysk-coins.com\/en\/shop\/"},{"@type":"ListItem","position":3,"name":"Norge, 12 skilling 1813 Kongsberg, Sieg 13, NM 9, Kva. 1+ ks."}]},{"@type":"WebSite","@id":"https:\/\/westjysk-coins.webserver1.dk\/#website","url":"https:\/\/westjysk-coins.webserver1.dk\/","name":"Westjysk Coins","description":"K\u00f8b, salg og vurderinger af gamle m\u00f8nter, sedler, guld og s\u00f8lv, b\u00e5de danske og udlandske","publisher":{"@id":"https:\/\/westjysk-coins.webserver1.dk\/#organization"},"potentialAction":[{"@type":"SearchAction","target":{"@type":"EntryPoint","urlTemplate":"https:\/\/westjysk-coins.webserver1.dk\/?s={search_term_string}"},"query-input":{"@type":"PropertyValueSpecification","valueRequired":true,"valueName":"search_term_string"}}],"inLanguage":"en-US"},{"@type":"Organization","@id":"https:\/\/westjysk-coins.webserver1.dk\/#organization","name":"Westjysk Coins","url":"https:\/\/westjysk-coins.webserver1.dk\/","logo":{"@type":"ImageObject","inLanguage":"en-US","@id":"https:\/\/westjysk-coins.webserver1.dk\/#\/schema\/logo\/image\/","url":"https:\/\/westjysk-coins.com\/wp-content\/uploads\/2024\/01\/westjysk-logo.svg","contentUrl":"https:\/\/westjysk-coins.com\/wp-content\/uploads\/2024\/01\/westjysk-logo.svg","width":312,"height":44,"caption":"Westjysk Coins"},"image":{"@id":"https:\/\/westjysk-coins.webserver1.dk\/#\/schema\/logo\/image\/"}}]}},"_links":{"self":[{"href":"https:\/\/westjysk-coins.com\/en\/wp-json\/wp\/v2\/product\/25270","targetHints":{"allow":["GET"]}}],"collection":[{"href":"https:\/\/westjysk-coins.com\/en\/wp-json\/wp\/v2\/product"}],"about":[{"href":"https:\/\/westjysk-coins.com\/en\/wp-json\/wp\/v2\/types\/product"}],"replies":[{"embeddable":true,"href":"https:\/\/westjysk-coins.com\/en\/wp-json\/wp\/v2\/comments?post=25270"}],"wp:featuredmedia":[{"embeddable":true,"href":"https:\/\/westjysk-coins.com\/en\/wp-json\/wp\/v2\/media\/25256"}],"wp:attachment":[{"href":"https:\/\/westjysk-coins.com\/en\/wp-json\/wp\/v2\/media?parent=25270"}],"wp:term":[{"taxonomy":"product_brand","embeddable":true,"href":"https:\/\/westjysk-coins.com\/en\/wp-json\/wp\/v2\/product_brand?post=25270"},{"taxonomy":"product_cat","embeddable":true,"href":"https:\/\/westjysk-coins.com\/en\/wp-json\/wp\/v2\/product_cat?post=25270"},{"taxonomy":"product_tag","embeddable":true,"href":"https:\/\/westjysk-coins.com\/en\/wp-json\/wp\/v2\/product_tag?post=25270"}],"curies":[{"name":"wp","href":"https:\/\/api.w.org\/{rel}","templated":true}]}}