{"id":24011,"date":"2024-10-28T00:48:36","date_gmt":"2024-10-27T23:48:36","guid":{"rendered":"https:\/\/westjysk-coins.com\/product\/1633-1653-4-mark-fre-lll-mysterikrone-sieg-44-1-hede-87a-aag-m53-1-kva-1-gammelt-ejermaerke\/"},"modified":"2024-10-28T00:49:10","modified_gmt":"2024-10-27T23:49:10","slug":"1633-1653-4-mark-fre-lll-mysterikrone-sieg-44-1-hede-87a-aag-m53-1-kva-1-gammelt-ejermaerke","status":"publish","type":"product","link":"https:\/\/westjysk-coins.com\/en\/product\/1633-1653-4-mark-fre-lll-mysterikrone-sieg-44-1-hede-87a-aag-m53-1-kva-1-gammelt-ejermaerke\/","title":{"rendered":"1633\/1653, 4 mark Fre.lll, Mysteriekrone, Sieg 44.1 Hede 87A Aag.M53-1, Kva. 1+ &#8220;Gammelt ejerm\u00e6rke&#8221;"},"content":{"rendered":"","protected":false},"excerpt":{"rendered":"","protected":false},"featured_media":23871,"comment_status":"closed","ping_status":"closed","template":"","meta":{"_acf_changed":false},"product_brand":[],"product_cat":[416,352,351,353,417,428],"product_tag":[],"class_list":{"0":"post-24011","1":"product","2":"type-product","3":"status-publish","4":"has-post-thumbnail","6":"product_cat-1648-1670-frederik-iii","7":"product_cat-all-products","8":"product_cat-coins","9":"product_cat-denmark","10":"product_cat-lllllll-marck-kroner-en","11":"product_cat-1448-1874-en","12":"sales-flash-overlay","13":"woocommerce-text-align-center","14":"woocommerce-image-align-center","15":"do-quantity-buttons","17":"first","18":"instock","19":"shipping-taxable","20":"purchasable","21":"product-type-simple"},"acf":[],"yoast_head":"<!-- This site is optimized with the Yoast SEO plugin v26.8 - https:\/\/yoast.com\/product\/yoast-seo-wordpress\/ -->\n<title>1633\/1653, 4 mark Fre.lll, Mysteriekrone, Sieg 44.1 Hede 87A Aag.M53-1, Kva. 1+ &quot;Gammelt ejerm\u00e6rke&quot; | Westjysk Coins<\/title>\n<meta name=\"robots\" content=\"index, follow, max-snippet:-1, max-image-preview:large, max-video-preview:-1\" \/>\n<link rel=\"canonical\" href=\"https:\/\/westjysk-coins.com\/en\/product\/1633-1653-4-mark-fre-lll-mysterikrone-sieg-44-1-hede-87a-aag-m53-1-kva-1-gammelt-ejermaerke\/\" \/>\n<meta property=\"og:locale\" content=\"en_US\" \/>\n<meta property=\"og:type\" content=\"article\" \/>\n<meta property=\"og:title\" content=\"1633\/1653, 4 mark Fre.lll, Mysteriekrone, Sieg 44.1 Hede 87A Aag.M53-1, Kva. 1+ &quot;Gammelt ejerm\u00e6rke&quot; | Westjysk Coins\" \/>\n<meta property=\"og:url\" content=\"https:\/\/westjysk-coins.com\/en\/product\/1633-1653-4-mark-fre-lll-mysterikrone-sieg-44-1-hede-87a-aag-m53-1-kva-1-gammelt-ejermaerke\/\" \/>\n<meta property=\"og:site_name\" content=\"Westjysk Coins\" \/>\n<meta property=\"article:modified_time\" content=\"2024-10-27T23:49:10+00:00\" \/>\n<meta property=\"og:image\" content=\"https:\/\/westjysk-coins.com\/wp-content\/uploads\/2024\/10\/Photoroom_010_20241013_210825.jpeg\" \/>\n\t<meta property=\"og:image:width\" content=\"1512\" \/>\n\t<meta property=\"og:image:height\" content=\"1512\" \/>\n\t<meta property=\"og:image:type\" content=\"image\/jpeg\" \/>\n<meta name=\"twitter:card\" content=\"summary_large_image\" \/>\n<script type=\"application\/ld+json\" class=\"yoast-schema-graph\">{\"@context\":\"https:\/\/schema.org\",\"@graph\":[{\"@type\":\"WebPage\",\"@id\":\"https:\/\/westjysk-coins.com\/en\/product\/1633-1653-4-mark-fre-lll-mysterikrone-sieg-44-1-hede-87a-aag-m53-1-kva-1-gammelt-ejermaerke\/\",\"url\":\"https:\/\/westjysk-coins.com\/en\/product\/1633-1653-4-mark-fre-lll-mysterikrone-sieg-44-1-hede-87a-aag-m53-1-kva-1-gammelt-ejermaerke\/\",\"name\":\"1633\/1653, 4 mark Fre.lll, Mysteriekrone, Sieg 44.1 Hede 87A Aag.M53-1, Kva. 1+ \\\"Gammelt ejerm\u00e6rke\\\" | Westjysk Coins\",\"isPartOf\":{\"@id\":\"https:\/\/westjysk-coins.webserver1.dk\/#website\"},\"primaryImageOfPage\":{\"@id\":\"https:\/\/westjysk-coins.com\/en\/product\/1633-1653-4-mark-fre-lll-mysterikrone-sieg-44-1-hede-87a-aag-m53-1-kva-1-gammelt-ejermaerke\/#primaryimage\"},\"image\":{\"@id\":\"https:\/\/westjysk-coins.com\/en\/product\/1633-1653-4-mark-fre-lll-mysterikrone-sieg-44-1-hede-87a-aag-m53-1-kva-1-gammelt-ejermaerke\/#primaryimage\"},\"thumbnailUrl\":\"https:\/\/westjysk-coins.com\/wp-content\/uploads\/2024\/10\/Photoroom_010_20241013_210825.jpeg\",\"datePublished\":\"2024-10-27T23:48:36+00:00\",\"dateModified\":\"2024-10-27T23:49:10+00:00\",\"breadcrumb\":{\"@id\":\"https:\/\/westjysk-coins.com\/en\/product\/1633-1653-4-mark-fre-lll-mysterikrone-sieg-44-1-hede-87a-aag-m53-1-kva-1-gammelt-ejermaerke\/#breadcrumb\"},\"inLanguage\":\"en-US\",\"potentialAction\":[{\"@type\":\"ReadAction\",\"target\":[\"https:\/\/westjysk-coins.com\/en\/product\/1633-1653-4-mark-fre-lll-mysterikrone-sieg-44-1-hede-87a-aag-m53-1-kva-1-gammelt-ejermaerke\/\"]}]},{\"@type\":\"ImageObject\",\"inLanguage\":\"en-US\",\"@id\":\"https:\/\/westjysk-coins.com\/en\/product\/1633-1653-4-mark-fre-lll-mysterikrone-sieg-44-1-hede-87a-aag-m53-1-kva-1-gammelt-ejermaerke\/#primaryimage\",\"url\":\"https:\/\/westjysk-coins.com\/wp-content\/uploads\/2024\/10\/Photoroom_010_20241013_210825.jpeg\",\"contentUrl\":\"https:\/\/westjysk-coins.com\/wp-content\/uploads\/2024\/10\/Photoroom_010_20241013_210825.jpeg\",\"width\":1512,\"height\":1512},{\"@type\":\"BreadcrumbList\",\"@id\":\"https:\/\/westjysk-coins.com\/en\/product\/1633-1653-4-mark-fre-lll-mysterikrone-sieg-44-1-hede-87a-aag-m53-1-kva-1-gammelt-ejermaerke\/#breadcrumb\",\"itemListElement\":[{\"@type\":\"ListItem\",\"position\":1,\"name\":\"Forside\",\"item\":\"https:\/\/westjysk-coins.com\/\"},{\"@type\":\"ListItem\",\"position\":2,\"name\":\"Shop\",\"item\":\"https:\/\/westjysk-coins.com\/en\/shop\/\"},{\"@type\":\"ListItem\",\"position\":3,\"name\":\"1633\/1653, 4 mark Fre.lll, Mysteriekrone, Sieg 44.1 Hede 87A Aag.M53-1, Kva. 1+ &#8220;Gammelt ejerm\u00e6rke&#8221;\"}]},{\"@type\":\"WebSite\",\"@id\":\"https:\/\/westjysk-coins.webserver1.dk\/#website\",\"url\":\"https:\/\/westjysk-coins.webserver1.dk\/\",\"name\":\"Westjysk Coins\",\"description\":\"K\u00f8b, salg og vurderinger af gamle m\u00f8nter, sedler, guld og s\u00f8lv, b\u00e5de danske og udlandske\",\"publisher\":{\"@id\":\"https:\/\/westjysk-coins.webserver1.dk\/#organization\"},\"potentialAction\":[{\"@type\":\"SearchAction\",\"target\":{\"@type\":\"EntryPoint\",\"urlTemplate\":\"https:\/\/westjysk-coins.webserver1.dk\/?s={search_term_string}\"},\"query-input\":{\"@type\":\"PropertyValueSpecification\",\"valueRequired\":true,\"valueName\":\"search_term_string\"}}],\"inLanguage\":\"en-US\"},{\"@type\":\"Organization\",\"@id\":\"https:\/\/westjysk-coins.webserver1.dk\/#organization\",\"name\":\"Westjysk Coins\",\"url\":\"https:\/\/westjysk-coins.webserver1.dk\/\",\"logo\":{\"@type\":\"ImageObject\",\"inLanguage\":\"en-US\",\"@id\":\"https:\/\/westjysk-coins.webserver1.dk\/#\/schema\/logo\/image\/\",\"url\":\"https:\/\/westjysk-coins.com\/wp-content\/uploads\/2024\/01\/westjysk-logo.svg\",\"contentUrl\":\"https:\/\/westjysk-coins.com\/wp-content\/uploads\/2024\/01\/westjysk-logo.svg\",\"width\":312,\"height\":44,\"caption\":\"Westjysk Coins\"},\"image\":{\"@id\":\"https:\/\/westjysk-coins.webserver1.dk\/#\/schema\/logo\/image\/\"}}]}<\/script>\n<!-- \/ Yoast SEO plugin. -->","yoast_head_json":{"title":"1633\/1653, 4 mark Fre.lll, Mysteriekrone, Sieg 44.1 Hede 87A Aag.M53-1, Kva. 1+ \"Gammelt ejerm\u00e6rke\" | Westjysk Coins","robots":{"index":"index","follow":"follow","max-snippet":"max-snippet:-1","max-image-preview":"max-image-preview:large","max-video-preview":"max-video-preview:-1"},"canonical":"https:\/\/westjysk-coins.com\/en\/product\/1633-1653-4-mark-fre-lll-mysterikrone-sieg-44-1-hede-87a-aag-m53-1-kva-1-gammelt-ejermaerke\/","og_locale":"en_US","og_type":"article","og_title":"1633\/1653, 4 mark Fre.lll, Mysteriekrone, Sieg 44.1 Hede 87A Aag.M53-1, Kva. 1+ \"Gammelt ejerm\u00e6rke\" | Westjysk Coins","og_url":"https:\/\/westjysk-coins.com\/en\/product\/1633-1653-4-mark-fre-lll-mysterikrone-sieg-44-1-hede-87a-aag-m53-1-kva-1-gammelt-ejermaerke\/","og_site_name":"Westjysk Coins","article_modified_time":"2024-10-27T23:49:10+00:00","og_image":[{"width":1512,"height":1512,"url":"https:\/\/westjysk-coins.com\/wp-content\/uploads\/2024\/10\/Photoroom_010_20241013_210825.jpeg","type":"image\/jpeg"}],"twitter_card":"summary_large_image","schema":{"@context":"https:\/\/schema.org","@graph":[{"@type":"WebPage","@id":"https:\/\/westjysk-coins.com\/en\/product\/1633-1653-4-mark-fre-lll-mysterikrone-sieg-44-1-hede-87a-aag-m53-1-kva-1-gammelt-ejermaerke\/","url":"https:\/\/westjysk-coins.com\/en\/product\/1633-1653-4-mark-fre-lll-mysterikrone-sieg-44-1-hede-87a-aag-m53-1-kva-1-gammelt-ejermaerke\/","name":"1633\/1653, 4 mark Fre.lll, Mysteriekrone, Sieg 44.1 Hede 87A Aag.M53-1, Kva. 1+ \"Gammelt ejerm\u00e6rke\" | Westjysk Coins","isPartOf":{"@id":"https:\/\/westjysk-coins.webserver1.dk\/#website"},"primaryImageOfPage":{"@id":"https:\/\/westjysk-coins.com\/en\/product\/1633-1653-4-mark-fre-lll-mysterikrone-sieg-44-1-hede-87a-aag-m53-1-kva-1-gammelt-ejermaerke\/#primaryimage"},"image":{"@id":"https:\/\/westjysk-coins.com\/en\/product\/1633-1653-4-mark-fre-lll-mysterikrone-sieg-44-1-hede-87a-aag-m53-1-kva-1-gammelt-ejermaerke\/#primaryimage"},"thumbnailUrl":"https:\/\/westjysk-coins.com\/wp-content\/uploads\/2024\/10\/Photoroom_010_20241013_210825.jpeg","datePublished":"2024-10-27T23:48:36+00:00","dateModified":"2024-10-27T23:49:10+00:00","breadcrumb":{"@id":"https:\/\/westjysk-coins.com\/en\/product\/1633-1653-4-mark-fre-lll-mysterikrone-sieg-44-1-hede-87a-aag-m53-1-kva-1-gammelt-ejermaerke\/#breadcrumb"},"inLanguage":"en-US","potentialAction":[{"@type":"ReadAction","target":["https:\/\/westjysk-coins.com\/en\/product\/1633-1653-4-mark-fre-lll-mysterikrone-sieg-44-1-hede-87a-aag-m53-1-kva-1-gammelt-ejermaerke\/"]}]},{"@type":"ImageObject","inLanguage":"en-US","@id":"https:\/\/westjysk-coins.com\/en\/product\/1633-1653-4-mark-fre-lll-mysterikrone-sieg-44-1-hede-87a-aag-m53-1-kva-1-gammelt-ejermaerke\/#primaryimage","url":"https:\/\/westjysk-coins.com\/wp-content\/uploads\/2024\/10\/Photoroom_010_20241013_210825.jpeg","contentUrl":"https:\/\/westjysk-coins.com\/wp-content\/uploads\/2024\/10\/Photoroom_010_20241013_210825.jpeg","width":1512,"height":1512},{"@type":"BreadcrumbList","@id":"https:\/\/westjysk-coins.com\/en\/product\/1633-1653-4-mark-fre-lll-mysterikrone-sieg-44-1-hede-87a-aag-m53-1-kva-1-gammelt-ejermaerke\/#breadcrumb","itemListElement":[{"@type":"ListItem","position":1,"name":"Forside","item":"https:\/\/westjysk-coins.com\/"},{"@type":"ListItem","position":2,"name":"Shop","item":"https:\/\/westjysk-coins.com\/en\/shop\/"},{"@type":"ListItem","position":3,"name":"1633\/1653, 4 mark Fre.lll, Mysteriekrone, Sieg 44.1 Hede 87A Aag.M53-1, Kva. 1+ &#8220;Gammelt ejerm\u00e6rke&#8221;"}]},{"@type":"WebSite","@id":"https:\/\/westjysk-coins.webserver1.dk\/#website","url":"https:\/\/westjysk-coins.webserver1.dk\/","name":"Westjysk Coins","description":"K\u00f8b, salg og vurderinger af gamle m\u00f8nter, sedler, guld og s\u00f8lv, b\u00e5de danske og udlandske","publisher":{"@id":"https:\/\/westjysk-coins.webserver1.dk\/#organization"},"potentialAction":[{"@type":"SearchAction","target":{"@type":"EntryPoint","urlTemplate":"https:\/\/westjysk-coins.webserver1.dk\/?s={search_term_string}"},"query-input":{"@type":"PropertyValueSpecification","valueRequired":true,"valueName":"search_term_string"}}],"inLanguage":"en-US"},{"@type":"Organization","@id":"https:\/\/westjysk-coins.webserver1.dk\/#organization","name":"Westjysk Coins","url":"https:\/\/westjysk-coins.webserver1.dk\/","logo":{"@type":"ImageObject","inLanguage":"en-US","@id":"https:\/\/westjysk-coins.webserver1.dk\/#\/schema\/logo\/image\/","url":"https:\/\/westjysk-coins.com\/wp-content\/uploads\/2024\/01\/westjysk-logo.svg","contentUrl":"https:\/\/westjysk-coins.com\/wp-content\/uploads\/2024\/01\/westjysk-logo.svg","width":312,"height":44,"caption":"Westjysk Coins"},"image":{"@id":"https:\/\/westjysk-coins.webserver1.dk\/#\/schema\/logo\/image\/"}}]}},"_links":{"self":[{"href":"https:\/\/westjysk-coins.com\/en\/wp-json\/wp\/v2\/product\/24011","targetHints":{"allow":["GET"]}}],"collection":[{"href":"https:\/\/westjysk-coins.com\/en\/wp-json\/wp\/v2\/product"}],"about":[{"href":"https:\/\/westjysk-coins.com\/en\/wp-json\/wp\/v2\/types\/product"}],"replies":[{"embeddable":true,"href":"https:\/\/westjysk-coins.com\/en\/wp-json\/wp\/v2\/comments?post=24011"}],"wp:featuredmedia":[{"embeddable":true,"href":"https:\/\/westjysk-coins.com\/en\/wp-json\/wp\/v2\/media\/23871"}],"wp:attachment":[{"href":"https:\/\/westjysk-coins.com\/en\/wp-json\/wp\/v2\/media?parent=24011"}],"wp:term":[{"taxonomy":"product_brand","embeddable":true,"href":"https:\/\/westjysk-coins.com\/en\/wp-json\/wp\/v2\/product_brand?post=24011"},{"taxonomy":"product_cat","embeddable":true,"href":"https:\/\/westjysk-coins.com\/en\/wp-json\/wp\/v2\/product_cat?post=24011"},{"taxonomy":"product_tag","embeddable":true,"href":"https:\/\/westjysk-coins.com\/en\/wp-json\/wp\/v2\/product_tag?post=24011"}],"curies":[{"name":"wp","href":"https:\/\/api.w.org\/{rel}","templated":true}]}}