{"id":23796,"date":"2024-10-27T21:37:09","date_gmt":"2024-10-27T20:37:09","guid":{"rendered":"https:\/\/westjysk-coins.com\/product\/1715-2-skilling-fre-lv-glueckstadt-sieg-54-hede-59-kva-0-01-ex-hede-ex-abr-1651-5065\/"},"modified":"2024-10-27T21:37:09","modified_gmt":"2024-10-27T20:37:09","slug":"1715-2-skilling-fre-lv-glueckstadt-sieg-54-hede-59-kva-0-01-ex-hede-ex-abr-1651-5065","status":"publish","type":"product","link":"https:\/\/westjysk-coins.com\/en\/product\/1715-2-skilling-fre-lv-glueckstadt-sieg-54-hede-59-kva-0-01-ex-hede-ex-abr-1651-5065\/","title":{"rendered":"1715 2 skilling Fre.lV, Gl\u00fcckstadt, Sieg 54, Hede 59, Kva. 0-01 Ex. Hede &#8220;Ex.ABR 1651\/5065&#8221;"},"content":{"rendered":"","protected":false},"excerpt":{"rendered":"","protected":false},"featured_media":23679,"comment_status":"closed","ping_status":"closed","template":"","meta":{"_acf_changed":false},"product_brand":[],"product_cat":[428,423,352,351,353,451],"product_tag":[],"class_list":{"0":"post-23796","1":"product","2":"type-product","3":"status-publish","4":"has-post-thumbnail","6":"product_cat-1448-1874-en","7":"product_cat-1699-1730-frederik-iv","8":"product_cat-all-products","9":"product_cat-coins","10":"product_cat-denmark","11":"product_cat-gluckstadt-1699-1730-frederik-lv-en","12":"sales-flash-overlay","13":"woocommerce-text-align-center","14":"woocommerce-image-align-center","15":"do-quantity-buttons","17":"first","18":"instock","19":"shipping-taxable","20":"purchasable","21":"product-type-simple"},"acf":[],"yoast_head":"<!-- This site is optimized with the Yoast SEO plugin v26.8 - https:\/\/yoast.com\/product\/yoast-seo-wordpress\/ -->\n<title>1715 2 skilling Fre.lV, Gl\u00fcckstadt, Sieg 54, Hede 59, Kva. 0-01 Ex. Hede &quot;Ex.ABR 1651\/5065&quot; | Westjysk Coins<\/title>\n<meta name=\"robots\" content=\"index, follow, max-snippet:-1, max-image-preview:large, max-video-preview:-1\" \/>\n<link rel=\"canonical\" href=\"https:\/\/westjysk-coins.com\/en\/product\/1715-2-skilling-fre-lv-glueckstadt-sieg-54-hede-59-kva-0-01-ex-hede-ex-abr-1651-5065\/\" \/>\n<meta property=\"og:locale\" content=\"en_US\" \/>\n<meta property=\"og:type\" content=\"article\" \/>\n<meta property=\"og:title\" content=\"1715 2 skilling Fre.lV, Gl\u00fcckstadt, Sieg 54, Hede 59, Kva. 0-01 Ex. Hede &quot;Ex.ABR 1651\/5065&quot; | Westjysk Coins\" \/>\n<meta property=\"og:url\" content=\"https:\/\/westjysk-coins.com\/en\/product\/1715-2-skilling-fre-lv-glueckstadt-sieg-54-hede-59-kva-0-01-ex-hede-ex-abr-1651-5065\/\" \/>\n<meta property=\"og:site_name\" content=\"Westjysk Coins\" \/>\n<meta name=\"twitter:card\" content=\"summary_large_image\" \/>\n<script type=\"application\/ld+json\" class=\"yoast-schema-graph\">{\"@context\":\"https:\/\/schema.org\",\"@graph\":[{\"@type\":\"WebPage\",\"@id\":\"https:\/\/westjysk-coins.com\/en\/product\/1715-2-skilling-fre-lv-glueckstadt-sieg-54-hede-59-kva-0-01-ex-hede-ex-abr-1651-5065\/\",\"url\":\"https:\/\/westjysk-coins.com\/en\/product\/1715-2-skilling-fre-lv-glueckstadt-sieg-54-hede-59-kva-0-01-ex-hede-ex-abr-1651-5065\/\",\"name\":\"1715 2 skilling Fre.lV, Gl\u00fcckstadt, Sieg 54, Hede 59, Kva. 0-01 Ex. Hede \\\"Ex.ABR 1651\/5065\\\" | Westjysk Coins\",\"isPartOf\":{\"@id\":\"https:\/\/westjysk-coins.webserver1.dk\/#website\"},\"primaryImageOfPage\":{\"@id\":\"https:\/\/westjysk-coins.com\/en\/product\/1715-2-skilling-fre-lv-glueckstadt-sieg-54-hede-59-kva-0-01-ex-hede-ex-abr-1651-5065\/#primaryimage\"},\"image\":{\"@id\":\"https:\/\/westjysk-coins.com\/en\/product\/1715-2-skilling-fre-lv-glueckstadt-sieg-54-hede-59-kva-0-01-ex-hede-ex-abr-1651-5065\/#primaryimage\"},\"thumbnailUrl\":\"https:\/\/westjysk-coins.com\/wp-content\/uploads\/2024\/10\/Photoroom_018_20241017_123647.jpeg\",\"datePublished\":\"2024-10-27T20:37:09+00:00\",\"breadcrumb\":{\"@id\":\"https:\/\/westjysk-coins.com\/en\/product\/1715-2-skilling-fre-lv-glueckstadt-sieg-54-hede-59-kva-0-01-ex-hede-ex-abr-1651-5065\/#breadcrumb\"},\"inLanguage\":\"en-US\",\"potentialAction\":[{\"@type\":\"ReadAction\",\"target\":[\"https:\/\/westjysk-coins.com\/en\/product\/1715-2-skilling-fre-lv-glueckstadt-sieg-54-hede-59-kva-0-01-ex-hede-ex-abr-1651-5065\/\"]}]},{\"@type\":\"ImageObject\",\"inLanguage\":\"en-US\",\"@id\":\"https:\/\/westjysk-coins.com\/en\/product\/1715-2-skilling-fre-lv-glueckstadt-sieg-54-hede-59-kva-0-01-ex-hede-ex-abr-1651-5065\/#primaryimage\",\"url\":\"https:\/\/westjysk-coins.com\/wp-content\/uploads\/2024\/10\/Photoroom_018_20241017_123647.jpeg\",\"contentUrl\":\"https:\/\/westjysk-coins.com\/wp-content\/uploads\/2024\/10\/Photoroom_018_20241017_123647.jpeg\",\"width\":1512,\"height\":1512},{\"@type\":\"BreadcrumbList\",\"@id\":\"https:\/\/westjysk-coins.com\/en\/product\/1715-2-skilling-fre-lv-glueckstadt-sieg-54-hede-59-kva-0-01-ex-hede-ex-abr-1651-5065\/#breadcrumb\",\"itemListElement\":[{\"@type\":\"ListItem\",\"position\":1,\"name\":\"Forside\",\"item\":\"https:\/\/westjysk-coins.com\/\"},{\"@type\":\"ListItem\",\"position\":2,\"name\":\"Shop\",\"item\":\"https:\/\/westjysk-coins.com\/en\/shop\/\"},{\"@type\":\"ListItem\",\"position\":3,\"name\":\"1715 2 skilling Fre.lV, Gl\u00fcckstadt, Sieg 54, Hede 59, Kva. 0-01 Ex. Hede &#8220;Ex.ABR 1651\/5065&#8221;\"}]},{\"@type\":\"WebSite\",\"@id\":\"https:\/\/westjysk-coins.webserver1.dk\/#website\",\"url\":\"https:\/\/westjysk-coins.webserver1.dk\/\",\"name\":\"Westjysk Coins\",\"description\":\"K\u00f8b, salg og vurderinger af gamle m\u00f8nter, sedler, guld og s\u00f8lv, b\u00e5de danske og udlandske\",\"publisher\":{\"@id\":\"https:\/\/westjysk-coins.webserver1.dk\/#organization\"},\"potentialAction\":[{\"@type\":\"SearchAction\",\"target\":{\"@type\":\"EntryPoint\",\"urlTemplate\":\"https:\/\/westjysk-coins.webserver1.dk\/?s={search_term_string}\"},\"query-input\":{\"@type\":\"PropertyValueSpecification\",\"valueRequired\":true,\"valueName\":\"search_term_string\"}}],\"inLanguage\":\"en-US\"},{\"@type\":\"Organization\",\"@id\":\"https:\/\/westjysk-coins.webserver1.dk\/#organization\",\"name\":\"Westjysk Coins\",\"url\":\"https:\/\/westjysk-coins.webserver1.dk\/\",\"logo\":{\"@type\":\"ImageObject\",\"inLanguage\":\"en-US\",\"@id\":\"https:\/\/westjysk-coins.webserver1.dk\/#\/schema\/logo\/image\/\",\"url\":\"https:\/\/westjysk-coins.com\/wp-content\/uploads\/2024\/01\/westjysk-logo.svg\",\"contentUrl\":\"https:\/\/westjysk-coins.com\/wp-content\/uploads\/2024\/01\/westjysk-logo.svg\",\"width\":312,\"height\":44,\"caption\":\"Westjysk Coins\"},\"image\":{\"@id\":\"https:\/\/westjysk-coins.webserver1.dk\/#\/schema\/logo\/image\/\"}}]}<\/script>\n<!-- \/ Yoast SEO plugin. -->","yoast_head_json":{"title":"1715 2 skilling Fre.lV, Gl\u00fcckstadt, Sieg 54, Hede 59, Kva. 0-01 Ex. Hede \"Ex.ABR 1651\/5065\" | Westjysk Coins","robots":{"index":"index","follow":"follow","max-snippet":"max-snippet:-1","max-image-preview":"max-image-preview:large","max-video-preview":"max-video-preview:-1"},"canonical":"https:\/\/westjysk-coins.com\/en\/product\/1715-2-skilling-fre-lv-glueckstadt-sieg-54-hede-59-kva-0-01-ex-hede-ex-abr-1651-5065\/","og_locale":"en_US","og_type":"article","og_title":"1715 2 skilling Fre.lV, Gl\u00fcckstadt, Sieg 54, Hede 59, Kva. 0-01 Ex. Hede \"Ex.ABR 1651\/5065\" | Westjysk Coins","og_url":"https:\/\/westjysk-coins.com\/en\/product\/1715-2-skilling-fre-lv-glueckstadt-sieg-54-hede-59-kva-0-01-ex-hede-ex-abr-1651-5065\/","og_site_name":"Westjysk Coins","twitter_card":"summary_large_image","schema":{"@context":"https:\/\/schema.org","@graph":[{"@type":"WebPage","@id":"https:\/\/westjysk-coins.com\/en\/product\/1715-2-skilling-fre-lv-glueckstadt-sieg-54-hede-59-kva-0-01-ex-hede-ex-abr-1651-5065\/","url":"https:\/\/westjysk-coins.com\/en\/product\/1715-2-skilling-fre-lv-glueckstadt-sieg-54-hede-59-kva-0-01-ex-hede-ex-abr-1651-5065\/","name":"1715 2 skilling Fre.lV, Gl\u00fcckstadt, Sieg 54, Hede 59, Kva. 0-01 Ex. Hede \"Ex.ABR 1651\/5065\" | Westjysk Coins","isPartOf":{"@id":"https:\/\/westjysk-coins.webserver1.dk\/#website"},"primaryImageOfPage":{"@id":"https:\/\/westjysk-coins.com\/en\/product\/1715-2-skilling-fre-lv-glueckstadt-sieg-54-hede-59-kva-0-01-ex-hede-ex-abr-1651-5065\/#primaryimage"},"image":{"@id":"https:\/\/westjysk-coins.com\/en\/product\/1715-2-skilling-fre-lv-glueckstadt-sieg-54-hede-59-kva-0-01-ex-hede-ex-abr-1651-5065\/#primaryimage"},"thumbnailUrl":"https:\/\/westjysk-coins.com\/wp-content\/uploads\/2024\/10\/Photoroom_018_20241017_123647.jpeg","datePublished":"2024-10-27T20:37:09+00:00","breadcrumb":{"@id":"https:\/\/westjysk-coins.com\/en\/product\/1715-2-skilling-fre-lv-glueckstadt-sieg-54-hede-59-kva-0-01-ex-hede-ex-abr-1651-5065\/#breadcrumb"},"inLanguage":"en-US","potentialAction":[{"@type":"ReadAction","target":["https:\/\/westjysk-coins.com\/en\/product\/1715-2-skilling-fre-lv-glueckstadt-sieg-54-hede-59-kva-0-01-ex-hede-ex-abr-1651-5065\/"]}]},{"@type":"ImageObject","inLanguage":"en-US","@id":"https:\/\/westjysk-coins.com\/en\/product\/1715-2-skilling-fre-lv-glueckstadt-sieg-54-hede-59-kva-0-01-ex-hede-ex-abr-1651-5065\/#primaryimage","url":"https:\/\/westjysk-coins.com\/wp-content\/uploads\/2024\/10\/Photoroom_018_20241017_123647.jpeg","contentUrl":"https:\/\/westjysk-coins.com\/wp-content\/uploads\/2024\/10\/Photoroom_018_20241017_123647.jpeg","width":1512,"height":1512},{"@type":"BreadcrumbList","@id":"https:\/\/westjysk-coins.com\/en\/product\/1715-2-skilling-fre-lv-glueckstadt-sieg-54-hede-59-kva-0-01-ex-hede-ex-abr-1651-5065\/#breadcrumb","itemListElement":[{"@type":"ListItem","position":1,"name":"Forside","item":"https:\/\/westjysk-coins.com\/"},{"@type":"ListItem","position":2,"name":"Shop","item":"https:\/\/westjysk-coins.com\/en\/shop\/"},{"@type":"ListItem","position":3,"name":"1715 2 skilling Fre.lV, Gl\u00fcckstadt, Sieg 54, Hede 59, Kva. 0-01 Ex. Hede &#8220;Ex.ABR 1651\/5065&#8221;"}]},{"@type":"WebSite","@id":"https:\/\/westjysk-coins.webserver1.dk\/#website","url":"https:\/\/westjysk-coins.webserver1.dk\/","name":"Westjysk Coins","description":"K\u00f8b, salg og vurderinger af gamle m\u00f8nter, sedler, guld og s\u00f8lv, b\u00e5de danske og udlandske","publisher":{"@id":"https:\/\/westjysk-coins.webserver1.dk\/#organization"},"potentialAction":[{"@type":"SearchAction","target":{"@type":"EntryPoint","urlTemplate":"https:\/\/westjysk-coins.webserver1.dk\/?s={search_term_string}"},"query-input":{"@type":"PropertyValueSpecification","valueRequired":true,"valueName":"search_term_string"}}],"inLanguage":"en-US"},{"@type":"Organization","@id":"https:\/\/westjysk-coins.webserver1.dk\/#organization","name":"Westjysk Coins","url":"https:\/\/westjysk-coins.webserver1.dk\/","logo":{"@type":"ImageObject","inLanguage":"en-US","@id":"https:\/\/westjysk-coins.webserver1.dk\/#\/schema\/logo\/image\/","url":"https:\/\/westjysk-coins.com\/wp-content\/uploads\/2024\/01\/westjysk-logo.svg","contentUrl":"https:\/\/westjysk-coins.com\/wp-content\/uploads\/2024\/01\/westjysk-logo.svg","width":312,"height":44,"caption":"Westjysk Coins"},"image":{"@id":"https:\/\/westjysk-coins.webserver1.dk\/#\/schema\/logo\/image\/"}}]}},"_links":{"self":[{"href":"https:\/\/westjysk-coins.com\/en\/wp-json\/wp\/v2\/product\/23796","targetHints":{"allow":["GET"]}}],"collection":[{"href":"https:\/\/westjysk-coins.com\/en\/wp-json\/wp\/v2\/product"}],"about":[{"href":"https:\/\/westjysk-coins.com\/en\/wp-json\/wp\/v2\/types\/product"}],"replies":[{"embeddable":true,"href":"https:\/\/westjysk-coins.com\/en\/wp-json\/wp\/v2\/comments?post=23796"}],"wp:featuredmedia":[{"embeddable":true,"href":"https:\/\/westjysk-coins.com\/en\/wp-json\/wp\/v2\/media\/23679"}],"wp:attachment":[{"href":"https:\/\/westjysk-coins.com\/en\/wp-json\/wp\/v2\/media?parent=23796"}],"wp:term":[{"taxonomy":"product_brand","embeddable":true,"href":"https:\/\/westjysk-coins.com\/en\/wp-json\/wp\/v2\/product_brand?post=23796"},{"taxonomy":"product_cat","embeddable":true,"href":"https:\/\/westjysk-coins.com\/en\/wp-json\/wp\/v2\/product_cat?post=23796"},{"taxonomy":"product_tag","embeddable":true,"href":"https:\/\/westjysk-coins.com\/en\/wp-json\/wp\/v2\/product_tag?post=23796"}],"curies":[{"name":"wp","href":"https:\/\/api.w.org\/{rel}","templated":true}]}}