{"id":15749,"date":"2024-05-02T22:23:33","date_gmt":"2024-05-02T20:23:33","guid":{"rendered":"https:\/\/westjysk-coins.com\/product\/200-crown-2000-special-edition\/"},"modified":"2024-05-02T22:23:33","modified_gmt":"2024-05-02T20:23:33","slug":"200-crown-2000-special-edition","status":"publish","type":"product","link":"https:\/\/westjysk-coins.com\/en\/product\/200-crown-2000-special-edition\/","title":{"rendered":"200 crown 2000 &#8220;Special Edition&#8221;"},"content":{"rendered":"<p>200 kroner 2000, issued in connection with Queen Margrethe&#8217;s 60th birthday, This coin\/capsule shows the monogram of Queen Margrethe, and is given to the guests at the party she held in connection with the birthday &#8220;Rare&#8221; must be seen as today&#8217;s Minister copies<\/p>\n","protected":false},"excerpt":{"rendered":"<p>200 kroner 2000, issued in connection with Queen Margrethe&#8217;s 60th birthday, This coin\/capsule shows the monogram of Queen Margrethe, and is given to the guests at the party she held in connection with the birthday &#8220;Rare&#8221; must be seen as today&#8217;s Minister copies<\/p>\n","protected":false},"featured_media":5180,"comment_status":"closed","ping_status":"closed","template":"","meta":{"_acf_changed":false},"product_brand":[],"product_cat":[384,404,352,351,380,353,403],"product_tag":[399],"class_list":{"0":"post-15749","1":"product","2":"type-product","3":"status-publish","4":"has-post-thumbnail","6":"product_cat-1873-2024-en","7":"product_cat-200-crowns","8":"product_cat-all-products","9":"product_cat-coins","10":"product_cat-commemorative-coins","11":"product_cat-denmark","12":"product_cat-ministerial-copy","13":"product_tag-test-en","14":"sales-flash-overlay","15":"woocommerce-text-align-center","16":"woocommerce-image-align-center","17":"do-quantity-buttons","19":"first","20":"instock","21":"shipping-taxable","22":"purchasable","23":"product-type-simple"},"acf":[],"yoast_head":"<!-- This site is optimized with the Yoast SEO plugin v26.8 - https:\/\/yoast.com\/product\/yoast-seo-wordpress\/ -->\n<title>200 crown 2000 &quot;Special Edition&quot; | Westjysk Coins<\/title>\n<meta name=\"robots\" content=\"index, follow, max-snippet:-1, max-image-preview:large, max-video-preview:-1\" \/>\n<link rel=\"canonical\" href=\"https:\/\/westjysk-coins.com\/product\/200-crown-2000-special-edition\/\" \/>\n<meta property=\"og:locale\" content=\"en_US\" \/>\n<meta property=\"og:type\" content=\"article\" \/>\n<meta property=\"og:title\" content=\"200 crown 2000 &quot;Special Edition&quot; | Westjysk Coins\" \/>\n<meta property=\"og:description\" content=\"200 kroner 2000, issued in connection with Queen Margrethe&#8217;s 60th birthday, This coin\/capsule shows the monogram of Queen Margrethe, and is given to the guests at the party she held in connection with the birthday &#8220;Rare&#8221; must be seen as today&#8217;s Minister copies\" \/>\n<meta property=\"og:url\" content=\"https:\/\/westjysk-coins.com\/product\/200-crown-2000-special-edition\/\" \/>\n<meta property=\"og:site_name\" content=\"Westjysk Coins\" \/>\n<meta name=\"twitter:card\" content=\"summary_large_image\" \/>\n<script type=\"application\/ld+json\" class=\"yoast-schema-graph\">{\"@context\":\"https:\/\/schema.org\",\"@graph\":[{\"@type\":\"WebPage\",\"@id\":\"https:\/\/westjysk-coins.com\/product\/200-crown-2000-special-edition\/\",\"url\":\"https:\/\/westjysk-coins.com\/product\/200-crown-2000-special-edition\/\",\"name\":\"200 crown 2000 \\\"Special Edition\\\" | Westjysk Coins\",\"isPartOf\":{\"@id\":\"https:\/\/westjysk-coins.webserver1.dk\/#website\"},\"primaryImageOfPage\":{\"@id\":\"https:\/\/westjysk-coins.com\/product\/200-crown-2000-special-edition\/#primaryimage\"},\"image\":{\"@id\":\"https:\/\/westjysk-coins.com\/product\/200-crown-2000-special-edition\/#primaryimage\"},\"thumbnailUrl\":\"https:\/\/westjysk-coins.com\/wp-content\/uploads\/2024\/04\/img-2194-scaled-1.jpeg\",\"datePublished\":\"2024-05-02T20:23:33+00:00\",\"breadcrumb\":{\"@id\":\"https:\/\/westjysk-coins.com\/product\/200-crown-2000-special-edition\/#breadcrumb\"},\"inLanguage\":\"en-US\",\"potentialAction\":[{\"@type\":\"ReadAction\",\"target\":[\"https:\/\/westjysk-coins.com\/product\/200-crown-2000-special-edition\/\"]}]},{\"@type\":\"ImageObject\",\"inLanguage\":\"en-US\",\"@id\":\"https:\/\/westjysk-coins.com\/product\/200-crown-2000-special-edition\/#primaryimage\",\"url\":\"https:\/\/westjysk-coins.com\/wp-content\/uploads\/2024\/04\/img-2194-scaled-1.jpeg\",\"contentUrl\":\"https:\/\/westjysk-coins.com\/wp-content\/uploads\/2024\/04\/img-2194-scaled-1.jpeg\",\"width\":2033,\"height\":2048},{\"@type\":\"BreadcrumbList\",\"@id\":\"https:\/\/westjysk-coins.com\/product\/200-crown-2000-special-edition\/#breadcrumb\",\"itemListElement\":[{\"@type\":\"ListItem\",\"position\":1,\"name\":\"Forside\",\"item\":\"https:\/\/westjysk-coins.com\/\"},{\"@type\":\"ListItem\",\"position\":2,\"name\":\"Shop\",\"item\":\"https:\/\/westjysk-coins.com\/en\/shop\/\"},{\"@type\":\"ListItem\",\"position\":3,\"name\":\"200 crown 2000 &#8220;Special Edition&#8221;\"}]},{\"@type\":\"WebSite\",\"@id\":\"https:\/\/westjysk-coins.webserver1.dk\/#website\",\"url\":\"https:\/\/westjysk-coins.webserver1.dk\/\",\"name\":\"Westjysk Coins\",\"description\":\"K\u00f8b, salg og vurderinger af gamle m\u00f8nter, sedler, guld og s\u00f8lv, b\u00e5de danske og udlandske\",\"publisher\":{\"@id\":\"https:\/\/westjysk-coins.webserver1.dk\/#organization\"},\"potentialAction\":[{\"@type\":\"SearchAction\",\"target\":{\"@type\":\"EntryPoint\",\"urlTemplate\":\"https:\/\/westjysk-coins.webserver1.dk\/?s={search_term_string}\"},\"query-input\":{\"@type\":\"PropertyValueSpecification\",\"valueRequired\":true,\"valueName\":\"search_term_string\"}}],\"inLanguage\":\"en-US\"},{\"@type\":\"Organization\",\"@id\":\"https:\/\/westjysk-coins.webserver1.dk\/#organization\",\"name\":\"Westjysk Coins\",\"url\":\"https:\/\/westjysk-coins.webserver1.dk\/\",\"logo\":{\"@type\":\"ImageObject\",\"inLanguage\":\"en-US\",\"@id\":\"https:\/\/westjysk-coins.webserver1.dk\/#\/schema\/logo\/image\/\",\"url\":\"https:\/\/westjysk-coins.com\/wp-content\/uploads\/2024\/01\/westjysk-logo.svg\",\"contentUrl\":\"https:\/\/westjysk-coins.com\/wp-content\/uploads\/2024\/01\/westjysk-logo.svg\",\"width\":312,\"height\":44,\"caption\":\"Westjysk Coins\"},\"image\":{\"@id\":\"https:\/\/westjysk-coins.webserver1.dk\/#\/schema\/logo\/image\/\"}}]}<\/script>\n<!-- \/ Yoast SEO plugin. -->","yoast_head_json":{"title":"200 crown 2000 \"Special Edition\" | Westjysk Coins","robots":{"index":"index","follow":"follow","max-snippet":"max-snippet:-1","max-image-preview":"max-image-preview:large","max-video-preview":"max-video-preview:-1"},"canonical":"https:\/\/westjysk-coins.com\/product\/200-crown-2000-special-edition\/","og_locale":"en_US","og_type":"article","og_title":"200 crown 2000 \"Special Edition\" | Westjysk Coins","og_description":"200 kroner 2000, issued in connection with Queen Margrethe&#8217;s 60th birthday, This coin\/capsule shows the monogram of Queen Margrethe, and is given to the guests at the party she held in connection with the birthday &#8220;Rare&#8221; must be seen as today&#8217;s Minister copies","og_url":"https:\/\/westjysk-coins.com\/product\/200-crown-2000-special-edition\/","og_site_name":"Westjysk Coins","twitter_card":"summary_large_image","schema":{"@context":"https:\/\/schema.org","@graph":[{"@type":"WebPage","@id":"https:\/\/westjysk-coins.com\/product\/200-crown-2000-special-edition\/","url":"https:\/\/westjysk-coins.com\/product\/200-crown-2000-special-edition\/","name":"200 crown 2000 \"Special Edition\" | Westjysk Coins","isPartOf":{"@id":"https:\/\/westjysk-coins.webserver1.dk\/#website"},"primaryImageOfPage":{"@id":"https:\/\/westjysk-coins.com\/product\/200-crown-2000-special-edition\/#primaryimage"},"image":{"@id":"https:\/\/westjysk-coins.com\/product\/200-crown-2000-special-edition\/#primaryimage"},"thumbnailUrl":"https:\/\/westjysk-coins.com\/wp-content\/uploads\/2024\/04\/img-2194-scaled-1.jpeg","datePublished":"2024-05-02T20:23:33+00:00","breadcrumb":{"@id":"https:\/\/westjysk-coins.com\/product\/200-crown-2000-special-edition\/#breadcrumb"},"inLanguage":"en-US","potentialAction":[{"@type":"ReadAction","target":["https:\/\/westjysk-coins.com\/product\/200-crown-2000-special-edition\/"]}]},{"@type":"ImageObject","inLanguage":"en-US","@id":"https:\/\/westjysk-coins.com\/product\/200-crown-2000-special-edition\/#primaryimage","url":"https:\/\/westjysk-coins.com\/wp-content\/uploads\/2024\/04\/img-2194-scaled-1.jpeg","contentUrl":"https:\/\/westjysk-coins.com\/wp-content\/uploads\/2024\/04\/img-2194-scaled-1.jpeg","width":2033,"height":2048},{"@type":"BreadcrumbList","@id":"https:\/\/westjysk-coins.com\/product\/200-crown-2000-special-edition\/#breadcrumb","itemListElement":[{"@type":"ListItem","position":1,"name":"Forside","item":"https:\/\/westjysk-coins.com\/"},{"@type":"ListItem","position":2,"name":"Shop","item":"https:\/\/westjysk-coins.com\/en\/shop\/"},{"@type":"ListItem","position":3,"name":"200 crown 2000 &#8220;Special Edition&#8221;"}]},{"@type":"WebSite","@id":"https:\/\/westjysk-coins.webserver1.dk\/#website","url":"https:\/\/westjysk-coins.webserver1.dk\/","name":"Westjysk Coins","description":"K\u00f8b, salg og vurderinger af gamle m\u00f8nter, sedler, guld og s\u00f8lv, b\u00e5de danske og udlandske","publisher":{"@id":"https:\/\/westjysk-coins.webserver1.dk\/#organization"},"potentialAction":[{"@type":"SearchAction","target":{"@type":"EntryPoint","urlTemplate":"https:\/\/westjysk-coins.webserver1.dk\/?s={search_term_string}"},"query-input":{"@type":"PropertyValueSpecification","valueRequired":true,"valueName":"search_term_string"}}],"inLanguage":"en-US"},{"@type":"Organization","@id":"https:\/\/westjysk-coins.webserver1.dk\/#organization","name":"Westjysk Coins","url":"https:\/\/westjysk-coins.webserver1.dk\/","logo":{"@type":"ImageObject","inLanguage":"en-US","@id":"https:\/\/westjysk-coins.webserver1.dk\/#\/schema\/logo\/image\/","url":"https:\/\/westjysk-coins.com\/wp-content\/uploads\/2024\/01\/westjysk-logo.svg","contentUrl":"https:\/\/westjysk-coins.com\/wp-content\/uploads\/2024\/01\/westjysk-logo.svg","width":312,"height":44,"caption":"Westjysk Coins"},"image":{"@id":"https:\/\/westjysk-coins.webserver1.dk\/#\/schema\/logo\/image\/"}}]}},"_links":{"self":[{"href":"https:\/\/westjysk-coins.com\/en\/wp-json\/wp\/v2\/product\/15749","targetHints":{"allow":["GET"]}}],"collection":[{"href":"https:\/\/westjysk-coins.com\/en\/wp-json\/wp\/v2\/product"}],"about":[{"href":"https:\/\/westjysk-coins.com\/en\/wp-json\/wp\/v2\/types\/product"}],"replies":[{"embeddable":true,"href":"https:\/\/westjysk-coins.com\/en\/wp-json\/wp\/v2\/comments?post=15749"}],"wp:featuredmedia":[{"embeddable":true,"href":"https:\/\/westjysk-coins.com\/en\/wp-json\/wp\/v2\/media\/5180"}],"wp:attachment":[{"href":"https:\/\/westjysk-coins.com\/en\/wp-json\/wp\/v2\/media?parent=15749"}],"wp:term":[{"taxonomy":"product_brand","embeddable":true,"href":"https:\/\/westjysk-coins.com\/en\/wp-json\/wp\/v2\/product_brand?post=15749"},{"taxonomy":"product_cat","embeddable":true,"href":"https:\/\/westjysk-coins.com\/en\/wp-json\/wp\/v2\/product_cat?post=15749"},{"taxonomy":"product_tag","embeddable":true,"href":"https:\/\/westjysk-coins.com\/en\/wp-json\/wp\/v2\/product_tag?post=15749"}],"curies":[{"name":"wp","href":"https:\/\/api.w.org\/{rel}","templated":true}]}}