{"id":15563,"date":"2024-06-24T22:26:22","date_gmt":"2024-06-24T20:26:22","guid":{"rendered":"https:\/\/westjysk-coins.com\/product\/1962-5-cents-fre-lx-kva-0-s-2\/"},"modified":"2024-06-24T22:26:22","modified_gmt":"2024-06-24T20:26:22","slug":"1962-5-cents-fre-lx-kva-0-s-2","status":"publish","type":"product","link":"https:\/\/westjysk-coins.com\/en\/product\/1962-5-cents-fre-lx-kva-0-s-2\/","title":{"rendered":"1962 5 cents Fre.lX Kva.0-S"},"content":{"rendered":"<p>Sieg 7.1 Hede 15A Die gloss, Stems from Kgl.<br \/>\nCoin set<\/p>\n","protected":false},"excerpt":{"rendered":"<p>Sieg 7.1 Hede 15A Die gloss, Stems from Kgl. Coin set<\/p>\n","protected":false},"featured_media":10556,"comment_status":"closed","ping_status":"closed","template":"","meta":{"_acf_changed":false},"product_brand":[],"product_cat":[384,389,352,351,353],"product_tag":[],"class_list":{"0":"post-15563","1":"product","2":"type-product","3":"status-publish","4":"has-post-thumbnail","6":"product_cat-1873-2024-en","7":"product_cat-5-cents-1874-1988","8":"product_cat-all-products","9":"product_cat-coins","10":"product_cat-denmark","11":"sales-flash-overlay","12":"woocommerce-text-align-center","13":"woocommerce-image-align-center","14":"do-quantity-buttons","16":"first","17":"instock","18":"shipping-taxable","19":"purchasable","20":"product-type-simple"},"acf":[],"yoast_head":"<!-- This site is optimized with the Yoast SEO plugin v26.8 - https:\/\/yoast.com\/product\/yoast-seo-wordpress\/ -->\n<title>1962 5 cents Fre.lX Kva.0-S | Westjysk Coins<\/title>\n<meta name=\"robots\" content=\"index, follow, max-snippet:-1, max-image-preview:large, max-video-preview:-1\" \/>\n<link rel=\"canonical\" href=\"https:\/\/westjysk-coins.com\/product\/1962-5-cents-fre-lx-kva-0-s-2\/\" \/>\n<meta property=\"og:locale\" content=\"en_US\" \/>\n<meta property=\"og:type\" content=\"article\" \/>\n<meta property=\"og:title\" content=\"1962 5 cents Fre.lX Kva.0-S | Westjysk Coins\" \/>\n<meta property=\"og:description\" content=\"Sieg 7.1 Hede 15A Die gloss, Stems from Kgl. Coin set\" \/>\n<meta property=\"og:url\" content=\"https:\/\/westjysk-coins.com\/product\/1962-5-cents-fre-lx-kva-0-s-2\/\" \/>\n<meta property=\"og:site_name\" content=\"Westjysk Coins\" \/>\n<meta name=\"twitter:card\" content=\"summary_large_image\" \/>\n<script type=\"application\/ld+json\" class=\"yoast-schema-graph\">{\"@context\":\"https:\/\/schema.org\",\"@graph\":[{\"@type\":\"WebPage\",\"@id\":\"https:\/\/westjysk-coins.com\/product\/1962-5-cents-fre-lx-kva-0-s-2\/\",\"url\":\"https:\/\/westjysk-coins.com\/product\/1962-5-cents-fre-lx-kva-0-s-2\/\",\"name\":\"1962 5 cents Fre.lX Kva.0-S | Westjysk Coins\",\"isPartOf\":{\"@id\":\"https:\/\/westjysk-coins.webserver1.dk\/#website\"},\"primaryImageOfPage\":{\"@id\":\"https:\/\/westjysk-coins.com\/product\/1962-5-cents-fre-lx-kva-0-s-2\/#primaryimage\"},\"image\":{\"@id\":\"https:\/\/westjysk-coins.com\/product\/1962-5-cents-fre-lx-kva-0-s-2\/#primaryimage\"},\"thumbnailUrl\":\"https:\/\/westjysk-coins.com\/wp-content\/uploads\/2024\/06\/Photoroom_048_20240624_213252.jpeg\",\"datePublished\":\"2024-06-24T20:26:22+00:00\",\"breadcrumb\":{\"@id\":\"https:\/\/westjysk-coins.com\/product\/1962-5-cents-fre-lx-kva-0-s-2\/#breadcrumb\"},\"inLanguage\":\"en-US\",\"potentialAction\":[{\"@type\":\"ReadAction\",\"target\":[\"https:\/\/westjysk-coins.com\/product\/1962-5-cents-fre-lx-kva-0-s-2\/\"]}]},{\"@type\":\"ImageObject\",\"inLanguage\":\"en-US\",\"@id\":\"https:\/\/westjysk-coins.com\/product\/1962-5-cents-fre-lx-kva-0-s-2\/#primaryimage\",\"url\":\"https:\/\/westjysk-coins.com\/wp-content\/uploads\/2024\/06\/Photoroom_048_20240624_213252.jpeg\",\"contentUrl\":\"https:\/\/westjysk-coins.com\/wp-content\/uploads\/2024\/06\/Photoroom_048_20240624_213252.jpeg\",\"width\":1512,\"height\":1512},{\"@type\":\"BreadcrumbList\",\"@id\":\"https:\/\/westjysk-coins.com\/product\/1962-5-cents-fre-lx-kva-0-s-2\/#breadcrumb\",\"itemListElement\":[{\"@type\":\"ListItem\",\"position\":1,\"name\":\"Forside\",\"item\":\"https:\/\/westjysk-coins.com\/\"},{\"@type\":\"ListItem\",\"position\":2,\"name\":\"Shop\",\"item\":\"https:\/\/westjysk-coins.com\/en\/shop\/\"},{\"@type\":\"ListItem\",\"position\":3,\"name\":\"1962 5 cents Fre.lX Kva.0-S\"}]},{\"@type\":\"WebSite\",\"@id\":\"https:\/\/westjysk-coins.webserver1.dk\/#website\",\"url\":\"https:\/\/westjysk-coins.webserver1.dk\/\",\"name\":\"Westjysk Coins\",\"description\":\"K\u00f8b, salg og vurderinger af gamle m\u00f8nter, sedler, guld og s\u00f8lv, b\u00e5de danske og udlandske\",\"publisher\":{\"@id\":\"https:\/\/westjysk-coins.webserver1.dk\/#organization\"},\"potentialAction\":[{\"@type\":\"SearchAction\",\"target\":{\"@type\":\"EntryPoint\",\"urlTemplate\":\"https:\/\/westjysk-coins.webserver1.dk\/?s={search_term_string}\"},\"query-input\":{\"@type\":\"PropertyValueSpecification\",\"valueRequired\":true,\"valueName\":\"search_term_string\"}}],\"inLanguage\":\"en-US\"},{\"@type\":\"Organization\",\"@id\":\"https:\/\/westjysk-coins.webserver1.dk\/#organization\",\"name\":\"Westjysk Coins\",\"url\":\"https:\/\/westjysk-coins.webserver1.dk\/\",\"logo\":{\"@type\":\"ImageObject\",\"inLanguage\":\"en-US\",\"@id\":\"https:\/\/westjysk-coins.webserver1.dk\/#\/schema\/logo\/image\/\",\"url\":\"https:\/\/westjysk-coins.com\/wp-content\/uploads\/2024\/01\/westjysk-logo.svg\",\"contentUrl\":\"https:\/\/westjysk-coins.com\/wp-content\/uploads\/2024\/01\/westjysk-logo.svg\",\"width\":312,\"height\":44,\"caption\":\"Westjysk Coins\"},\"image\":{\"@id\":\"https:\/\/westjysk-coins.webserver1.dk\/#\/schema\/logo\/image\/\"}}]}<\/script>\n<!-- \/ Yoast SEO plugin. -->","yoast_head_json":{"title":"1962 5 cents Fre.lX Kva.0-S | Westjysk Coins","robots":{"index":"index","follow":"follow","max-snippet":"max-snippet:-1","max-image-preview":"max-image-preview:large","max-video-preview":"max-video-preview:-1"},"canonical":"https:\/\/westjysk-coins.com\/product\/1962-5-cents-fre-lx-kva-0-s-2\/","og_locale":"en_US","og_type":"article","og_title":"1962 5 cents Fre.lX Kva.0-S | Westjysk Coins","og_description":"Sieg 7.1 Hede 15A Die gloss, Stems from Kgl. Coin set","og_url":"https:\/\/westjysk-coins.com\/product\/1962-5-cents-fre-lx-kva-0-s-2\/","og_site_name":"Westjysk Coins","twitter_card":"summary_large_image","schema":{"@context":"https:\/\/schema.org","@graph":[{"@type":"WebPage","@id":"https:\/\/westjysk-coins.com\/product\/1962-5-cents-fre-lx-kva-0-s-2\/","url":"https:\/\/westjysk-coins.com\/product\/1962-5-cents-fre-lx-kva-0-s-2\/","name":"1962 5 cents Fre.lX Kva.0-S | Westjysk Coins","isPartOf":{"@id":"https:\/\/westjysk-coins.webserver1.dk\/#website"},"primaryImageOfPage":{"@id":"https:\/\/westjysk-coins.com\/product\/1962-5-cents-fre-lx-kva-0-s-2\/#primaryimage"},"image":{"@id":"https:\/\/westjysk-coins.com\/product\/1962-5-cents-fre-lx-kva-0-s-2\/#primaryimage"},"thumbnailUrl":"https:\/\/westjysk-coins.com\/wp-content\/uploads\/2024\/06\/Photoroom_048_20240624_213252.jpeg","datePublished":"2024-06-24T20:26:22+00:00","breadcrumb":{"@id":"https:\/\/westjysk-coins.com\/product\/1962-5-cents-fre-lx-kva-0-s-2\/#breadcrumb"},"inLanguage":"en-US","potentialAction":[{"@type":"ReadAction","target":["https:\/\/westjysk-coins.com\/product\/1962-5-cents-fre-lx-kva-0-s-2\/"]}]},{"@type":"ImageObject","inLanguage":"en-US","@id":"https:\/\/westjysk-coins.com\/product\/1962-5-cents-fre-lx-kva-0-s-2\/#primaryimage","url":"https:\/\/westjysk-coins.com\/wp-content\/uploads\/2024\/06\/Photoroom_048_20240624_213252.jpeg","contentUrl":"https:\/\/westjysk-coins.com\/wp-content\/uploads\/2024\/06\/Photoroom_048_20240624_213252.jpeg","width":1512,"height":1512},{"@type":"BreadcrumbList","@id":"https:\/\/westjysk-coins.com\/product\/1962-5-cents-fre-lx-kva-0-s-2\/#breadcrumb","itemListElement":[{"@type":"ListItem","position":1,"name":"Forside","item":"https:\/\/westjysk-coins.com\/"},{"@type":"ListItem","position":2,"name":"Shop","item":"https:\/\/westjysk-coins.com\/en\/shop\/"},{"@type":"ListItem","position":3,"name":"1962 5 cents Fre.lX Kva.0-S"}]},{"@type":"WebSite","@id":"https:\/\/westjysk-coins.webserver1.dk\/#website","url":"https:\/\/westjysk-coins.webserver1.dk\/","name":"Westjysk Coins","description":"K\u00f8b, salg og vurderinger af gamle m\u00f8nter, sedler, guld og s\u00f8lv, b\u00e5de danske og udlandske","publisher":{"@id":"https:\/\/westjysk-coins.webserver1.dk\/#organization"},"potentialAction":[{"@type":"SearchAction","target":{"@type":"EntryPoint","urlTemplate":"https:\/\/westjysk-coins.webserver1.dk\/?s={search_term_string}"},"query-input":{"@type":"PropertyValueSpecification","valueRequired":true,"valueName":"search_term_string"}}],"inLanguage":"en-US"},{"@type":"Organization","@id":"https:\/\/westjysk-coins.webserver1.dk\/#organization","name":"Westjysk Coins","url":"https:\/\/westjysk-coins.webserver1.dk\/","logo":{"@type":"ImageObject","inLanguage":"en-US","@id":"https:\/\/westjysk-coins.webserver1.dk\/#\/schema\/logo\/image\/","url":"https:\/\/westjysk-coins.com\/wp-content\/uploads\/2024\/01\/westjysk-logo.svg","contentUrl":"https:\/\/westjysk-coins.com\/wp-content\/uploads\/2024\/01\/westjysk-logo.svg","width":312,"height":44,"caption":"Westjysk Coins"},"image":{"@id":"https:\/\/westjysk-coins.webserver1.dk\/#\/schema\/logo\/image\/"}}]}},"_links":{"self":[{"href":"https:\/\/westjysk-coins.com\/en\/wp-json\/wp\/v2\/product\/15563","targetHints":{"allow":["GET"]}}],"collection":[{"href":"https:\/\/westjysk-coins.com\/en\/wp-json\/wp\/v2\/product"}],"about":[{"href":"https:\/\/westjysk-coins.com\/en\/wp-json\/wp\/v2\/types\/product"}],"replies":[{"embeddable":true,"href":"https:\/\/westjysk-coins.com\/en\/wp-json\/wp\/v2\/comments?post=15563"}],"wp:featuredmedia":[{"embeddable":true,"href":"https:\/\/westjysk-coins.com\/en\/wp-json\/wp\/v2\/media\/10556"}],"wp:attachment":[{"href":"https:\/\/westjysk-coins.com\/en\/wp-json\/wp\/v2\/media?parent=15563"}],"wp:term":[{"taxonomy":"product_brand","embeddable":true,"href":"https:\/\/westjysk-coins.com\/en\/wp-json\/wp\/v2\/product_brand?post=15563"},{"taxonomy":"product_cat","embeddable":true,"href":"https:\/\/westjysk-coins.com\/en\/wp-json\/wp\/v2\/product_cat?post=15563"},{"taxonomy":"product_tag","embeddable":true,"href":"https:\/\/westjysk-coins.com\/en\/wp-json\/wp\/v2\/product_tag?post=15563"}],"curies":[{"name":"wp","href":"https:\/\/api.w.org\/{rel}","templated":true}]}}